{"id":11420,"date":"2018-12-02T11:39:28","date_gmt":"2018-12-02T17:39:28","guid":{"rendered":"https:\/\/ladyloveseo.com\/portefeuille\/"},"modified":"2025-08-06T06:23:22","modified_gmt":"2025-08-06T11:23:22","slug":"portefeuille","status":"publish","type":"page","link":"https:\/\/ladyloveseo.com\/fr\/portefeuille\/","title":{"rendered":"Portefeuille"},"content":{"rendered":"<div class=\"wpb-content-wrapper\">[vc_row ct_row_stretch=\u00a0\u00bb\u00a0\u00bb][vc_column][rev_slider_vc alias=\u00a0\u00bbportfolio\u00a0\u00bb el_class=\u00a0\u00bbportfolio slider\u00a0\u00bb][vc_column_text css=\u00a0\u00bb.vc_custom_1543857791352{margin-top: 30px !important;}\u00a0\u00bb]\n<div class=\"text-center\">Si vous g\u00e9rez une agence d&rsquo;escortes ou des clubs pour adultes proposant des massages sensuels, des stripteaseuses, des \u00e9v\u00e9nements pour adultes ou des services d&rsquo;escortes \u00e0 domicile et en d\u00e9placement, vous pouvez b\u00e9n\u00e9ficier des services SEO les plus efficaces et performants avec nous. Lady Love utilise toujours les technologies, plateformes et techniques les plus avanc\u00e9es pour garantir que notre travail reste aussi efficace qu&rsquo;\u00e0 nos d\u00e9buts.<br \/>Nous restons en contact \u00e9troit avec nos clients \u00e0 tout moment, veillant \u00e0 ce qu&rsquo;ils soient inform\u00e9s de chacune de nos actions lorsque nous travaillons pour atteindre leurs objectifs. Notre capacit\u00e9 \u00e0 nous adapter \u00e0 chaque client avec lequel nous travaillons est un atout in\u00e9galable.  <\/div>\n[\/vc_column_text][\/vc_column][\/vc_row][vc_row ct_row_stretch=\u00a0\u00bb\u00a0\u00bb][vc_column]<div class=\"crane-portfolio-widget loading crane-portfolio-layout-grid crane-column-4 crane-portfolio-hover-3 crane-portfolio-ratio_1x1 crane-portfolio-style-modern\" data-params=\"{&quot;layout&quot;:&quot;grid&quot;,&quot;layout_mode&quot;:&quot;fitRows&quot;,&quot;img_proportion&quot;:&quot;1x1&quot;,&quot;style&quot;:&quot;modern&quot;,&quot;image_resolution&quot;:&quot;crane-portfolio-600&quot;,&quot;hover_style&quot;:&quot;3&quot;,&quot;grid_spacing&quot;:&quot;30&quot;,&quot;columns&quot;:&quot;4&quot;,&quot;max_width&quot;:&quot;768&quot;,&quot;posts_limit&quot;:&quot;0&quot;,&quot;show_title_description&quot;:&quot;&quot;,&quot;show_categories&quot;:&quot;&quot;,&quot;show_custom_text&quot;:&quot;&quot;,&quot;show_excerpt&quot;:&quot;true&quot;,&quot;excerpt_strip_html&quot;:&quot;&quot;,&quot;excerpt_height&quot;:&quot;170&quot;,&quot;show_read_more&quot;:&quot;&quot;,&quot;show_imgtags&quot;:&quot;text&quot;,&quot;sortable&quot;:&quot;true&quot;,&quot;sortable_style&quot;:&quot;in_grid&quot;,&quot;pagination_type&quot;:&quot;show_more&quot;,&quot;show_more_text&quot;:&quot;Afficher plus&quot;,&quot;pagination_use_custom_font&quot;:&quot;&quot;,&quot;pagination_color&quot;:&quot;#ffffff&quot;,&quot;pagination_background&quot;:&quot;#393b3f&quot;,&quot;pagination_color_hover&quot;:&quot;#ffffff&quot;,&quot;pagination_background_hover&quot;:&quot;#93cb52&quot;,&quot;author&quot;:&quot;&quot;,&quot;category&quot;:&quot;&quot;,&quot;tag&quot;:&quot;&quot;,&quot;order&quot;:&quot;ASC&quot;,&quot;orderby&quot;:&quot;post_date&quot;,&quot;show_custom_order&quot;:&quot;&quot;,&quot;target&quot;:&quot;blank&quot;,&quot;image_resolution_for_link&quot;:&quot;full&quot;,&quot;direction_aware_color&quot;:&quot;rgba(0,0,0,0.5)&quot;,&quot;shuffle_text&quot;:&quot;View project&quot;,&quot;sortable_align&quot;:&quot;center&quot;,&quot;sortable_width&quot;:&quot;&quot;,&quot;sortable_background_color&quot;:&quot;&quot;,&quot;sortable_text_color&quot;:&quot;&quot;,&quot;pagination_google_fonts&quot;:&quot;&quot;,&quot;pagination_font_container&quot;:&quot;&quot;,&quot;pagination_text_transform&quot;:&quot;none&quot;}\"><div class=\"portfolio-filters portfolio-filters--width- portfolio-filters--style-in_grid portfolio-filters--align-center\"><div class=\"portfolio-filters-group\" > <button class=\"active portfolio-filters-btn\" data-filter = \"*\" data-count=\"8\"> All <\/button > <button class=\"portfolio-filters-btn\" data-filter=\".cat__conception-web\" data-cat_slug=\"conception-web\" data-count=\"1\">Conception web<\/button><button class=\"portfolio-filters-btn\" data-filter=\".cat__creation-de-liens\" data-cat_slug=\"creation-de-liens\" data-count=\"5\">Cr\u00e9ation de liens<\/button><button class=\"portfolio-filters-btn\" data-filter=\".cat__optimisation-gmb\" data-cat_slug=\"optimisation-gmb\" data-count=\"2\">Optimisation GMB<\/button><button class=\"portfolio-filters-btn\" data-filter=\".cat__seo-fr\" data-cat_slug=\"seo-fr\" data-count=\"3\">SEO<\/button>\t<\/div > <\/div > <select class=\"portfolio-filters-select\"><option class=\"active portfolio-filters-btn\" data-filter = \"*\" value=\"*\" data-count=\"8\"> All <\/option > <option class=\"portfolio-filters-btn\" data-filter=\".cat__conception-web\" value=\".cat__conception-web\" data-cat_slug=\"conception-web\" data-count=\"1\">Conception web<\/option><option class=\"portfolio-filters-btn\" data-filter=\".cat__creation-de-liens\" value=\".cat__creation-de-liens\" data-cat_slug=\"creation-de-liens\" data-count=\"5\">Cr\u00e9ation de liens<\/option><option class=\"portfolio-filters-btn\" data-filter=\".cat__optimisation-gmb\" value=\".cat__optimisation-gmb\" data-cat_slug=\"optimisation-gmb\" data-count=\"2\">Optimisation GMB<\/option><option class=\"portfolio-filters-btn\" data-filter=\".cat__seo-fr\" value=\".cat__seo-fr\" data-cat_slug=\"seo-fr\" data-count=\"3\">SEO<\/option><\/select > <div class=\"crane-portfolio-grid-wrapper\"><div class=\"crane-portfolio-grid\"><div class=\"crane-portfolio-grid-item cat__seo-fr\" data-id=\"11429\"><div class=\"crane-portfolio-grid-item-wrapper\"><div class=\"crane-portfolio-grid-item-placeholder-wrapper\"><div class=\"crane-portfolio-grid-item-placeholder lazyload\"  data-bg=\"https:\/\/i0.wp.com\/ladyloveseo.com\/wp-content\/uploads\/2015\/10\/escorts-milan-min.jpg?resize=600%2C600&#038;ssl=1\"><img data-src=\"https:\/\/i0.wp.com\/ladyloveseo.com\/wp-content\/uploads\/2015\/10\/escorts-milan-min.jpg?resize=600%2C600&#038;ssl=1\" class=\"crane-portfolio-grid-img lazyload\" alt=\"Escorts de Milan\"><\/div><\/div><\/div><\/div><div class=\"crane-portfolio-grid-item cat__creation-de-liens cat__optimisation-gmb\" data-id=\"11440\"><div class=\"crane-portfolio-grid-item-wrapper\"><div class=\"crane-portfolio-grid-item-placeholder-wrapper\"><div class=\"crane-portfolio-grid-item-placeholder lazyload\"  data-bg=\"https:\/\/i0.wp.com\/ladyloveseo.com\/wp-content\/uploads\/2015\/10\/vienna-diva-escorts-min.jpg?resize=600%2C600&#038;ssl=1\"><img data-src=\"https:\/\/i0.wp.com\/ladyloveseo.com\/wp-content\/uploads\/2015\/10\/vienna-diva-escorts-min.jpg?resize=600%2C600&#038;ssl=1\" class=\"crane-portfolio-grid-img lazyload\" alt=\"Escorts Vienna Diva\"><\/div><\/div><\/div><\/div><div class=\"crane-portfolio-grid-item cat__creation-de-liens\" data-id=\"11441\"><div class=\"crane-portfolio-grid-item-wrapper\"><div class=\"crane-portfolio-grid-item-placeholder-wrapper\"><div class=\"crane-portfolio-grid-item-placeholder lazyload\"  data-bg=\"https:\/\/i0.wp.com\/ladyloveseo.com\/wp-content\/uploads\/2019\/01\/source-vixens.jpg?resize=600%2C600&#038;ssl=1\"><img data-src=\"https:\/\/i0.wp.com\/ladyloveseo.com\/wp-content\/uploads\/2019\/01\/source-vixens.jpg?resize=600%2C600&#038;ssl=1\" class=\"crane-portfolio-grid-img lazyload\" alt=\"Renardes sources\"><\/div><\/div><\/div><\/div><div class=\"crane-portfolio-grid-item cat__creation-de-liens\" data-id=\"11442\"><div class=\"crane-portfolio-grid-item-wrapper\"><div class=\"crane-portfolio-grid-item-placeholder-wrapper\"><div class=\"crane-portfolio-grid-item-placeholder lazyload\"  data-bg=\"https:\/\/i0.wp.com\/ladyloveseo.com\/wp-content\/uploads\/2019\/01\/emma-moore-min.jpg?resize=600%2C600&#038;ssl=1\"><img data-src=\"https:\/\/i0.wp.com\/ladyloveseo.com\/wp-content\/uploads\/2019\/01\/emma-moore-min.jpg?resize=600%2C600&#038;ssl=1\" class=\"crane-portfolio-grid-img lazyload\" alt=\"Emma Moore\"><\/div><\/div><\/div><\/div><div class=\"crane-portfolio-grid-item cat__seo-fr\" data-id=\"11437\"><div class=\"crane-portfolio-grid-item-wrapper\"><div class=\"crane-portfolio-grid-item-placeholder-wrapper\"><div class=\"crane-portfolio-grid-item-placeholder lazyload\"  data-bg=\"https:\/\/i0.wp.com\/ladyloveseo.com\/wp-content\/uploads\/2019\/01\/escort-dubai.jpg?resize=600%2C600&#038;ssl=1\"><img data-src=\"https:\/\/i0.wp.com\/ladyloveseo.com\/wp-content\/uploads\/2019\/01\/escort-dubai.jpg?resize=600%2C600&#038;ssl=1\" class=\"crane-portfolio-grid-img lazyload\" alt=\"Escort Duba\u00ef\"><\/div><\/div><\/div><\/div><div class=\"crane-portfolio-grid-item cat__creation-de-liens\" data-id=\"11438\"><div class=\"crane-portfolio-grid-item-wrapper\"><div class=\"crane-portfolio-grid-item-placeholder-wrapper\"><div class=\"crane-portfolio-grid-item-placeholder lazyload\"  data-bg=\"https:\/\/i0.wp.com\/ladyloveseo.com\/wp-content\/uploads\/2019\/01\/fantasie-escort-min.jpg?resize=600%2C600&#038;ssl=1\"><img data-src=\"https:\/\/i0.wp.com\/ladyloveseo.com\/wp-content\/uploads\/2019\/01\/fantasie-escort-min.jpg?resize=600%2C600&#038;ssl=1\" class=\"crane-portfolio-grid-img lazyload\" alt=\"Escorts fantaisie\"><\/div><\/div><\/div><\/div><div class=\"crane-portfolio-grid-item cat__conception-web cat__creation-de-liens\" data-id=\"11439\"><div class=\"crane-portfolio-grid-item-wrapper\"><div class=\"crane-portfolio-grid-item-placeholder-wrapper\"><div class=\"crane-portfolio-grid-item-placeholder lazyload\"  data-bg=\"https:\/\/i0.wp.com\/ladyloveseo.com\/wp-content\/uploads\/2019\/01\/garden-of-eden-escorts-min.jpg?resize=600%2C600&#038;ssl=1\"><img data-src=\"https:\/\/i0.wp.com\/ladyloveseo.com\/wp-content\/uploads\/2019\/01\/garden-of-eden-escorts-min.jpg?resize=600%2C600&#038;ssl=1\" class=\"crane-portfolio-grid-img lazyload\" alt=\"Escorts Garden of Eden\"><\/div><\/div><\/div><\/div><div class=\"crane-portfolio-grid-item cat__optimisation-gmb cat__seo-fr\" data-id=\"11443\"><div class=\"crane-portfolio-grid-item-wrapper\"><div class=\"crane-portfolio-grid-item-placeholder-wrapper\"><div class=\"crane-portfolio-grid-item-placeholder lazyload\"  data-bg=\"https:\/\/i0.wp.com\/ladyloveseo.com\/wp-content\/uploads\/2019\/01\/erotic-modal-massage-min.jpg?resize=600%2C600&#038;ssl=1\"><img data-src=\"https:\/\/i0.wp.com\/ladyloveseo.com\/wp-content\/uploads\/2019\/01\/erotic-modal-massage-min.jpg?resize=600%2C600&#038;ssl=1\" class=\"crane-portfolio-grid-img lazyload\" alt=\"Massage \u00e9rotique modal\"><\/div><\/div><\/div><\/div><\/div><\/div><\/div><div class=\"ult-spacer spacer-69e01a0cc5d76\" data-id=\"69e01a0cc5d76\" data-height=\"10\" data-height-mobile=\"10\" data-height-tab=\"10\" data-height-tab-portrait=\"\" data-height-mobile-landscape=\"\" style=\"clear:both;display:block;\"><\/div>[\/vc_column][\/vc_row]\n<\/div>","protected":false},"excerpt":{"rendered":"<p>[vc_row ct_row_stretch=\u00a0\u00bb\u00a0\u00bb][vc_column][rev_slider_vc alias=\u00a0\u00bbportfolio\u00a0\u00bb el_class=\u00a0\u00bbportfolio slider\u00a0\u00bb][vc_column_text css=\u00a0\u00bb.vc_custom_1543857791352{margin-top: 30px !important;}\u00a0\u00bb] Si vous g\u00e9rez une agence d&rsquo;escortes ou des clubs pour adultes proposant des massages sensuels, des stripteaseuses, des \u00e9v\u00e9nements pour adultes ou des services d&rsquo;escortes \u00e0 domicile et en d\u00e9placement, vous pouvez b\u00e9n\u00e9ficier des services SEO les plus efficaces et performants avec nous. Lady Love utilise toujours &#8230;<\/p>\n","protected":false},"author":1,"featured_media":0,"parent":0,"menu_order":0,"comment_status":"closed","ping_status":"closed","template":"","meta":{"footnotes":""},"class_list":["post-11420","page","type-page","status-publish","hentry"],"jetpack_sharing_enabled":true,"_links":{"self":[{"href":"https:\/\/ladyloveseo.com\/fr\/wp-json\/wp\/v2\/pages\/11420","targetHints":{"allow":["GET"]}}],"collection":[{"href":"https:\/\/ladyloveseo.com\/fr\/wp-json\/wp\/v2\/pages"}],"about":[{"href":"https:\/\/ladyloveseo.com\/fr\/wp-json\/wp\/v2\/types\/page"}],"author":[{"embeddable":true,"href":"https:\/\/ladyloveseo.com\/fr\/wp-json\/wp\/v2\/users\/1"}],"replies":[{"embeddable":true,"href":"https:\/\/ladyloveseo.com\/fr\/wp-json\/wp\/v2\/comments?post=11420"}],"version-history":[{"count":2,"href":"https:\/\/ladyloveseo.com\/fr\/wp-json\/wp\/v2\/pages\/11420\/revisions"}],"predecessor-version":[{"id":11422,"href":"https:\/\/ladyloveseo.com\/fr\/wp-json\/wp\/v2\/pages\/11420\/revisions\/11422"}],"wp:attachment":[{"href":"https:\/\/ladyloveseo.com\/fr\/wp-json\/wp\/v2\/media?parent=11420"}],"curies":[{"name":"wp","href":"https:\/\/api.w.org\/{rel}","templated":true}]}}