{"id":11423,"date":"2018-12-25T06:36:09","date_gmt":"2018-12-25T12:36:09","guid":{"rendered":"https:\/\/ladyloveseo.com\/services-de-developpement-wordpress-pour-clubs-descortes-maisons-closes-et-agences\/"},"modified":"2025-08-06T06:26:04","modified_gmt":"2025-08-06T11:26:04","slug":"services-de-developpement-wordpress-pour-clubs-descortes-maisons-closes-et-agences","status":"publish","type":"page","link":"https:\/\/ladyloveseo.com\/fr\/services\/services-de-developpement-wordpress-pour-clubs-descortes-maisons-closes-et-agences\/","title":{"rendered":"Services de d\u00e9veloppement WordPress pour clubs d&rsquo;escortes, maisons closes et agences"},"content":{"rendered":"<div class=\"wpb-content-wrapper\">[vc_row ct_row_stretch=\u00a0\u00bb\u00a0\u00bb css=\u00a0\u00bb.vc_custom_1543906707815{margin-top: 40px !important;}\u00a0\u00bb][vc_column width=\u00a0\u00bb2\/3&Prime;]<div id=\"ultimate-heading-729569e018da3056b\" class=\"uvc-heading ult-adjust-bottom-margin ultimate-heading-729569e018da3056b uvc-8364 \" data-hspacer=\"line_only\"  data-halign=\"left\" style=\"text-align:left\"><div class=\"uvc-main-heading ult-responsive\"  data-ultimate-target='.uvc-heading.ultimate-heading-729569e018da3056b h1'  data-responsive-json-new='{\"font-size\":\"desktop:30px;\",\"line-height\":\"\"}' ><h1 style=\"font-weight:bold;\">Services de d\u00e9veloppement de sites web pour clubs d&#039;escortes, maisons closes et agences<\/h1><\/div><div class=\"uvc-heading-spacer line_only\" style=\"margin-top:2px;margin-bottom:20px;height:6px;\"><span class=\"uvc-headings-line\" style=\"border-style:double;border-bottom-width:6px;border-color:#ff0000;width:100px;\"><\/span><\/div><div class=\"uvc-sub-heading ult-responsive\"  data-ultimate-target='.uvc-heading.ultimate-heading-729569e018da3056b .uvc-sub-heading '  data-responsive-json-new='{\"font-size\":\"desktop:16px;\",\"line-height\":\"desktop:30px;\"}'  style=\"font-weight:normal;\">WordPress est la marque la plus appr\u00e9ci\u00e9e dans le d\u00e9veloppement de sites web, la gestion et les CMS (syst\u00e8mes de gestion de contenu). Maintenant, si vous exploitez une entreprise et souhaitez cr\u00e9er un site web mais que vous n&rsquo;avez pas les ressources pour g\u00e9rer votre site web et vos blogs. Vous n&rsquo;avez pas \u00e0 vous soucier de ce probl\u00e8me. Engagez un d\u00e9veloppeur WordPress et confiez-lui tout ce que vous souhaitez mettre sur votre site web. L&rsquo;externalisation de ce type est aujourd&rsquo;hui une tendance dans le domaine commercial.<\/p>\n<p>Eh bien, si vous \u00eates dans le secteur de l&rsquo;escorte et avez besoin d&rsquo;engager des services WordPress professionnels, nous aimerions vous informer que LadyLoveSEO est l&rsquo;une des plateformes fiables pour vous.<\/div><\/div>[\/vc_column][vc_column width=\u00a0\u00bb1\/3&Prime; css=\u00a0\u00bb.vc_custom_1543907843111{margin-top: 20px !important;}\u00a0\u00bb][vc_single_image image=\u00a0\u00bb8946&Prime; img_size=\u00a0\u00bbmedium\u00a0\u00bb][\/vc_column][\/vc_row][vc_row ct_row_stretch=\u00a0\u00bb\u00a0\u00bb bg_type=\u00a0\u00bbbg_color\u00a0\u00bb css=\u00a0\u00bb.vc_custom_1543917683383{margin-top: 40px !important;padding-top: 50px !important;padding-bottom: 30px !important;}\u00a0\u00bb bg_color_value=\u00a0\u00bb#d6d6d6&Prime;][vc_column]<div id=\"ultimate-heading-828769e018da305a4\" class=\"uvc-heading ult-adjust-bottom-margin ultimate-heading-828769e018da305a4 uvc-1279 \" data-hspacer=\"line_only\"  data-halign=\"center\" style=\"text-align:center\"><div class=\"uvc-main-heading ult-responsive\"  data-ultimate-target='.uvc-heading.ultimate-heading-828769e018da305a4 h2'  data-responsive-json-new='{\"font-size\":\"desktop:30px;\",\"line-height\":\"\"}' ><h2 style=\"font-weight:bold;\">Qu&#039;est-ce qui nous rend meilleurs que les autres ?<\/h2><\/div><div class=\"uvc-heading-spacer line_only\" style=\"margin-top:2px;margin-bottom:20px;height:6px;\"><span class=\"uvc-headings-line\" style=\"border-style:double;border-bottom-width:6px;border-color:#ff0000;width:100px;\"><\/span><\/div><div class=\"uvc-sub-heading ult-responsive\"  data-ultimate-target='.uvc-heading.ultimate-heading-828769e018da305a4 .uvc-sub-heading '  data-responsive-json-new='{\"font-size\":\"desktop:16px;\",\"line-height\":\"desktop:30px;\"}'  style=\"font-weight:normal;\">\n<p style=\"text-align: center;\">Parmi un grand nombre de programmeurs, notre \u00e9quipe d\u00e9di\u00e9e est la meilleure. En tant que d\u00e9veloppeurs WordPress d\u00e9di\u00e9s, nous repoussons les limites, allons au-del\u00e0 de ces bases et apportons des innovations dans vos projets. Nous nous concentrons toujours sur les tendances avanc\u00e9es ainsi que sur les technologies les plus r\u00e9centes de WordPress, afin de rester en avance sur nos pairs. Voici les principales qualit\u00e9s qui rendent notre \u00e9quipe sup\u00e9rieure :<\/p>\n<\/div><\/div>[vc_row_inner][vc_column_inner width=\u00a0\u00bb1\/3&Prime;][vc_column_text css=\u00a0\u00bb.vc_custom_1554267339602{margin-top: 30px !important;padding-top: 20px !important;padding-right: 20px !important;padding-bottom: 20px !important;padding-left: 20px !important;background-color: #ffffff !important;}\u00a0\u00bb]\n<h4 style=\"text-align: center;\"><strong>Techniquement solides<\/strong><\/h4>\n<p style=\"text-align: center;\">Avoir une bonne connaissance de diverses technologies et \u00eatre capable de cr\u00e9er des chefs-d&rsquo;\u0153uvre sont les fondements de bons d\u00e9veloppeurs WordPress. C&rsquo;est la raison pour laquelle nous n&#8217;employons que des professionnels techniquement solides qui ont une large connaissance de WordPress, PHP et MySQL, et peuvent \u00e9tablir l&rsquo;environnement de d\u00e9veloppement local ainsi qu&rsquo;op\u00e9rer la compilation nocturne.<\/p>\n[\/vc_column_text][\/vc_column_inner][vc_column_inner width=\u00a0\u00bb1\/3&Prime;][vc_column_text css=\u00a0\u00bb.vc_custom_1554267277420{margin-top: 30px !important;padding-top: 20px !important;padding-right: 20px !important;padding-bottom: 20px !important;padding-left: 20px !important;background-color: #ffffff !important;}\u00a0\u00bb]\n<p style=\"text-align: center;\"><strong>Mentalit\u00e9 d&rsquo;apprenant<\/strong><\/p>\n<p style=\"text-align: center;\">Nous comprenons parfaitement que les versions de WordPress \u00e9voluent constamment et l&rsquo;environnement aussi. En tant que bon d\u00e9veloppeur WordPress, nous suivons toujours de pr\u00e8s les derni\u00e8res tendances de s\u00e9curit\u00e9, designs et technologies pour cr\u00e9er des sites web qui sont \u00e0 la fois stables et modernes ! Le portail web et l&rsquo;apparence sont aussi l&rsquo;image du d\u00e9veloppeur, donc s&rsquo;ils montrent aux visiteurs un portail bogu\u00e9 ou un look d\u00e9pass\u00e9, leur image de marque doit \u00eatre ternie ! Et c&rsquo;est ce que vous pouvez trouver avec nous.<\/p>\n[\/vc_column_text][\/vc_column_inner][vc_column_inner width=\u00a0\u00bb1\/3&Prime;][vc_column_text css=\u00a0\u00bb.vc_custom_1554267306121{margin-top: 30px !important;padding-top: 20px !important;padding-right: 20px !important;padding-bottom: 20px !important;padding-left: 20px !important;background-color: #ffffff !important;}\u00a0\u00bb]\n<p style=\"text-align: center;\"><strong>Solides comp\u00e9tences de planification<\/strong><\/p>\n<p style=\"text-align: center;\">La capacit\u00e9 de nos professionnels \u00e0 r\u00e9soudre un d\u00e9sordre et \u00e0 cr\u00e9er quelque chose de diff\u00e9rent \u00e0 partir de rien est une excellente caract\u00e9ristique de notre \u00e9quipe de d\u00e9veloppeurs. Ils ne gaspillent jamais leur temps ou leur \u00e9nergie. Avant de mettre en \u0153uvre leur id\u00e9e, ils \u00e9tablissent un planning appropri\u00e9 et fixent les objectifs.<\/p>\n[\/vc_column_text][\/vc_column_inner][\/vc_row_inner][vc_row_inner][vc_column_inner]<div id=\"ultimate-heading-680469e018da305c2\" class=\"uvc-heading ult-adjust-bottom-margin ultimate-heading-680469e018da305c2 uvc-9511 \" data-hspacer=\"no_spacer\"  data-halign=\"left\" style=\"text-align:left\"><div class=\"uvc-heading-spacer no_spacer\" style=\"top\"><\/div><div class=\"uvc-sub-heading ult-responsive\"  data-ultimate-target='.uvc-heading.ultimate-heading-680469e018da305c2 .uvc-sub-heading '  data-responsive-json-new='{\"font-size\":\"desktop:16px;\",\"line-height\":\"desktop:30px;\"}'  style=\"font-weight:normal;margin-top:30px;\">Nous ma\u00eetrisons diverses technologies li\u00e9es \u00e0 WordPress, par exemple les plugins, les c\u0153urs et diff\u00e9rents th\u00e8mes, pour bien cr\u00e9er un site web WordPress. Un bon ensemble de comp\u00e9tences techniques nous rend sup\u00e9rieurs aux autres.<\/p>\n<p>Pour toutes ces raisons, les services de d\u00e9veloppement WordPress de LadyLove SEO sont consid\u00e9r\u00e9s comme les meilleurs et les meilleurs \u00e0 engager !<\/div><\/div>[\/vc_column_inner][\/vc_row_inner][\/vc_column][\/vc_row]\n<\/div>","protected":false},"excerpt":{"rendered":"<p>[vc_row ct_row_stretch=\u00a0\u00bb\u00a0\u00bb css=\u00a0\u00bb.vc_custom_1543906707815{margin-top: 40px !important;}\u00a0\u00bb][vc_column width=\u00a0\u00bb2\/3&Prime;][\/vc_column][vc_column width=\u00a0\u00bb1\/3&Prime; css=\u00a0\u00bb.vc_custom_1543907843111{margin-top: 20px !important;}\u00a0\u00bb][vc_single_image image=\u00a0\u00bb8946&Prime; img_size=\u00a0\u00bbmedium\u00a0\u00bb][\/vc_column][\/vc_row][vc_row ct_row_stretch=\u00a0\u00bb\u00a0\u00bb bg_type=\u00a0\u00bbbg_color\u00a0\u00bb css=\u00a0\u00bb.vc_custom_1543917683383{margin-top: 40px !important;padding-top: 50px !important;padding-bottom: 30px !important;}\u00a0\u00bb bg_color_value=\u00a0\u00bb#d6d6d6&Prime;][vc_column][vc_row_inner][vc_column_inner width=\u00a0\u00bb1\/3&Prime;][vc_column_text css=\u00a0\u00bb.vc_custom_1554267339602{margin-top: 30px !important;padding-top: 20px !important;padding-right: 20px !important;padding-bottom: 20px !important;padding-left: 20px !important;background-color: #ffffff !important;}\u00a0\u00bb] Techniquement solides Avoir une bonne connaissance de diverses technologies et \u00eatre capable de cr\u00e9er des chefs-d&rsquo;\u0153uvre sont les fondements &#8230;<\/p>\n","protected":false},"author":1,"featured_media":0,"parent":11453,"menu_order":0,"comment_status":"closed","ping_status":"closed","template":"","meta":{"footnotes":""},"class_list":["post-11423","page","type-page","status-publish","hentry"],"jetpack_sharing_enabled":true,"_links":{"self":[{"href":"https:\/\/ladyloveseo.com\/fr\/wp-json\/wp\/v2\/pages\/11423","targetHints":{"allow":["GET"]}}],"collection":[{"href":"https:\/\/ladyloveseo.com\/fr\/wp-json\/wp\/v2\/pages"}],"about":[{"href":"https:\/\/ladyloveseo.com\/fr\/wp-json\/wp\/v2\/types\/page"}],"author":[{"embeddable":true,"href":"https:\/\/ladyloveseo.com\/fr\/wp-json\/wp\/v2\/users\/1"}],"replies":[{"embeddable":true,"href":"https:\/\/ladyloveseo.com\/fr\/wp-json\/wp\/v2\/comments?post=11423"}],"version-history":[{"count":2,"href":"https:\/\/ladyloveseo.com\/fr\/wp-json\/wp\/v2\/pages\/11423\/revisions"}],"predecessor-version":[{"id":11425,"href":"https:\/\/ladyloveseo.com\/fr\/wp-json\/wp\/v2\/pages\/11423\/revisions\/11425"}],"up":[{"embeddable":true,"href":"https:\/\/ladyloveseo.com\/fr\/wp-json\/wp\/v2\/pages\/11453"}],"wp:attachment":[{"href":"https:\/\/ladyloveseo.com\/fr\/wp-json\/wp\/v2\/media?parent=11423"}],"curies":[{"name":"wp","href":"https:\/\/api.w.org\/{rel}","templated":true}]}}