{"id":11447,"date":"2015-07-01T12:30:01","date_gmt":"2015-07-01T17:30:01","guid":{"rendered":"https:\/\/ladyloveseo.com\/forfaits-seo-adultes\/"},"modified":"2025-08-06T06:25:24","modified_gmt":"2025-08-06T11:25:24","slug":"forfaits-seo-adultes","status":"publish","type":"page","link":"https:\/\/ladyloveseo.com\/fr\/forfaits-seo-adultes\/","title":{"rendered":"Forfaits SEO adultes"},"content":{"rendered":"<div class=\"wpb-content-wrapper\">[vc_row ct_row_stretch=\u00a0\u00bbstretch_row\u00a0\u00bb ct_bg_image=\u00a0\u00bb8986&Prime; ct_bg_color_overlay=\u00a0\u00bbrgba(0,0,0,0.34)\u00a0\u00bb ct_bg_position=\u00a0\u00bbcenter center\u00a0\u00bb full_width=\u00a0\u00bbstretch_row\u00a0\u00bb use_row_as_full_screen_section=\u00a0\u00bbno\u00a0\u00bb type=\u00a0\u00bbgrid\u00a0\u00bb][vc_column]<div id=\"ultimate-heading-491469e0185d418ff\" class=\"uvc-heading ult-adjust-bottom-margin ultimate-heading-491469e0185d418ff uvc-2100 \" data-hspacer=\"no_spacer\"  data-halign=\"center\" style=\"text-align:center\"><div class=\"uvc-heading-spacer no_spacer\" style=\"top\"><\/div><div class=\"uvc-main-heading ult-responsive\"  data-ultimate-target='.uvc-heading.ultimate-heading-491469e0185d418ff h1'  data-responsive-json-new='{\"font-size\":\"desktop:46px;\",\"line-height\":\"desktop:60px;\"}' ><h1 style=\"font-family:&#039;Open Sans&#039;;font-weight:600;color:#ffffff;margin-top:280px;\">Nos forfaits SEO<\/h1><\/div><div class=\"uvc-sub-heading ult-responsive\"  data-ultimate-target='.uvc-heading.ultimate-heading-491469e0185d418ff .uvc-sub-heading '  data-responsive-json-new='{\"font-size\":\"desktop:22px;\",\"line-height\":\"desktop:25px;\"}'  style=\"font-family:&#039;Marck Script&#039;;font-weight:normal;color:#ffffff;margin-bottom:190px;\">Obtenez plus de clients et de notori\u00e9t\u00e9<\/div><\/div>[\/vc_column][\/vc_row][vc_row ct_row_stretch=\u00a0\u00bb\u00a0\u00bb full_width=\u00a0\u00bbstretch_row\u00a0\u00bb use_row_as_full_screen_section=\u00a0\u00bbno\u00a0\u00bb type=\u00a0\u00bbgrid\u00a0\u00bb css=\u00a0\u00bb.vc_custom_1543858300696{margin-top: 30px !important;}\u00a0\u00bb][vc_column][vc_column_text]\n<p style=\"text-align: center;\">Chez LadyLoveSEO, nous proposons une gamme compl\u00e8te et professionnelle de services SEO pertinents pour les agences d&rsquo;escortes et les clubs de strip-tease. Nos forfaits tarifaires sont tr\u00e8s rentables et ne nuisent jamais au budget de nos clients. Nous essayons toujours de r\u00e9pondre \u00e0 vos exigences uniques sans d\u00e9passer le budget.  <\/p>\n[\/vc_column_text][\/vc_column][\/vc_row][vc_row ct_row_stretch=\u00a0\u00bb\u00a0\u00bb use_row_as_full_screen_section=\u00a0\u00bbno\u00a0\u00bb type=\u00a0\u00bbgrid\u00a0\u00bb][vc_column width=\u00a0\u00bb1\/3&Prime;]<div class=\"ult-spacer spacer-69e0185d4196c\" data-id=\"69e0185d4196c\" data-height=\"95\" data-height-mobile=\"95\" data-height-tab=\"95\" data-height-tab-portrait=\"\" data-height-mobile-landscape=\"\" style=\"clear:both;display:block;\"><\/div><div class=\"ult_pricing_table_wrap ult_design_6  ult-cs-custom  \">\r\n\t\t\t\t\t<div class=\"ult_pricing_table \" style=\" \"><div id=\"price-table-wrap-8774\" class=\"ult_pricing_heading\" style=\"background:#ff0505;\">\r\n\t\t\t\t\t\t\t<h3 class=\"price-heading ult-responsive cust-headformat\"  data-ultimate-target='#price-table-wrap-8774 .cust-headformat'  data-responsive-json-new='{\"font-size\":\"desktop:21px;\",\"line-height\":\"desktop:25px;\"}'  style=\"font-weight:bold;color:#ffffff;\">Basique<\/h3><\/div><!--ult_pricing_heading--><div class=\"ult_price_body_block\" style=\"background:#ff0505;\">\r\n\t\t\t\t\t\t\t<div class=\"ult_price_body\">\r\n\t\t\t\t\t\t\t\t<div id=\"price-table-wrap-5782\"  class=\"ult_price\">\r\n\t\t\t\t\t\t\t\t\t<span  data-ultimate-target='#price-table-wrap-5782 .ult_price_figure'  data-responsive-json-new='{\"font-size\":\"desktop:17px;\",\"line-height\":\"desktop:25px;\"}'  class=\"ult_price_figure ult-responsive\" style=\"font-weight:bold;color:#444444;\">275 $<\/span>\r\n\t\t\t\t\t\t\t\t\t<span  data-ultimate-target='#price-table-wrap-5782 .ult_price_term'  data-responsive-json-new='{\"font-size\":\"desktop:14px;\",\"line-height\":\"desktop:25px;\"}'  class=\"ult_price_term ult-responsive\" style=\"font-weight:normal;color:#444444;\">par mois<\/span>\r\n\t\t\t\t\t\t\t\t<\/div>\r\n\t\t\t\t\t\t\t<\/div>\r\n\t\t\t\t\t\t<\/div><!--ult_price_body_block--><div id=\"price-table-features-wrap-5604\" class=\"ult_price_features ult-responsive\"  data-ultimate-target='#price-table-features-wrap-5604'  data-responsive-json-new='{\"font-size\":\"desktop:14px;\",\"line-height\":\"desktop:40px;\"}'  style=\"font-weight:normal;color:#444444;color:#444444;\">\r\n\t\t\t\t\t\t\t<p><strong>Forfait 1 \u00e0 10 mots-cl\u00e9s<\/strong><br \/><strong>Analyse de site web<\/strong><br \/><strong>Recherche de mots-cl\u00e9s<\/strong><br \/><strong>1 blog de site web<\/strong><br \/><strong>2 Articles (500 mots)<\/strong><br \/><strong>2 Blogs (350 mots)<\/strong><br \/><strong>3 cr\u00e9ations web 2.0<\/strong><br \/><strong>2 Liens de forum<\/strong><br \/><strong>4 partages d&rsquo;images<\/strong><br \/><strong>4 petites annonces<\/strong><br \/><strong>3 inscriptions d&rsquo;entreprise<\/strong><br \/><strong>8 publications sur les r\u00e9seaux sociaux<\/strong><br \/><strong>Soumission aux principaux SE<\/strong><br \/><strong>Rapport hebdomadaire<\/strong><\/p>\n\r\n\t\t\t\t\t\t<\/div><!--ult_price_features--><div id=\"price-table-button-wrap-5738\" class=\"ult_price_link\" style=\"\">\r\n\t\t\t\t\t\t\t<a  data-ultimate-target='#price-table-button-wrap-5738 .ult_price_action_button'  data-responsive-json-new='{\"font-size\":\"desktop:13px;\",\"line-height\":\"\"}'  href=\"https:\/\/ladyloveseo.com\/contact-us\/\" target=\"_blank\" rel=\"noopener\"  class=\"ult_price_action_button ult-responsive\" style=\"background:#ff0505; font-weight:bold;color:#ffffff;\">Demander une consultation<\/a>\r\n\t\t\t\t\t\t<\/div><!--ult_price_link--><div class=\"ult_clr\"><\/div>\r\n\t\t\t<\/div><!--pricing_table-->\r\n\t\t<\/div><!--pricing_table_wrap-->[\/vc_column][vc_column width=\u00a0\u00bb1\/3&Prime;]<div class=\"ult-spacer spacer-69e0185d43a48\" data-id=\"69e0185d43a48\" data-height=\"95\" data-height-mobile=\"95\" data-height-tab=\"95\" data-height-tab-portrait=\"\" data-height-mobile-landscape=\"\" style=\"clear:both;display:block;\"><\/div><div class=\"ult_pricing_table_wrap ult_design_6  ult-cs-custom  \">\r\n\t\t\t\t\t<div class=\"ult_pricing_table \" style=\" \"><div id=\"price-table-wrap-6877\" class=\"ult_pricing_heading\" style=\"background:#ff0505;\">\r\n\t\t\t\t\t\t\t<h2 class=\"price-heading ult-responsive cust-headformat\"  data-ultimate-target='#price-table-wrap-6877 .cust-headformat'  data-responsive-json-new='{\"font-size\":\"desktop:21px;\",\"line-height\":\"desktop:25px;\"}'  style=\"font-weight:bold;color:#ffffff;\">Standard<\/h2><\/div><!--ult_pricing_heading--><div class=\"ult_price_body_block\" style=\"background:#ff0505;\">\r\n\t\t\t\t\t\t\t<div class=\"ult_price_body\">\r\n\t\t\t\t\t\t\t\t<div id=\"price-table-wrap-9221\"  class=\"ult_price\">\r\n\t\t\t\t\t\t\t\t\t<span  data-ultimate-target='#price-table-wrap-9221 .ult_price_figure'  data-responsive-json-new='{\"font-size\":\"desktop:17px;\",\"line-height\":\"desktop:25px;\"}'  class=\"ult_price_figure ult-responsive\" style=\"font-weight:bold;color:#444444;\">400 $<\/span>\r\n\t\t\t\t\t\t\t\t\t<span  data-ultimate-target='#price-table-wrap-9221 .ult_price_term'  data-responsive-json-new='{\"font-size\":\"desktop:14px;\",\"line-height\":\"desktop:25px;\"}'  class=\"ult_price_term ult-responsive\" style=\"font-weight:normal;color:#444444;\">par mois<\/span>\r\n\t\t\t\t\t\t\t\t<\/div>\r\n\t\t\t\t\t\t\t<\/div>\r\n\t\t\t\t\t\t<\/div><!--ult_price_body_block--><div id=\"price-table-features-wrap-9670\" class=\"ult_price_features ult-responsive\"  data-ultimate-target='#price-table-features-wrap-9670'  data-responsive-json-new='{\"font-size\":\"desktop:14px;\",\"line-height\":\"desktop:40px;\"}'  style=\"font-weight:normal;color:#444444;color:#444444;\">\r\n\t\t\t\t\t\t\t<p><strong>Forfait 15 \u00e0 25 mots-cl\u00e9s<\/strong><br \/><strong>Analyse de site web<\/strong><br \/><strong>Recherche de mots-cl\u00e9s<\/strong><br \/><strong>1 blog de site web<\/strong><br \/><strong>3 Articles (500 mots)<\/strong><br \/><strong>3 Blogs (500 mots)<\/strong><br \/><strong>6 cr\u00e9ations web 2.0<\/strong><br \/><strong>4 Liens de forum<\/strong><br \/><strong>8 partages d&rsquo;images<\/strong><br \/><strong>8 petites annonces<\/strong><br \/><strong>6 inscriptions d&rsquo;entreprise<\/strong><br \/><strong>16 publications sur les r\u00e9seaux sociaux<\/strong><br \/><strong>4 backlinks de concurrents<\/strong><br \/><strong>30 d\u00e9marches de guest post<\/strong><br \/><strong>Soumission aux principaux SE<\/strong><br \/><strong>Rapport hebdomadaire<\/strong><\/p>\n\r\n\t\t\t\t\t\t<\/div><!--ult_price_features--><div id=\"price-table-button-wrap-2019\" class=\"ult_price_link\" style=\"\">\r\n\t\t\t\t\t\t\t<a  data-ultimate-target='#price-table-button-wrap-2019 .ult_price_action_button'  data-responsive-json-new='{\"font-size\":\"desktop:13px;\",\"line-height\":\"\"}'  href=\"https:\/\/ladyloveseo.com\/contact-us\/\" target=\"_blank\" rel=\"noopener\"  class=\"ult_price_action_button ult-responsive\" style=\"background:#ff0505; font-weight:bold;color:#ffffff;\">Demander une consultation<\/a>\r\n\t\t\t\t\t\t<\/div><!--ult_price_link--><div class=\"ult_clr\"><\/div>\r\n\t\t\t<\/div><!--pricing_table-->\r\n\t\t<\/div><!--pricing_table_wrap-->[\/vc_column][vc_column width=\u00a0\u00bb1\/3&Prime;]<div class=\"ult-spacer spacer-69e0185d43af6\" data-id=\"69e0185d43af6\" data-height=\"95\" data-height-mobile=\"95\" data-height-tab=\"95\" data-height-tab-portrait=\"\" data-height-mobile-landscape=\"\" style=\"clear:both;display:block;\"><\/div><div class=\"ult_pricing_table_wrap ult_design_6  ult-cs-custom  \">\r\n\t\t\t\t\t<div class=\"ult_pricing_table \" style=\" \"><div id=\"price-table-wrap-4050\" class=\"ult_pricing_heading\" style=\"background:#ff0505;\">\r\n\t\t\t\t\t\t\t<h3 class=\"price-heading ult-responsive cust-headformat\"  data-ultimate-target='#price-table-wrap-4050 .cust-headformat'  data-responsive-json-new='{\"font-size\":\"desktop:21px;\",\"line-height\":\"desktop:25px;\"}'  style=\"font-weight:bold;color:#ffffff;\">Professionnel<\/h3><\/div><!--ult_pricing_heading--><div class=\"ult_price_body_block\" style=\"background:#ff0505;\">\r\n\t\t\t\t\t\t\t<div class=\"ult_price_body\">\r\n\t\t\t\t\t\t\t\t<div id=\"price-table-wrap-8783\"  class=\"ult_price\">\r\n\t\t\t\t\t\t\t\t\t<span  data-ultimate-target='#price-table-wrap-8783 .ult_price_figure'  data-responsive-json-new='{\"font-size\":\"desktop:17px;\",\"line-height\":\"desktop:25px;\"}'  class=\"ult_price_figure ult-responsive\" style=\"font-weight:bold;color:#444444;\">650 $<\/span>\r\n\t\t\t\t\t\t\t\t\t<span  data-ultimate-target='#price-table-wrap-8783 .ult_price_term'  data-responsive-json-new='{\"font-size\":\"desktop:14px;\",\"line-height\":\"desktop:25px;\"}'  class=\"ult_price_term ult-responsive\" style=\"font-weight:normal;color:#444444;\">par mois<\/span>\r\n\t\t\t\t\t\t\t\t<\/div>\r\n\t\t\t\t\t\t\t<\/div>\r\n\t\t\t\t\t\t<\/div><!--ult_price_body_block--><div id=\"price-table-features-wrap-7131\" class=\"ult_price_features ult-responsive\"  data-ultimate-target='#price-table-features-wrap-7131'  data-responsive-json-new='{\"font-size\":\"desktop:14px;\",\"line-height\":\"desktop:40px;\"}'  style=\"font-weight:normal;color:#444444;color:#444444;\">\r\n\t\t\t\t\t\t\t<p><strong>Forfait 25 \u00e0 35 mots-cl\u00e9s<\/strong><br \/><strong>Analyse de site web<\/strong><br \/><strong>Recherche de mots-cl\u00e9s<\/strong><br \/><strong>1 blog de site web<\/strong><br \/><strong>3 Articles (500 mots)<\/strong><br \/><strong>3 Blogs (600 mots)<\/strong><br \/><strong>9 cr\u00e9ations web 2.0<\/strong><br \/><strong>6 Liens de forum<\/strong><br \/><strong>12 partages d&rsquo;images<\/strong><br \/><strong>12 petites annonces<\/strong><br \/><strong>12 inscriptions d&rsquo;entreprise<\/strong><br \/><strong>32 publications sur les r\u00e9seaux sociaux<\/strong><br \/><strong>3 Communiqu\u00e9s de presse<\/strong><br \/><strong>4 backlinks de concurrents<\/strong><br \/><strong>60 d\u00e9marches de guest post<\/strong><br \/><strong>Soumission aux principaux SE<\/strong><br \/><strong>Rapport hebdomadaire<\/strong><\/p>\n\r\n\t\t\t\t\t\t<\/div><!--ult_price_features--><div id=\"price-table-button-wrap-6776\" class=\"ult_price_link\" style=\"\">\r\n\t\t\t\t\t\t\t<a  data-ultimate-target='#price-table-button-wrap-6776 .ult_price_action_button'  data-responsive-json-new='{\"font-size\":\"desktop:13px;\",\"line-height\":\"\"}'  href=\"https:\/\/ladyloveseo.com\/contact-us\/\" target=\"_blank\" rel=\"noopener\"  class=\"ult_price_action_button ult-responsive\" style=\"background:#ff0505; font-weight:bold;color:#ffffff;\">Demander une consultation<\/a>\r\n\t\t\t\t\t\t<\/div><!--ult_price_link--><div class=\"ult_clr\"><\/div>\r\n\t\t\t<\/div><!--pricing_table-->\r\n\t\t<\/div><!--pricing_table_wrap-->[\/vc_column][\/vc_row][vc_row ct_row_stretch=\u00a0\u00bb\u00a0\u00bb use_row_as_full_screen_section=\u00a0\u00bbno\u00a0\u00bb type=\u00a0\u00bbgrid\u00a0\u00bb][vc_column width=\u00a0\u00bb1\/2&Prime;]<div class=\"ult_pricing_table_wrap ult_design_6  ult-cs-custom  \">\r\n\t\t\t\t\t<div class=\"ult_pricing_table \" style=\"background:#f8f8f8; \"><div id=\"price-table-wrap-1386\" class=\"ult_pricing_heading\" style=\"background:#ff0000;\">\r\n\t\t\t\t\t\t\t<h3 class=\"price-heading ult-responsive cust-headformat\"  data-ultimate-target='#price-table-wrap-1386 .cust-headformat'  data-responsive-json-new='{\"font-size\":\"desktop:21px;\",\"line-height\":\"desktop:25px;\"}'  style=\"font-weight:bold;color:#ffffff;\">Audit de site web et optimisation on-page<\/h3><\/div><!--ult_pricing_heading--><div class=\"ult_price_body_block\" style=\"background:#ff0000;\">\r\n\t\t\t\t\t\t\t<div class=\"ult_price_body\">\r\n\t\t\t\t\t\t\t\t<div id=\"price-table-wrap-7549\"  class=\"ult_price\">\r\n\t\t\t\t\t\t\t\t\t<span  data-ultimate-target='#price-table-wrap-7549 .ult_price_figure'  data-responsive-json-new='{\"font-size\":\"desktop:17px;\",\"line-height\":\"desktop:25px;\"}'  class=\"ult_price_figure ult-responsive\" style=\"font-weight:bold;color:#444444;\">150 $<\/span>\r\n\t\t\t\t\t\t\t\t\t<span  data-ultimate-target='#price-table-wrap-7549 .ult_price_term'  data-responsive-json-new='{\"font-size\":\"desktop:14px;\",\"line-height\":\"desktop:25px;\"}'  class=\"ult_price_term ult-responsive\" style=\"font-weight:normal;color:#444444;\"><\/span>\r\n\t\t\t\t\t\t\t\t<\/div>\r\n\t\t\t\t\t\t\t<\/div>\r\n\t\t\t\t\t\t<\/div><!--ult_price_body_block--><div id=\"price-table-features-wrap-6187\" class=\"ult_price_features ult-responsive\"  data-ultimate-target='#price-table-features-wrap-6187'  data-responsive-json-new='{\"font-size\":\"desktop:14px;\",\"line-height\":\"desktop:40px;\"}'  style=\"font-weight:normal;color:#444444;color:#444444;\">\r\n\t\t\t\t\t\t\t<p><strong>Analyse conviviale pour les moteurs de recherche<\/strong><br \/><strong>Analyse de popularit\u00e9 des liens<\/strong><br \/><strong>Recherche et analyse de mots-cl\u00e9s<\/strong><br \/><strong>Analyse de contenu dupliqu\u00e9<\/strong><br \/><strong>Analyse de structure de site web<\/strong><br \/><strong>Analyse de la concurrence<\/strong><br \/><strong>Plan SEO d\u00e9taill\u00e9<\/strong><br \/><strong>V\u00e9rification des liens cass\u00e9s<\/strong><br \/><strong>V\u00e9rification de la taille de page<\/strong><br \/><strong>V\u00e9rification de validation W3C<\/strong><br \/><strong>V\u00e9rification de compatibilit\u00e9 des navigateurs<\/strong><br \/><strong>V\u00e9rification de canonisation<\/strong><br \/><strong>Optimisation des balises titre<\/strong><br \/><strong>Optimisation des m\u00e9ta-balises (jusqu&rsquo;\u00e0 20 pages)<\/strong><br \/><strong>V\u00e9rification de densit\u00e9 et proximit\u00e9 de mots-cl\u00e9s<\/strong><br \/><strong>Optimisation des balises Alt<\/strong><br \/><strong>Configuration de page d&rsquo;erreur 404 personnalis\u00e9e<\/strong><br \/><strong>Configuration de compte Google Analytics<\/strong><br \/><strong>Configuration de compte Google Webmaster Tools<\/strong><br \/><strong>Cr\u00e9ation de nouvelle page (jusqu&rsquo;\u00e0 2)<\/strong><br \/><strong>Optimisation Robots.txt<\/strong><br \/><strong>G\u00e9n\u00e9ration de sitemap XML et TXT<\/strong><\/p>\n\r\n\t\t\t\t\t\t<\/div><!--ult_price_features--><div id=\"price-table-button-wrap-8814\" class=\"ult_price_link\" style=\"background:#f8f8f8;\">\r\n\t\t\t\t\t\t\t<a  data-ultimate-target='#price-table-button-wrap-8814 .ult_price_action_button'  data-responsive-json-new='{\"font-size\":\"desktop:13px;\",\"line-height\":\"\"}'  href=\"https:\/\/ladyloveseo.com\/contact-us\/\" target=\"_blank\" rel=\"noopener\"  class=\"ult_price_action_button ult-responsive\" style=\"background:#ff0000; font-weight:bold;color:#ffffff;\">Demander une consultation<\/a>\r\n\t\t\t\t\t\t<\/div><!--ult_price_link--><div class=\"ult_clr\"><\/div>\r\n\t\t\t<\/div><!--pricing_table-->\r\n\t\t<\/div><!--pricing_table_wrap-->[\/vc_column][vc_column width=\u00a0\u00bb1\/2&Prime;][vc_column_text]\n<h3><span style=\"color: #ff0000;\"><strong>Nous offrons des services de cr\u00e9ation de liens de qualit\u00e9 sur des sites web \u00e0 haute autorit\u00e9 avec du contenu unique. Nous nous assurerons que vous obtenez : <\/strong><\/span><\/h3>\n<ul>\n<li><strong>Audit technique SEO gratuit et recommandations<\/strong><\/li>\n<li><strong>Surveillance approfondie et analyses de classement<\/strong><\/li>\n<li><strong>Rapport hebdomadaire et consultation sur les progr\u00e8s du projet<\/strong><\/li>\n<li><strong>Cr\u00e9ation de liens White Hat selon les normes Google<\/strong><\/li>\n<\/ul>\n[\/vc_column_text][\/vc_column][\/vc_row][vc_row ct_row_stretch=\u00a0\u00bb\u00a0\u00bb][vc_column]<div class=\"ult-spacer spacer-69e0185d43bd8\" data-id=\"69e0185d43bd8\" data-height=\"14\" data-height-mobile=\"14\" data-height-tab=\"14\" data-height-tab-portrait=\"\" data-height-mobile-landscape=\"\" style=\"clear:both;display:block;\"><\/div>[\/vc_column][\/vc_row][vc_row ct_row_stretch=\u00a0\u00bb\u00a0\u00bb][vc_column][vc_raw_html]W1dQQ1JfSU5TRVJUXQ==[\/vc_raw_html][\/vc_column][\/vc_row]\n<\/div>","protected":false},"excerpt":{"rendered":"<p>[vc_row ct_row_stretch=\u00a0\u00bbstretch_row\u00a0\u00bb ct_bg_image=\u00a0\u00bb8986&Prime; ct_bg_color_overlay=\u00a0\u00bbrgba(0,0,0,0.34)\u00a0\u00bb ct_bg_position=\u00a0\u00bbcenter center\u00a0\u00bb full_width=\u00a0\u00bbstretch_row\u00a0\u00bb use_row_as_full_screen_section=\u00a0\u00bbno\u00a0\u00bb type=\u00a0\u00bbgrid\u00a0\u00bb][vc_column][\/vc_column][\/vc_row][vc_row ct_row_stretch=\u00a0\u00bb\u00a0\u00bb full_width=\u00a0\u00bbstretch_row\u00a0\u00bb use_row_as_full_screen_section=\u00a0\u00bbno\u00a0\u00bb type=\u00a0\u00bbgrid\u00a0\u00bb css=\u00a0\u00bb.vc_custom_1543858300696{margin-top: 30px !important;}\u00a0\u00bb][vc_column][vc_column_text] Chez LadyLoveSEO, nous proposons une gamme compl\u00e8te et professionnelle de services SEO pertinents pour les agences d&rsquo;escortes et les clubs de strip-tease. Nos forfaits tarifaires sont tr\u00e8s rentables et ne nuisent jamais au budget de nos clients. Nous essayons &#8230;<\/p>\n","protected":false},"author":1,"featured_media":0,"parent":0,"menu_order":0,"comment_status":"closed","ping_status":"closed","template":"","meta":{"footnotes":""},"class_list":["post-11447","page","type-page","status-publish","hentry"],"jetpack_sharing_enabled":true,"_links":{"self":[{"href":"https:\/\/ladyloveseo.com\/fr\/wp-json\/wp\/v2\/pages\/11447","targetHints":{"allow":["GET"]}}],"collection":[{"href":"https:\/\/ladyloveseo.com\/fr\/wp-json\/wp\/v2\/pages"}],"about":[{"href":"https:\/\/ladyloveseo.com\/fr\/wp-json\/wp\/v2\/types\/page"}],"author":[{"embeddable":true,"href":"https:\/\/ladyloveseo.com\/fr\/wp-json\/wp\/v2\/users\/1"}],"replies":[{"embeddable":true,"href":"https:\/\/ladyloveseo.com\/fr\/wp-json\/wp\/v2\/comments?post=11447"}],"version-history":[{"count":1,"href":"https:\/\/ladyloveseo.com\/fr\/wp-json\/wp\/v2\/pages\/11447\/revisions"}],"predecessor-version":[{"id":11451,"href":"https:\/\/ladyloveseo.com\/fr\/wp-json\/wp\/v2\/pages\/11447\/revisions\/11451"}],"wp:attachment":[{"href":"https:\/\/ladyloveseo.com\/fr\/wp-json\/wp\/v2\/media?parent=11447"}],"curies":[{"name":"wp","href":"https:\/\/api.w.org\/{rel}","templated":true}]}}