{"id":11453,"date":"2018-12-02T18:09:26","date_gmt":"2018-12-03T00:09:26","guid":{"rendered":"https:\/\/ladyloveseo.com\/services\/"},"modified":"2025-08-06T06:26:11","modified_gmt":"2025-08-06T11:26:11","slug":"services","status":"publish","type":"page","link":"https:\/\/ladyloveseo.com\/fr\/services\/","title":{"rendered":"Services"},"content":{"rendered":"<div class=\"wpb-content-wrapper\">[vc_row ct_row_stretch=\u00a0\u00bbstretch_row\u00a0\u00bb ct_bg_image=\u00a0\u00bb8473&Prime; ct_bg_position=\u00a0\u00bbcenter center\u00a0\u00bb ct_bg_parallax=\u00a0\u00bbfixed\u00a0\u00bb][vc_column][vc_empty_space height=\u00a0\u00bb80&Prime;]<div id=\"ultimate-heading-710569e018eea97b7\" class=\"uvc-heading ult-adjust-bottom-margin ultimate-heading-710569e018eea97b7 uvc-498 \" data-hspacer=\"icon_only\"  data-halign=\"center\" style=\"text-align:center\"><div class=\"uvc-heading-spacer icon_only\" style=\"top\"><div class=\"ult-just-icon-wrapper  \"><div class=\"align-icon\" style=\"text-align:center;\"><\/div><\/div><\/div><div class=\"uvc-main-heading ult-responsive\"  data-ultimate-target='.uvc-heading.ultimate-heading-710569e018eea97b7 h1'  data-responsive-json-new='{\"font-size\":\"\",\"line-height\":\"desktop:40px;\"}' ><h1 style=\"font-weight:bold;color:#ff0000;\">Nos services marketing<\/h1><\/div><\/div>[vc_empty_space height=\u00a0\u00bb80&Prime;][\/vc_column][\/vc_row][vc_row ct_row_stretch=\u00a0\u00bbstretch_row\u00a0\u00bb][vc_column ct_wrap_link=\u00a0\u00bbyes\u00a0\u00bb ct_wrap_link_custom=\u00a0\u00bbhttps:\/\/ladyloveseo.com\/sex-toy-seo\/\u00a0\u00bb]<div id=\"ultimate-heading-778569e018eea980f\" class=\"uvc-heading ult-adjust-bottom-margin ultimate-heading-778569e018eea980f uvc-2545 \" data-hspacer=\"icon_only\"  data-halign=\"center\" style=\"text-align:center\"><div class=\"uvc-heading-spacer icon_only\" style=\"top\"><div class=\"ult-just-icon-wrapper  \"><div class=\"align-icon\" style=\"text-align:center;\"><\/div><\/div><\/div><div class=\"uvc-main-heading ult-responsive\"  data-ultimate-target='.uvc-heading.ultimate-heading-778569e018eea980f h2'  data-responsive-json-new='{\"font-size\":\"desktop:34px;\",\"line-height\":\"\"}' ><h2 style=\"font-family:&#039;Open Sans&#039;;font-weight:bold;color:#000000;\">SEO par secteurs<\/h2><\/div><\/div>[vc_row_inner gap=\u00a0\u00bb30&Prime;][vc_column_inner width=\u00a0\u00bb1\/3&Prime; ct_wrap_link=\u00a0\u00bbyes\u00a0\u00bb css=\u00a0\u00bb.vc_custom_1682421892771{padding-top: 20px !important;padding-right: 20px !important;padding-left: 20px !important;}\u00a0\u00bb ct_wrap_link_custom=\u00a0\u00bbhttps:\/\/ladyloveseo.com\/adult-seo-services\/\u00a0\u00bb][vc_single_image image=\u00a0\u00bb9787&Prime; img_size=\u00a0\u00bbFull\u00a0\u00bb alignment=\u00a0\u00bbcenter\u00a0\u00bb][vc_custom_heading text=\u00a0\u00bbSEO adulte\u00a0\u00bb font_container=\u00a0\u00bbtag:h2|text_align:center|color:%23000000&Prime; use_theme_fonts=\u00a0\u00bbyes\u00a0\u00bb link=\u00a0\u00bburl:https%3A%2F%2Fladyloveseo.com%2Fadult-seo-services%2F|\u00a0\u00bb][\/vc_column_inner][vc_column_inner width=\u00a0\u00bb1\/3&Prime; ct_wrap_link=\u00a0\u00bbyes\u00a0\u00bb css=\u00a0\u00bb.vc_custom_1682421963763{padding-top: 20px !important;padding-right: 20px !important;padding-left: 20px !important;background-position: center !important;background-repeat: no-repeat !important;background-size: cover !important;}\u00a0\u00bb ct_wrap_link_custom=\u00a0\u00bbhttps:\/\/ladyloveseo.com\/local-brothel-marketing\/\u00a0\u00bb][vc_single_image image=\u00a0\u00bb9600&Prime; img_size=\u00a0\u00bbfull\u00a0\u00bb alignment=\u00a0\u00bbcenter\u00a0\u00bb][vc_custom_heading text=\u00a0\u00bbSEO maison close\u00a0\u00bb font_container=\u00a0\u00bbtag:h2|text_align:center|color:%23000000&Prime; use_theme_fonts=\u00a0\u00bbyes\u00a0\u00bb link=\u00a0\u00bburl:https%3A%2F%2Fladyloveseo.com%2Flocal-brothel-marketing%2F|\u00a0\u00bb][\/vc_column_inner][vc_column_inner width=\u00a0\u00bb1\/3&Prime; ct_wrap_link=\u00a0\u00bbyes\u00a0\u00bb css=\u00a0\u00bb.vc_custom_1654769517138{padding-top: 20px !important;padding-right: 20px !important;padding-left: 20px !important;background-position: center !important;background-repeat: no-repeat !important;background-size: cover !important;}\u00a0\u00bb][vc_single_image image=\u00a0\u00bb9601&Prime; img_size=\u00a0\u00bbfull\u00a0\u00bb alignment=\u00a0\u00bbcenter\u00a0\u00bb][vc_custom_heading text=\u00a0\u00bbSEO jouets sexuels\u00a0\u00bb font_container=\u00a0\u00bbtag:h2|text_align:center|color:%23000000&Prime; use_theme_fonts=\u00a0\u00bbyes\u00a0\u00bb link=\u00a0\u00bburl:https%3A%2F%2Fladyloveseo.com%2Fsex-toy-seo%2F|\u00a0\u00bb][\/vc_column_inner][\/vc_row_inner][vc_row_inner gap=\u00a0\u00bb30&Prime;][vc_column_inner width=\u00a0\u00bb1\/3&Prime; ct_wrap_link=\u00a0\u00bbyes\u00a0\u00bb css=\u00a0\u00bb.vc_custom_1682422023748{padding-top: 20px !important;padding-right: 20px !important;padding-left: 20px !important;background-position: center !important;background-repeat: no-repeat !important;background-size: cover !important;}\u00a0\u00bb ct_wrap_link_custom=\u00a0\u00bbhttps:\/\/ladyloveseo.com\/casino-seo-company\/\u00a0\u00bb][vc_single_image image=\u00a0\u00bb9738&Prime; img_size=\u00a0\u00bbfull\u00a0\u00bb alignment=\u00a0\u00bbcenter\u00a0\u00bb][vc_custom_heading text=\u00a0\u00bbSEO casino\u00a0\u00bb font_container=\u00a0\u00bbtag:h2|text_align:center|color:%23000000&Prime; use_theme_fonts=\u00a0\u00bbyes\u00a0\u00bb link=\u00a0\u00bburl:https%3A%2F%2Fladyloveseo.com%2Fcasino-seo-company%2F|\u00a0\u00bb][\/vc_column_inner][vc_column_inner width=\u00a0\u00bb1\/3&Prime; ct_wrap_link=\u00a0\u00bbyes\u00a0\u00bb css=\u00a0\u00bb.vc_custom_1682422096083{padding-top: 20px !important;padding-right: 20px !important;padding-left: 20px !important;}\u00a0\u00bb ct_wrap_link_custom=\u00a0\u00bbhttps:\/\/ladyloveseo.com\/gambling-seo-services\/\u00a0\u00bb][vc_single_image image=\u00a0\u00bb9743&Prime; img_size=\u00a0\u00bbfull\u00a0\u00bb alignment=\u00a0\u00bbcenter\u00a0\u00bb][vc_custom_heading text=\u00a0\u00bbSEO paris\u00a0\u00bb font_container=\u00a0\u00bbtag:h2|text_align:center|color:%23000000&Prime; use_theme_fonts=\u00a0\u00bbyes\u00a0\u00bb link=\u00a0\u00bburl:https%3A%2F%2Fladyloveseo.com%2Fgambling-seo-services%2F|\u00a0\u00bb][\/vc_column_inner][vc_column_inner width=\u00a0\u00bb1\/3&Prime; ct_wrap_link=\u00a0\u00bbyes\u00a0\u00bb css=\u00a0\u00bb.vc_custom_1682422146332{padding-top: 20px !important;padding-right: 20px !important;padding-left: 20px !important;background-position: center !important;background-repeat: no-repeat !important;background-size: cover !important;}\u00a0\u00bb ct_wrap_link_custom=\u00a0\u00bbhttps:\/\/ladyloveseo.com\/services\/strippers-seo-services\/\u00a0\u00bb][vc_single_image image=\u00a0\u00bb9746&Prime; img_size=\u00a0\u00bbfull\u00a0\u00bb alignment=\u00a0\u00bbcenter\u00a0\u00bb][vc_custom_heading text=\u00a0\u00bbSEO strip-tease\u00a0\u00bb font_container=\u00a0\u00bbtag:h2|text_align:center|color:%23000000&Prime; use_theme_fonts=\u00a0\u00bbyes\u00a0\u00bb link=\u00a0\u00bburl:https%3A%2F%2Fladyloveseo.com%2Fservices%2Fstrippers-seo-services%2F|\u00a0\u00bb][\/vc_column_inner][\/vc_row_inner][vc_row_inner gap=\u00a0\u00bb30&Prime;][vc_column_inner width=\u00a0\u00bb1\/3&Prime; ct_wrap_link=\u00a0\u00bbyes\u00a0\u00bb css=\u00a0\u00bb.vc_custom_1682421892771{padding-top: 20px !important;padding-right: 20px !important;padding-left: 20px !important;}\u00a0\u00bb ct_wrap_link_custom=\u00a0\u00bbhttps:\/\/ladyloveseo.com\/adult-seo-services\/\u00a0\u00bb][vc_single_image image=\u00a0\u00bb10958&Prime; img_size=\u00a0\u00bbFull\u00a0\u00bb alignment=\u00a0\u00bbcenter\u00a0\u00bb onclick=\u00a0\u00bbcustom_link\u00a0\u00bb img_link_target=\u00a0\u00bb_blank\u00a0\u00bb css=\u00a0\u00bb\u00a0\u00bb link=\u00a0\u00bbhttps:\/\/ladyloveseo.com\/seo-for-punk-clothing-stores\/\u00a0\u00bb][vc_custom_heading text=\u00a0\u00bbSEO v\u00eatements punk\u00a0\u00bb font_container=\u00a0\u00bbtag:h2|text_align:center|color:%23000000&Prime; use_theme_fonts=\u00a0\u00bbyes\u00a0\u00bb css=\u00a0\u00bb\u00a0\u00bb link=\u00a0\u00bburl:https%3A%2F%2Fladyloveseo.com%2Fseo-for-punk-clothing-stores%2F|target:_blank|\u00a0\u00bb][\/vc_column_inner][vc_column_inner width=\u00a0\u00bb1\/3&Prime; ct_wrap_link=\u00a0\u00bbyes\u00a0\u00bb css=\u00a0\u00bb.vc_custom_1654769517138{padding-top: 20px !important;padding-right: 20px !important;padding-left: 20px !important;background-position: center !important;background-repeat: no-repeat !important;background-size: cover !important;}\u00a0\u00bb][vc_single_image image=\u00a0\u00bb10953&Prime; img_size=\u00a0\u00bbFull\u00a0\u00bb alignment=\u00a0\u00bbcenter\u00a0\u00bb onclick=\u00a0\u00bbcustom_link\u00a0\u00bb img_link_target=\u00a0\u00bb_blank\u00a0\u00bb css=\u00a0\u00bb\u00a0\u00bb link=\u00a0\u00bbhttps:\/\/ladyloveseo.com\/seo-for-nsfw-ai-models\/\u00a0\u00bb][vc_custom_heading text=\u00a0\u00bbSEO IA NSFW\u00a0\u00bb font_container=\u00a0\u00bbtag:h2|text_align:center|color:%23000000&Prime; use_theme_fonts=\u00a0\u00bbyes\u00a0\u00bb css=\u00a0\u00bb\u00a0\u00bb link=\u00a0\u00bburl:https%3A%2F%2Fladyloveseo.com%2Fseo-for-nsfw-ai-models%2F|title:SEO%20pour%20mod%C3%A8les%20IA%20NSFW|target:_blank|\u00a0\u00bb][\/vc_column_inner][vc_column_inner width=\u00a0\u00bb1\/3&Prime; ct_wrap_link=\u00a0\u00bbyes\u00a0\u00bb css=\u00a0\u00bb.vc_custom_1682421963763{padding-top: 20px !important;padding-right: 20px !important;padding-left: 20px !important;background-position: center !important;background-repeat: no-repeat !important;background-size: cover !important;}\u00a0\u00bb ct_wrap_link_custom=\u00a0\u00bbhttps:\/\/ladyloveseo.com\/local-brothel-marketing\/\u00a0\u00bb][vc_single_image image=\u00a0\u00bb10960&Prime; img_size=\u00a0\u00bbfull\u00a0\u00bb alignment=\u00a0\u00bbcenter\u00a0\u00bb onclick=\u00a0\u00bbcustom_link\u00a0\u00bb css=\u00a0\u00bb\u00a0\u00bb link=\u00a0\u00bbhttps:\/\/ladyloveseo.com\/seo-for-incall-outcall-escorts\/\u00a0\u00bb][vc_custom_heading text=\u00a0\u00bbSEO \u00e0 domicile et \u00e0 l&apos;ext\u00e9rieur\u00a0\u00bb font_container=\u00a0\u00bbtag:h2|text_align:center|color:%23000000&Prime; use_theme_fonts=\u00a0\u00bbyes\u00a0\u00bb css=\u00a0\u00bb\u00a0\u00bb link=\u00a0\u00bburl:https%3A%2F%2Fladyloveseo.com%2Fseo-for-incall-outcall-escorts%2F|target:_blank|\u00a0\u00bb][\/vc_column_inner][\/vc_row_inner][vc_row_inner gap=\u00a0\u00bb30&Prime;][vc_column_inner width=\u00a0\u00bb1\/3&Prime; ct_wrap_link=\u00a0\u00bbyes\u00a0\u00bb css=\u00a0\u00bb.vc_custom_1682422173836{padding-top: 20px !important;padding-right: 20px !important;padding-left: 20px !important;background-position: center !important;background-repeat: no-repeat !important;background-size: cover !important;}\u00a0\u00bb ct_wrap_link_custom=\u00a0\u00bbhttps:\/\/ladyloveseo.com\/nightclub-seo-services\/\u00a0\u00bb][vc_single_image image=\u00a0\u00bb10976&Prime; img_size=\u00a0\u00bbfull\u00a0\u00bb alignment=\u00a0\u00bbcenter\u00a0\u00bb onclick=\u00a0\u00bbcustom_link\u00a0\u00bb img_link_target=\u00a0\u00bb_blank\u00a0\u00bb css=\u00a0\u00bb\u00a0\u00bb link=\u00a0\u00bbhttps:\/\/ladyloveseo.com\/seo-for-massage-therapists\/\u00a0\u00bb][vc_custom_heading text=\u00a0\u00bbSEO massoth\u00e9rapeute\u00a0\u00bb font_container=\u00a0\u00bbtag:h2|text_align:center|color:%23000000&Prime; use_theme_fonts=\u00a0\u00bbyes\u00a0\u00bb css=\u00a0\u00bb\u00a0\u00bb link=\u00a0\u00bburl:https%3A%2F%2Fladyloveseo.com%2Fseo-for-massage-therapists%2F|target:_blank|\u00a0\u00bb][\/vc_column_inner][vc_column_inner width=\u00a0\u00bb1\/3&Prime; ct_wrap_link=\u00a0\u00bbyes\u00a0\u00bb css=\u00a0\u00bb.vc_custom_1682422214556{padding-top: 20px !important;padding-right: 20px !important;padding-left: 20px !important;}\u00a0\u00bb ct_wrap_link_custom=\u00a0\u00bbhttps:\/\/ladyloveseo.com\/escort-directory-seo\/\u00a0\u00bb][vc_single_image image=\u00a0\u00bb10981&Prime; img_size=\u00a0\u00bbfull\u00a0\u00bb alignment=\u00a0\u00bbcenter\u00a0\u00bb onclick=\u00a0\u00bbcustom_link\u00a0\u00bb img_link_target=\u00a0\u00bb_blank\u00a0\u00bb css=\u00a0\u00bb\u00a0\u00bb link=\u00a0\u00bbhttps:\/\/ladyloveseo.com\/seo-for-lingerie-stores\/\u00a0\u00bb][vc_custom_heading text=\u00a0\u00bbSEO magasin de lingerie\u00a0\u00bb font_container=\u00a0\u00bbtag:h2|text_align:center|color:%23000000&Prime; use_theme_fonts=\u00a0\u00bbyes\u00a0\u00bb css=\u00a0\u00bb\u00a0\u00bb link=\u00a0\u00bburl:https%3A%2F%2Fladyloveseo.com%2Fseo-for-lingerie-stores%2F|target:_blank|\u00a0\u00bb][\/vc_column_inner][vc_column_inner width=\u00a0\u00bb1\/3&Prime; ct_wrap_link=\u00a0\u00bbyes\u00a0\u00bb css=\u00a0\u00bb.vc_custom_1682422252242{padding-top: 20px !important;padding-right: 20px !important;padding-left: 20px !important;background-position: center !important;background-repeat: no-repeat !important;background-size: cover !important;}\u00a0\u00bb ct_wrap_link_custom=\u00a0\u00bbhttps:\/\/ladyloveseo.com\/cbd-seo-company\/\u00a0\u00bb][vc_single_image image=\u00a0\u00bb10983&Prime; img_size=\u00a0\u00bbfull\u00a0\u00bb alignment=\u00a0\u00bbcenter\u00a0\u00bb onclick=\u00a0\u00bbcustom_link\u00a0\u00bb img_link_target=\u00a0\u00bb_blank\u00a0\u00bb css=\u00a0\u00bb\u00a0\u00bb link=\u00a0\u00bbhttps:\/\/ladyloveseo.com\/seo-for-sex-doll-stores\/\u00a0\u00bb][vc_custom_heading text=\u00a0\u00bbSEO magasin de poup\u00e9es pour adultes\u00a0\u00bb font_container=\u00a0\u00bbtag:h2|text_align:center|color:%23000000&Prime; use_theme_fonts=\u00a0\u00bbyes\u00a0\u00bb css=\u00a0\u00bb\u00a0\u00bb link=\u00a0\u00bburl:https%3A%2F%2Fladyloveseo.com%2Fseo-for-sex-doll-stores%2F|target:_blank|\u00a0\u00bb][\/vc_column_inner][\/vc_row_inner][vc_row_inner gap=\u00a0\u00bb30&Prime;][vc_column_inner width=\u00a0\u00bb1\/3&Prime; ct_wrap_link=\u00a0\u00bbyes\u00a0\u00bb css=\u00a0\u00bb.vc_custom_1682422173836{padding-top: 20px !important;padding-right: 20px !important;padding-left: 20px !important;background-position: center !important;background-repeat: no-repeat !important;background-size: cover !important;}\u00a0\u00bb ct_wrap_link_custom=\u00a0\u00bbhttps:\/\/ladyloveseo.com\/nightclub-seo-services\/\u00a0\u00bb][vc_single_image image=\u00a0\u00bb9750&Prime; img_size=\u00a0\u00bbfull\u00a0\u00bb alignment=\u00a0\u00bbcenter\u00a0\u00bb][vc_custom_heading text=\u00a0\u00bbSEO bo\u00eete de nuit\u00a0\u00bb font_container=\u00a0\u00bbtag:h2|text_align:center|color:%23000000&Prime; use_theme_fonts=\u00a0\u00bbyes\u00a0\u00bb link=\u00a0\u00bburl:https%3A%2F%2Fladyloveseo.com%2Fnightclub-seo-services%2F|\u00a0\u00bb][\/vc_column_inner][vc_column_inner width=\u00a0\u00bb1\/3&Prime; ct_wrap_link=\u00a0\u00bbyes\u00a0\u00bb css=\u00a0\u00bb.vc_custom_1682422214556{padding-top: 20px !important;padding-right: 20px !important;padding-left: 20px !important;}\u00a0\u00bb ct_wrap_link_custom=\u00a0\u00bbhttps:\/\/ladyloveseo.com\/escort-directory-seo\/\u00a0\u00bb][vc_single_image image=\u00a0\u00bb9755&Prime; img_size=\u00a0\u00bbfull\u00a0\u00bb alignment=\u00a0\u00bbcenter\u00a0\u00bb][vc_custom_heading text=\u00a0\u00bbSEO annuaire d&apos;escorts\u00a0\u00bb font_container=\u00a0\u00bbtag:h2|text_align:center|color:%23000000&Prime; use_theme_fonts=\u00a0\u00bbyes\u00a0\u00bb link=\u00a0\u00bburl:https%3A%2F%2Fladyloveseo.com%2Fescort-directory-seo%2F|\u00a0\u00bb][vc_empty_space height=\u00a0\u00bb60&Prime;]<div id=\"ultimate-heading-973769e018eea985a\" class=\"uvc-heading ult-adjust-bottom-margin ultimate-heading-973769e018eea985a uvc-4783 \" data-hspacer=\"icon_only\"  data-halign=\"center\" style=\"text-align:center\"><div class=\"uvc-heading-spacer icon_only\" style=\"top\"><div class=\"ult-just-icon-wrapper  \"><div class=\"align-icon\" style=\"text-align:center;\"><\/div><\/div><\/div><div class=\"uvc-main-heading ult-responsive\"  data-ultimate-target='.uvc-heading.ultimate-heading-973769e018eea985a h1'  data-responsive-json-new='{\"font-size\":\"\",\"line-height\":\"desktop:40px;\"}' ><h1 style=\"font-weight:bold;color:#000000;\">NOS SERVICES<\/h1><\/div><\/div>[\/vc_column_inner][vc_column_inner width=\u00a0\u00bb1\/3&Prime; ct_wrap_link=\u00a0\u00bbyes\u00a0\u00bb css=\u00a0\u00bb.vc_custom_1682422252242{padding-top: 20px !important;padding-right: 20px !important;padding-left: 20px !important;background-position: center !important;background-repeat: no-repeat !important;background-size: cover !important;}\u00a0\u00bb ct_wrap_link_custom=\u00a0\u00bbhttps:\/\/ladyloveseo.com\/cbd-seo-company\/\u00a0\u00bb][vc_single_image image=\u00a0\u00bb9759&Prime; img_size=\u00a0\u00bbfull\u00a0\u00bb alignment=\u00a0\u00bbcenter\u00a0\u00bb][vc_custom_heading text=\u00a0\u00bbSEO CBD\u00a0\u00bb font_container=\u00a0\u00bbtag:h2|text_align:center|color:%23000000&Prime; use_theme_fonts=\u00a0\u00bbyes\u00a0\u00bb link=\u00a0\u00bburl:https%3A%2F%2Fladyloveseo.com%2Fcbd-seo-company%2F|\u00a0\u00bb][\/vc_column_inner][\/vc_row_inner][vc_row_inner gap=\u00a0\u00bb30&Prime;][vc_column_inner width=\u00a0\u00bb1\/3&Prime; ct_wrap_link=\u00a0\u00bbyes\u00a0\u00bb css=\u00a0\u00bb.vc_custom_1682422299410{padding-top: 20px !important;padding-right: 20px !important;padding-left: 20px !important;background-position: center !important;background-repeat: no-repeat !important;background-size: cover !important;}\u00a0\u00bb ct_wrap_link_custom=\u00a0\u00bbhttps:\/\/ladyloveseo.com\/services\/escort-link-building-services\/\u00a0\u00bb][vc_single_image image=\u00a0\u00bb9778&Prime; img_size=\u00a0\u00bbfull\u00a0\u00bb alignment=\u00a0\u00bbcenter\u00a0\u00bb][vc_custom_heading text=\u00a0\u00bbCr\u00e9ation de liens avanc\u00e9e\u00a0\u00bb font_container=\u00a0\u00bbtag:h2|text_align:center|color:%23000000&Prime; use_theme_fonts=\u00a0\u00bbyes\u00a0\u00bb link=\u00a0\u00bburl:https%3A%2F%2Fladyloveseo.com%2Fservices%2Fescort-link-building-services%2F|\u00a0\u00bb][\/vc_column_inner][vc_column_inner width=\u00a0\u00bb1\/3&Prime; ct_wrap_link=\u00a0\u00bbyes\u00a0\u00bb css=\u00a0\u00bb.vc_custom_1682422339459{padding-top: 20px !important;padding-right: 20px !important;padding-left: 20px !important;}\u00a0\u00bb ct_wrap_link_custom=\u00a0\u00bbhttps:\/\/ladyloveseo.com\/services\/adult-content-writing\/\u00a0\u00bb][vc_single_image image=\u00a0\u00bb9790&Prime; img_size=\u00a0\u00bbfull\u00a0\u00bb alignment=\u00a0\u00bbcenter\u00a0\u00bb][vc_custom_heading text=\u00a0\u00bbR\u00e9daction de contenu adulte\u00a0\u00bb font_container=\u00a0\u00bbtag:h2|text_align:center|color:%23000000&Prime; use_theme_fonts=\u00a0\u00bbyes\u00a0\u00bb link=\u00a0\u00bburl:https%3A%2F%2Fladyloveseo.com%2Fservices%2Fadult-content-writing%2F|\u00a0\u00bb][\/vc_column_inner][vc_column_inner width=\u00a0\u00bb1\/3&Prime; ct_wrap_link=\u00a0\u00bbyes\u00a0\u00bb css=\u00a0\u00bb.vc_custom_1682422383587{padding-top: 20px !important;padding-right: 20px !important;padding-left: 20px !important;background-position: center !important;background-repeat: no-repeat !important;background-size: cover !important;}\u00a0\u00bb ct_wrap_link_custom=\u00a0\u00bbhttps:\/\/ladyloveseo.com\/services\/adult-website-development\/\u00a0\u00bb][vc_single_image image=\u00a0\u00bb9761&Prime; img_size=\u00a0\u00bbfull\u00a0\u00bb alignment=\u00a0\u00bbcenter\u00a0\u00bb][vc_custom_heading text=\u00a0\u00bbD\u00e9veloppement WordPress\u00a0\u00bb font_container=\u00a0\u00bbtag:h2|text_align:center|color:%23000000&Prime; use_theme_fonts=\u00a0\u00bbyes\u00a0\u00bb link=\u00a0\u00bburl:https%3A%2F%2Fladyloveseo.com%2Ffr%2Fservices%2Fservices-de-developpement-wordpress-pour-clubs-descortes-maisons-closes-et-agences%2F|\u00a0\u00bb][\/vc_column_inner][\/vc_row_inner][vc_row_inner gap=\u00a0\u00bb30&Prime;][vc_column_inner width=\u00a0\u00bb1\/3&Prime; ct_wrap_link=\u00a0\u00bbyes\u00a0\u00bb css=\u00a0\u00bb.vc_custom_1682422416323{padding-top: 20px !important;padding-right: 20px !important;padding-left: 20px !important;background-position: center !important;background-repeat: no-repeat !important;background-size: cover !important;}\u00a0\u00bb ct_wrap_link_custom=\u00a0\u00bbhttps:\/\/ladyloveseo.com\/services\/seo-for-escort-agencies\/\u00a0\u00bb][vc_single_image image=\u00a0\u00bb9793&Prime; img_size=\u00a0\u00bb400*300&Prime; alignment=\u00a0\u00bbcenter\u00a0\u00bb][vc_custom_heading text=\u00a0\u00bbSEO escort\u00a0\u00bb font_container=\u00a0\u00bbtag:h2|text_align:center|color:%23000000&Prime; use_theme_fonts=\u00a0\u00bbyes\u00a0\u00bb link=\u00a0\u00bburl:https%3A%2F%2Fladyloveseo.com%2Fservices%2Fseo-for-escort-agencies%2F|\u00a0\u00bb][\/vc_column_inner][vc_column_inner width=\u00a0\u00bb1\/3&Prime; ct_wrap_link=\u00a0\u00bbyes\u00a0\u00bb css=\u00a0\u00bb.vc_custom_1682422443635{padding-top: 20px !important;padding-right: 20px !important;padding-left: 20px !important;}\u00a0\u00bb ct_wrap_link_custom=\u00a0\u00bbhttps:\/\/ladyloveseo.com\/dating-app-marketing-company\/\u00a0\u00bb][vc_single_image image=\u00a0\u00bb9781&Prime; img_size=\u00a0\u00bbfull\u00a0\u00bb alignment=\u00a0\u00bbcenter\u00a0\u00bb][vc_custom_heading text=\u00a0\u00bbMarketing d&apos;applications de rencontres\u00a0\u00bb font_container=\u00a0\u00bbtag:h2|text_align:center|color:%23000000&Prime; use_theme_fonts=\u00a0\u00bbyes\u00a0\u00bb link=\u00a0\u00bburl:https%3A%2F%2Fladyloveseo.com%2Fdating-app-marketing-company%2F|\u00a0\u00bb][\/vc_column_inner][vc_column_inner width=\u00a0\u00bb1\/3&Prime; ct_wrap_link=\u00a0\u00bbyes\u00a0\u00bb css=\u00a0\u00bb.vc_custom_1682422482938{padding-top: 20px !important;padding-right: 20px !important;padding-left: 20px !important;background-position: center !important;background-repeat: no-repeat !important;background-size: cover !important;}\u00a0\u00bb ct_wrap_link_custom=\u00a0\u00bbhttps:\/\/ladyloveseo.com\/dating-seo-services\/\u00a0\u00bb][vc_single_image image=\u00a0\u00bb9537&Prime; img_size=\u00a0\u00bb400*300&Prime; alignment=\u00a0\u00bbcenter\u00a0\u00bb][vc_custom_heading text=\u00a0\u00bbSEO rencontres\u00a0\u00bb font_container=\u00a0\u00bbtag:h2|text_align:center|color:%23000000&Prime; use_theme_fonts=\u00a0\u00bbyes\u00a0\u00bb link=\u00a0\u00bburl:https%3A%2F%2Fladyloveseo.com%2Fdating-seo-services%2F|\u00a0\u00bb][\/vc_column_inner][\/vc_row_inner][\/vc_column][\/vc_row]\n<\/div>","protected":false},"excerpt":{"rendered":"<p>[vc_row ct_row_stretch=\u00a0\u00bbstretch_row\u00a0\u00bb ct_bg_image=\u00a0\u00bb8473&Prime; ct_bg_position=\u00a0\u00bbcenter center\u00a0\u00bb ct_bg_parallax=\u00a0\u00bbfixed\u00a0\u00bb][vc_column][vc_empty_space height=\u00a0\u00bb80&Prime;][vc_empty_space height=\u00a0\u00bb80&Prime;][\/vc_column][\/vc_row][vc_row ct_row_stretch=\u00a0\u00bbstretch_row\u00a0\u00bb][vc_column ct_wrap_link=\u00a0\u00bbyes\u00a0\u00bb ct_wrap_link_custom=\u00a0\u00bbhttps:\/\/ladyloveseo.com\/sex-toy-seo\/\u00a0\u00bb][vc_row_inner gap=\u00a0\u00bb30&Prime;][vc_column_inner width=\u00a0\u00bb1\/3&Prime; ct_wrap_link=\u00a0\u00bbyes\u00a0\u00bb css=\u00a0\u00bb.vc_custom_1682421892771{padding-top: 20px !important;padding-right: 20px !important;padding-left: 20px !important;}\u00a0\u00bb ct_wrap_link_custom=\u00a0\u00bbhttps:\/\/ladyloveseo.com\/adult-seo-services\/\u00a0\u00bb][vc_single_image image=\u00a0\u00bb9787&Prime; img_size=\u00a0\u00bbFull\u00a0\u00bb alignment=\u00a0\u00bbcenter\u00a0\u00bb][vc_custom_heading text=\u00a0\u00bbSEO adulte\u00a0\u00bb font_container=\u00a0\u00bbtag:h2|text_align:center|color:%23000000&Prime; use_theme_fonts=\u00a0\u00bbyes\u00a0\u00bb link=\u00a0\u00bburl:https%3A%2F%2Fladyloveseo.com%2Fadult-seo-services%2F|\u00a0\u00bb][\/vc_column_inner][vc_column_inner width=\u00a0\u00bb1\/3&Prime; ct_wrap_link=\u00a0\u00bbyes\u00a0\u00bb css=\u00a0\u00bb.vc_custom_1682421963763{padding-top: 20px !important;padding-right: 20px !important;padding-left: 20px !important;background-position: center !important;background-repeat: no-repeat !important;background-size: cover !important;}\u00a0\u00bb ct_wrap_link_custom=\u00a0\u00bbhttps:\/\/ladyloveseo.com\/local-brothel-marketing\/\u00a0\u00bb][vc_single_image image=\u00a0\u00bb9600&Prime; img_size=\u00a0\u00bbfull\u00a0\u00bb alignment=\u00a0\u00bbcenter\u00a0\u00bb][vc_custom_heading text=\u00a0\u00bbSEO maison close\u00a0\u00bb font_container=\u00a0\u00bbtag:h2|text_align:center|color:%23000000&Prime; use_theme_fonts=\u00a0\u00bbyes\u00a0\u00bb link=\u00a0\u00bburl:https%3A%2F%2Fladyloveseo.com%2Flocal-brothel-marketing%2F|\u00a0\u00bb][\/vc_column_inner][vc_column_inner &#8230;<\/p>\n","protected":false},"author":1,"featured_media":0,"parent":0,"menu_order":0,"comment_status":"closed","ping_status":"closed","template":"","meta":{"footnotes":""},"class_list":["post-11453","page","type-page","status-publish","hentry"],"jetpack_sharing_enabled":true,"_links":{"self":[{"href":"https:\/\/ladyloveseo.com\/fr\/wp-json\/wp\/v2\/pages\/11453","targetHints":{"allow":["GET"]}}],"collection":[{"href":"https:\/\/ladyloveseo.com\/fr\/wp-json\/wp\/v2\/pages"}],"about":[{"href":"https:\/\/ladyloveseo.com\/fr\/wp-json\/wp\/v2\/types\/page"}],"author":[{"embeddable":true,"href":"https:\/\/ladyloveseo.com\/fr\/wp-json\/wp\/v2\/users\/1"}],"replies":[{"embeddable":true,"href":"https:\/\/ladyloveseo.com\/fr\/wp-json\/wp\/v2\/comments?post=11453"}],"version-history":[{"count":2,"href":"https:\/\/ladyloveseo.com\/fr\/wp-json\/wp\/v2\/pages\/11453\/revisions"}],"predecessor-version":[{"id":11456,"href":"https:\/\/ladyloveseo.com\/fr\/wp-json\/wp\/v2\/pages\/11453\/revisions\/11456"}],"wp:attachment":[{"href":"https:\/\/ladyloveseo.com\/fr\/wp-json\/wp\/v2\/media?parent=11453"}],"curies":[{"name":"wp","href":"https:\/\/api.w.org\/{rel}","templated":true}]}}