{"id":11455,"date":"2018-12-04T15:58:13","date_gmt":"2018-12-04T21:58:13","guid":{"rendered":"https:\/\/ladyloveseo.com\/services\/redaction-de-contenu-adulte\/"},"modified":"2025-08-06T06:26:12","modified_gmt":"2025-08-06T11:26:12","slug":"redaction-de-contenu-adulte","status":"publish","type":"page","link":"https:\/\/ladyloveseo.com\/fr\/services\/redaction-de-contenu-adulte\/","title":{"rendered":"R\u00e9daction de contenu adulte"},"content":{"rendered":"<div class=\"wpb-content-wrapper\">[vc_row ct_row_stretch=\u00a0\u00bb\u00a0\u00bb css=\u00a0\u00bb.vc_custom_1543906707815{margin-top: 40px !important;}\u00a0\u00bb][vc_column width=\u00a0\u00bb1\/3&Prime;][vc_single_image image=\u00a0\u00bb8628&Prime; img_size=\u00a0\u00bblarge\u00a0\u00bb alignment=\u00a0\u00bbcenter\u00a0\u00bb style=\u00a0\u00bbvc_box_shadow_border\u00a0\u00bb css_animation=\u00a0\u00bbnone\u00a0\u00bb css=\u00a0\u00bb.vc_custom_1543919366799{margin-bottom: 4px !important;border-top-width: 3px !important;border-right-width: 3px !important;border-bottom-width: 3px !important;border-left-width: 3px !important;padding-top: 4px !important;padding-right: 4px !important;padding-bottom: 4px !important;padding-left: 4px !important;border-left-color: #ff0000 !important;border-left-style: solid !important;border-right-color: #ff0000 !important;border-right-style: solid !important;border-top-color: #ff0000 !important;border-top-style: solid !important;border-bottom-color: #ff0000 !important;border-bottom-style: solid !important;}\u00a0\u00bb][\/vc_column][vc_column width=\u00a0\u00bb2\/3&Prime; css=\u00a0\u00bb.vc_custom_1543919409093{margin-top: 40px !important;}\u00a0\u00bb]<div id=\"ultimate-heading-829169e01893ef9f7\" class=\"uvc-heading ult-adjust-bottom-margin ultimate-heading-829169e01893ef9f7 uvc-2389 \" data-hspacer=\"line_only\"  data-halign=\"left\" style=\"text-align:left\"><div class=\"uvc-main-heading ult-responsive\"  data-ultimate-target='.uvc-heading.ultimate-heading-829169e01893ef9f7 h1'  data-responsive-json-new='{\"font-size\":\"desktop:30px;\",\"line-height\":\"\"}' ><h1 style=\"font-weight:bold;\">R\u00c9DACTION DE CONTENU POUR ADULTES<\/h1><\/div><div class=\"uvc-heading-spacer line_only\" style=\"margin-top:2px;margin-bottom:20px;height:6px;\"><span class=\"uvc-headings-line\" style=\"border-style:double;border-bottom-width:6px;border-color:#ff0000;width:100px;\"><\/span><\/div><div class=\"uvc-sub-heading ult-responsive\"  data-ultimate-target='.uvc-heading.ultimate-heading-829169e01893ef9f7 .uvc-sub-heading '  data-responsive-json-new='{\"font-size\":\"desktop:16px;\",\"line-height\":\"desktop:30px;\"}'  style=\"font-weight:normal;\">Le contenu est l&rsquo;arme la plus puissante qui touche directement vos clients potentiels et les engage vers votre entreprise. C&rsquo;est la raison pour laquelle nous employons des r\u00e9dacteurs qui ont les mains propres en \u00e9criture et peuvent cr\u00e9er les blogs les plus percutants pour votre site web. Vous pouvez utiliser leur cr\u00e9ativit\u00e9 et construire une campagne de marketing commercial impressionnante avec facilit\u00e9.<\/div><\/div>[\/vc_column][\/vc_row][vc_row ct_row_stretch=\u00a0\u00bbstretch_row\u00a0\u00bb content_placement=\u00a0\u00bbmiddle\u00a0\u00bb bg_type=\u00a0\u00bbbg_color\u00a0\u00bb css=\u00a0\u00bb.vc_custom_1543908820266{margin-top: 40px !important;padding-top: 40px !important;padding-bottom: 40px !important;}\u00a0\u00bb bg_color_value=\u00a0\u00bb#f7f7f7&Prime;][vc_column]<div id=\"ultimate-heading-585569e01893efa3b\" class=\"uvc-heading ult-adjust-bottom-margin ultimate-heading-585569e01893efa3b uvc-7253 \" data-hspacer=\"line_only\"  data-halign=\"left\" style=\"text-align:left\"><div class=\"uvc-main-heading ult-responsive\"  data-ultimate-target='.uvc-heading.ultimate-heading-585569e01893efa3b h2'  data-responsive-json-new='{\"font-size\":\"desktop:24px;\",\"line-height\":\"\"}' ><h2 style=\"font-weight:bold;margin-bottom:4px;\">INVESTISSEZ DANS LA R\u00c9DACTION DE CONTENU POUR ADULTES ET UTILISEZ LES MERVEILLEUX AVANTAGES<\/h2><\/div><div class=\"uvc-heading-spacer line_only\" style=\"margin-top:2px;margin-bottom:20px;height:6px;\"><span class=\"uvc-headings-line\" style=\"border-style:double;border-bottom-width:6px;border-color:#ff0000;width:100px;\"><\/span><\/div><div class=\"uvc-sub-heading ult-responsive\"  data-ultimate-target='.uvc-heading.ultimate-heading-585569e01893efa3b .uvc-sub-heading '  data-responsive-json-new='{\"font-size\":\"desktop:16px;\",\"line-height\":\"desktop:30px;\"}'  style=\"font-weight:normal;\">Savez-vous que votre <strong>SEO commence et se termine<\/strong> par la r\u00e9daction de contenu de qualit\u00e9 ? Il est impossible d&rsquo;impl\u00e9menter une strat\u00e9gie d&rsquo;optimisation sans une strat\u00e9gie de contenu solide. Et, quand il s&rsquo;agit d&rsquo;optimisation pour moteurs de recherche pour adultes, l&rsquo;importance de la r\u00e9daction de contenu double.  <\/p>\n<p>Cela signifie directement \u00e9crire du contenu de mani\u00e8re \u00e0 ce qu&rsquo;il commence \u00e0 \u00eatre mieux class\u00e9 pour les recherches de mots-cl\u00e9s associ\u00e9s. Les r\u00e9dacteurs utilisent les mots-cl\u00e9s dans le titre de la page web ou de l&rsquo;article de blog puis les utilisent strat\u00e9giquement \u00e0 divers endroits. Id\u00e9alement, le contenu devrait \u00eatre optimis\u00e9 pour les moteurs de recherche ainsi que pour les humains. Et si vous embauchez des <strong>r\u00e9dacteurs exp\u00e9riment\u00e9s et cr\u00e9atifs pour ces t\u00e2ches, ce sera la cerise sur le g\u00e2teau.<\/strong>   <\/p>\n<p>Eh bien, maintenant c&rsquo;est possible avec <strong>LadyLove SEO<\/strong>. Nous avons une \u00e9quipe experte de r\u00e9dacteurs qui ont une exp\u00e9rience approfondie dans la r\u00e9daction pour sites web adultes. Leur pens\u00e9e cr\u00e9ative et leurs comp\u00e9tences pour exprimer les choses de mani\u00e8re impressionnante les rendent parfaits \u00e0 embaucher. En engageant nos services de r\u00e9daction, vous pouvez utiliser les avantages suivants sans tracas :   <\/p>\n<p>De nos jours, la validation sociale et les backlinks sont aussi importants que la qualit\u00e9 du contenu, le nombre de pages web et d&rsquo;articles de blog, et vos mots-cl\u00e9s. Dans de nombreux cas, m\u00eame si votre contenu est ordinaire, juste parce qu&rsquo;il est li\u00e9 depuis diff\u00e9rents sites web externes, il b\u00e9n\u00e9ficie de meilleurs classements, telle est l&rsquo;importance des <strong>backlinks.<\/strong> <\/p>\n<p><strong>Que fait Google ?<\/strong> Il observe les informations pr\u00e9cieuses pour les gens. S&rsquo;il n&rsquo;est pas capable de trouver des informations pr\u00e9cieuses bas\u00e9es sur les termes de recherche que les gens utilisent, les gens cesseront de l&rsquo;utiliser. C&rsquo;est pourquoi Google donne la priorit\u00e9 au contenu. Et si vous \u00eates capable de satisfaire les exigences de Google, vous utiliserez certainement de grands leviers. En fait, <strong>une large \u00e9quipe de docteurs en math\u00e9matiques chez Google travaille<\/strong> 24h\/24 pour cr\u00e9er des algorithmes afin d&rsquo;\u00e9liminer le contenu inf\u00e9rieur et pousser vers l&rsquo;avant le contenu de haute qualit\u00e9.<\/div><\/div>[\/vc_column][\/vc_row][vc_row ct_row_stretch=\u00a0\u00bb\u00a0\u00bb bg_type=\u00a0\u00bbbg_color\u00a0\u00bb css=\u00a0\u00bb.vc_custom_1543921328449{padding-top: 50px !important;padding-bottom: 30px !important;}\u00a0\u00bb bg_color_value=\u00a0\u00bb#d6d6d6&Prime;][vc_column]<div id=\"ultimate-heading-182869e01893efa5e\" class=\"uvc-heading ult-adjust-bottom-margin ultimate-heading-182869e01893efa5e uvc-9778 \" data-hspacer=\"line_only\"  data-halign=\"left\" style=\"text-align:left\"><div class=\"uvc-main-heading ult-responsive\"  data-ultimate-target='.uvc-heading.ultimate-heading-182869e01893efa5e h2'  data-responsive-json-new='{\"font-size\":\"desktop:30px;\",\"line-height\":\"\"}' ><h2 style=\"font-weight:bold;\">En quoi notre r\u00e9daction de contenu pour adultes est-elle meilleure que les autres ?<\/h2><\/div><div class=\"uvc-heading-spacer line_only\" style=\"margin-top:2px;margin-bottom:20px;height:6px;\"><span class=\"uvc-headings-line\" style=\"border-style:double;border-bottom-width:6px;border-color:#ff0000;width:100px;\"><\/span><\/div><\/div>[vc_row_inner][vc_column_inner width=\u00a0\u00bb1\/2&Prime;][vc_column_text css=\u00a0\u00bb.vc_custom_1543921532231{margin-top: 30px !important;padding-top: 20px !important;padding-right: 20px !important;padding-bottom: 20px !important;padding-left: 20px !important;background-color: #ffffff !important;}\u00a0\u00bb]\n<h4>Toujours \u00e9crire pour vos clients potentiels :<\/h4>\n<p>Lors de la r\u00e9daction du contenu, nous pensons toujours \u00e0 vos clients. Ind\u00e9niablement, vous \u00e9crivez pour vos clients, donc satisfaire leurs exigences est important. Nous cr\u00e9ons toujours du contenu qui les aide \u00e0 comprendre votre entreprise et comment ils peuvent b\u00e9n\u00e9ficier de vos services.[\/vc_column_text][\/vc_column_inner][vc_column_inner width=\u00a0\u00bb1\/2&Prime;][vc_column_text css=\u00a0\u00bb.vc_custom_1543921550957{margin-top: 30px !important;padding-top: 20px !important;padding-right: 20px !important;padding-bottom: 20px !important;padding-left: 20px !important;background-color: #ffffff !important;}\u00a0\u00bb]\n<h4>Informer, inspirer et divertir votre audience :<\/h4>\n<p>Ensuite, l&rsquo;aspect crucial de notre service de r\u00e9daction de contenu est la fiabilit\u00e9. Nous proposons toujours du contenu fiable et pertinent afin d&rsquo;informer, inspirer et divertir votre audience. Nous comprenons l&rsquo;importance de vos clients et r\u00e9pondons toujours \u00e0 leurs attentes.[\/vc_column_text][\/vc_column_inner][\/vc_row_inner][\/vc_column][\/vc_row]\n<\/div>","protected":false},"excerpt":{"rendered":"<p>[vc_row ct_row_stretch=\u00a0\u00bb\u00a0\u00bb css=\u00a0\u00bb.vc_custom_1543906707815{margin-top: 40px !important;}\u00a0\u00bb][vc_column width=\u00a0\u00bb1\/3&Prime;][vc_single_image image=\u00a0\u00bb8628&Prime; img_size=\u00a0\u00bblarge\u00a0\u00bb alignment=\u00a0\u00bbcenter\u00a0\u00bb style=\u00a0\u00bbvc_box_shadow_border\u00a0\u00bb css_animation=\u00a0\u00bbnone\u00a0\u00bb css=\u00a0\u00bb.vc_custom_1543919366799{margin-bottom: 4px !important;border-top-width: 3px !important;border-right-width: 3px !important;border-bottom-width: 3px !important;border-left-width: 3px !important;padding-top: 4px !important;padding-right: 4px !important;padding-bottom: 4px !important;padding-left: 4px !important;border-left-color: #ff0000 !important;border-left-style: solid !important;border-right-color: #ff0000 !important;border-right-style: solid !important;border-top-color: #ff0000 !important;border-top-style: solid !important;border-bottom-color: #ff0000 !important;border-bottom-style: solid !important;}\u00a0\u00bb][\/vc_column][vc_column width=\u00a0\u00bb2\/3&Prime; css=\u00a0\u00bb.vc_custom_1543919409093{margin-top: 40px !important;}\u00a0\u00bb][\/vc_column][\/vc_row][vc_row ct_row_stretch=\u00a0\u00bbstretch_row\u00a0\u00bb content_placement=\u00a0\u00bbmiddle\u00a0\u00bb bg_type=\u00a0\u00bbbg_color\u00a0\u00bb css=\u00a0\u00bb.vc_custom_1543908820266{margin-top: 40px &#8230;<\/p>\n","protected":false},"author":1,"featured_media":0,"parent":11453,"menu_order":0,"comment_status":"closed","ping_status":"closed","template":"","meta":{"footnotes":""},"class_list":["post-11455","page","type-page","status-publish","hentry"],"jetpack_sharing_enabled":true,"_links":{"self":[{"href":"https:\/\/ladyloveseo.com\/fr\/wp-json\/wp\/v2\/pages\/11455","targetHints":{"allow":["GET"]}}],"collection":[{"href":"https:\/\/ladyloveseo.com\/fr\/wp-json\/wp\/v2\/pages"}],"about":[{"href":"https:\/\/ladyloveseo.com\/fr\/wp-json\/wp\/v2\/types\/page"}],"author":[{"embeddable":true,"href":"https:\/\/ladyloveseo.com\/fr\/wp-json\/wp\/v2\/users\/1"}],"replies":[{"embeddable":true,"href":"https:\/\/ladyloveseo.com\/fr\/wp-json\/wp\/v2\/comments?post=11455"}],"version-history":[{"count":1,"href":"https:\/\/ladyloveseo.com\/fr\/wp-json\/wp\/v2\/pages\/11455\/revisions"}],"predecessor-version":[{"id":11457,"href":"https:\/\/ladyloveseo.com\/fr\/wp-json\/wp\/v2\/pages\/11455\/revisions\/11457"}],"up":[{"embeddable":true,"href":"https:\/\/ladyloveseo.com\/fr\/wp-json\/wp\/v2\/pages\/11453"}],"wp:attachment":[{"href":"https:\/\/ladyloveseo.com\/fr\/wp-json\/wp\/v2\/media?parent=11455"}],"curies":[{"name":"wp","href":"https:\/\/api.w.org\/{rel}","templated":true}]}}