{"id":11458,"date":"2019-04-03T04:11:11","date_gmt":"2019-04-03T09:11:11","guid":{"rendered":"https:\/\/ladyloveseo.com\/services\/services-seo-et-marketing-pour-strip-teaseuses\/"},"modified":"2025-08-06T06:26:27","modified_gmt":"2025-08-06T11:26:27","slug":"services-seo-et-marketing-pour-strip-teaseuses","status":"publish","type":"page","link":"https:\/\/ladyloveseo.com\/fr\/services\/services-seo-et-marketing-pour-strip-teaseuses\/","title":{"rendered":"Services SEO et marketing pour strip-teaseuses"},"content":{"rendered":"<div class=\"wpb-content-wrapper\">[vc_row ct_row_stretch=\u00a0\u00bb\u00a0\u00bb css=\u00a0\u00bb.vc_custom_1543906707815{margin-top: 40px !important;}\u00a0\u00bb][vc_column width=\u00a0\u00bb2\/3&Prime;]<div id=\"ultimate-heading-350469e01c9ad1562\" class=\"uvc-heading ult-adjust-bottom-margin ultimate-heading-350469e01c9ad1562 uvc-3051 \" data-hspacer=\"line_only\"  data-halign=\"left\" style=\"text-align:left\"><div class=\"uvc-main-heading ult-responsive\"  data-ultimate-target='.uvc-heading.ultimate-heading-350469e01c9ad1562 h1'  data-responsive-json-new='{\"font-size\":\"desktop:30px;\",\"line-height\":\"\"}' ><h1 style=\"font-weight:bold;\">Services SEO pour strip-teaseuses destin\u00e9s aux entreprises de divertissement pour adultes<\/h1><\/div><div class=\"uvc-heading-spacer line_only\" style=\"margin-top:2px;margin-bottom:20px;height:6px;\"><span class=\"uvc-headings-line\" style=\"border-style:double;border-bottom-width:6px;border-color:#ff0000;width:100px;\"><\/span><\/div><\/div>[vc_column_text]L&rsquo;<strong>\u00e9quipe SEO Lady Love<\/strong> poss\u00e8de plusieurs ann\u00e9es d&rsquo;expertise d\u00e9di\u00e9e dans la fourniture de <strong>services SEO pour strip-teaseuses<\/strong> de premier niveau. Le march\u00e9 du divertissement pour adultes n\u00e9cessite une approche SEO compl\u00e8tement diff\u00e9rente pour faire classer votre site web parmi les premiers r\u00e9sultats de recherche. Les professionnels SEO qualifi\u00e9s de l&rsquo;\u00e9quipe vous lib\u00e8rent du stress pour \u00e9lever votre site web de mani\u00e8re surprenante au niveau sup\u00e9rieur. En comprenant les priorit\u00e9s des moteurs de recherche, nous sommes constamment class\u00e9s comme le premier choix pour le <strong>SEO pour clubs de strip-tease<\/strong> sur les principaux moteurs de recherche.   <\/p>\n<p>L&rsquo;organisation travaille de mani\u00e8re d\u00e9di\u00e9e pour fournir une satisfaction compl\u00e8te du service SEO aux clients en gardant \u00e0 l&rsquo;esprit leurs exigences. Toute organisation est connue gr\u00e2ce aux employ\u00e9s experts travaillant avec succ\u00e8s pour atteindre l&rsquo;objectif. En gardant des vues similaires parmi nos principales pr\u00e9occupations, nous avons \u00e9tabli une base solide de professionnels SEO hautement comp\u00e9tents et bien exp\u00e9riment\u00e9s recrut\u00e9s dans l&rsquo;industrie similaire.  <\/p>\n<p><strong>Lady Love SEO<\/strong> donne la priorit\u00e9 \u00e0 la fourniture de strat\u00e9gies SEO white hat pour les danseurs exotiques masculins et f\u00e9minins \u00e0 des prix tr\u00e8s efficaces et tr\u00e8s abordables. Les strat\u00e9gies SEO sont mises en \u0153uvre \u00e0 la fois pour les <strong>strip-teaseurs masculins, strip-teaseuses f\u00e9minines<\/strong> ainsi que pour le SEO des danseurs exotiques, le SEO pour clubs de strip-tease, les <strong><a href=\"https:\/\/ladyloveseo.com\/nightclub-seo-services\/\">services-SEO-bo\u00eetes-de-nuit<\/a>.<\/strong> Le <strong><a href=\"https:\/\/ladyloveseo.com\/services\/seo-for-escort-agencies\/\">service SEO d&rsquo;escorte<\/a><\/strong> est m\u00eame corr\u00e9l\u00e9 avec le SEO de mod\u00e8les par notre organisation de marque la plus chaude. Cela m\u00e8ne en outre \u00e0 la gestion de la r\u00e9putation en ligne, g\u00e9n\u00e9rant un buzz autour des plateformes de m\u00e9dias sociaux pour les mod\u00e8les et la gestion de la r\u00e9putation en ligne ou des objectifs de branding.   <strong>  <\/strong>[\/vc_column_text][\/vc_column][vc_column width=\u00a0\u00bb1\/3&Prime; css=\u00a0\u00bb.vc_custom_1543907843111{margin-top: 20px !important;}\u00a0\u00bb][vc_single_image image=\u00a0\u00bb9133&Prime; img_size=\u00a0\u00bblarge\u00a0\u00bb alignment=\u00a0\u00bbcenter\u00a0\u00bb style=\u00a0\u00bbvc_box_shadow_border\u00a0\u00bb css_animation=\u00a0\u00bbnone\u00a0\u00bb css=\u00a0\u00bb.vc_custom_1554358646648{margin-bottom: 4px !important;border-top-width: 3px !important;border-right-width: 3px !important;border-bottom-width: 3px !important;border-left-width: 3px !important;padding-top: 4px !important;padding-right: 4px !important;padding-bottom: 4px !important;padding-left: 4px !important;border-left-color: #ff0000 !important;border-left-style: solid !important;border-right-color: #ff0000 !important;border-right-style: solid !important;border-top-color: #ff0000 !important;border-top-style: solid !important;border-bottom-color: #ff0000 !important;border-bottom-style: solid !important;}\u00a0\u00bb][\/vc_column][\/vc_row][vc_row ct_row_stretch=\u00a0\u00bbstretch_row\u00a0\u00bb content_placement=\u00a0\u00bbmiddle\u00a0\u00bb css=\u00a0\u00bb.vc_custom_1654118323991{margin-top: 40px !important;padding-top: 40px !important;padding-bottom: 40px !important;}\u00a0\u00bb][vc_column css=\u00a0\u00bb.vc_custom_1554358798415{margin-top: -20px !important;}\u00a0\u00bb][vc_column_text css=\u00a0\u00bb.vc_custom_1554359695614{margin-bottom: -60px !important;}\u00a0\u00bb]Nos services SEO sont con\u00e7us sur mesure pour r\u00e9pondre aux n\u00e9cessit\u00e9s de nos clients situ\u00e9s dans le monde entier sous tous les aspects. Notre \u00e9quipe professionnelle principale d&rsquo;experts aide \u00e0 donner une importance unique \u00e0 tous ces facteurs de classement de sites web par Google et d&rsquo;autres moteurs de recherche bien class\u00e9s. Les strat\u00e9gies SEO et de marketing num\u00e9rique mises en \u0153uvre par notre organisation fonctionnent de mani\u00e8re \u00e0 atteindre l&rsquo;objectif mondialement dans le monde entier. Les facteurs de classement ne forcent pas seulement l&rsquo;analyse de recherche Google \u00e0 classer les sites web concern\u00e9s, mais m\u00eame les autres moteurs de recherche de renomm\u00e9e mondiale incluant msn, yahoo etc trouvent toutes les exigences SEO n\u00e9cessaires pour classer ces sites web en premi\u00e8re page.[\/vc_column_text][\/vc_column][\/vc_row][vc_row ct_row_stretch=\u00a0\u00bb\u00a0\u00bb bg_type=\u00a0\u00bbbg_color\u00a0\u00bb css=\u00a0\u00bb.vc_custom_1543917683383{margin-top: 40px !important;padding-top: 50px !important;padding-bottom: 30px !important;}\u00a0\u00bb bg_color_value=\u00a0\u00bb#d6d6d6&Prime;][vc_column]<div id=\"ultimate-heading-774469e01c9ad159d\" class=\"uvc-heading ult-adjust-bottom-margin ultimate-heading-774469e01c9ad159d uvc-1484 \" data-hspacer=\"line_only\"  data-halign=\"left\" style=\"text-align:left\"><div class=\"uvc-main-heading ult-responsive\"  data-ultimate-target='.uvc-heading.ultimate-heading-774469e01c9ad159d h2'  data-responsive-json-new='{\"font-size\":\"desktop:40px;\",\"line-height\":\"\"}' ><h2 style=\"font-weight:bold;\">D\u00e9couvrez les services SEO pour strip-teaseuses et clubs pour assurer des classements de recherche en premi\u00e8re page<\/h2><\/div><div class=\"uvc-heading-spacer line_only\" style=\"margin-top:2px;margin-bottom:20px;height:6px;\"><span class=\"uvc-headings-line\" style=\"border-style:double;border-bottom-width:6px;border-color:#ff0000;width:100px;\"><\/span><\/div><\/div>[vc_column_text]\n<ul>\n<li><span style=\"color: #ff0000;\"><strong>Services SEO sur site<\/strong> :<\/span> Les services d&rsquo;optimisation sur site sont compl\u00e8tement cibl\u00e9s par les professionnels de notre organisation en gardant \u00e0 l&rsquo;esprit les aspects de classement des sites web. Les strat\u00e9gies incluant les m\u00e9ta-descriptions, l&rsquo;utilisation intelligente des m\u00e9ta-tags, l&rsquo;optimisation d&rsquo;images comme facteur re\u00e7oivent une attention extr\u00eame et sont trait\u00e9es comme les blocs de construction principaux pour le classement. <\/li>\n<\/ul>\n<p>De plus, les meilleurs contenus informatifs et conviviaux avec des pratiques SEO optimis\u00e9es sont toujours pr\u00e9f\u00e9r\u00e9s pour mettre en \u0153uvre avec succ\u00e8s les <strong>strat\u00e9gies SEO pour strip-teaseurs et strip-teaseuses<\/strong> <strong>masculins et f\u00e9minins<\/strong>. L&rsquo;approche nous a aid\u00e9s \u00e0 nous s\u00e9parer du groupe et \u00e0 cr\u00e9er une identit\u00e9 unique en tant que principal fournisseur de services SEO pour sites web adultes. <\/p>\n<p>Les ensembles de facteurs mentionn\u00e9s sont bien connus pour am\u00e9liorer le classement du site web dans les moteurs de recherche dans les plus brefs d\u00e9lais. De plus, d&rsquo;autres facteurs sur site incluant la r\u00e9activit\u00e9 mobile, les extraits structur\u00e9s et la vitesse re\u00e7oivent m\u00eame une attention sp\u00e9ciale de l&rsquo;organisation. En raison de la gamme d\u00e9di\u00e9e de polyvalence vers les services de marketing num\u00e9rique pour strip-teaseurs masculins, nous avons r\u00e9ussi \u00e0 gagner une publicit\u00e9 de bouche \u00e0 oreille \u00e9galement.  <\/p>\n<ul>\n<li><span style=\"color: #ff0000;\"><strong>Recherche de march\u00e9 et de mots-cl\u00e9s<\/strong> :<\/span> <strong>Lady Love SEO<\/strong> assure les meilleurs processus de recherche de march\u00e9 et de mots-cl\u00e9s menant \u00e0 une optimisation optimale du site web pour les mots-cl\u00e9s sp\u00e9cifiques bas\u00e9s sur la recherche. Les strat\u00e9gies de marketing de services pour strip-teaseuses f\u00e9minines permettent de faire appara\u00eetre le site web dans les premiers r\u00e9sultats de recherche pour des ensembles sp\u00e9cifiques de requ\u00eates effectu\u00e9es par les utilisateurs. <\/li>\n<\/ul>\n<p>Cette approche est l&rsquo;une des meilleures priorit\u00e9s pour r\u00e9pondre aux n\u00e9cessit\u00e9s du client pour faire classer son site web dans les SERP sans d\u00e9lai. En cons\u00e9quence, l&rsquo;entreprise prosp\u00e8re avec l&rsquo;\u00e9volution de profits maximis\u00e9s. L&rsquo;expertise d\u00e9di\u00e9e des professionnels fonctionne au mieux pour r\u00e9pondre \u00e0 cette n\u00e9cessit\u00e9 SEO la plus pr\u00e9cieuse. Des ensembles de mots-cl\u00e9s incluant le <strong>SEO pour strip-teaseurs masculins, SEO pour strip-teaseuses f\u00e9minines<\/strong> ainsi que les autres mots-cl\u00e9s concern\u00e9s sont trait\u00e9s s\u00e9rieusement pour fournir au site web un classement de niveau sup\u00e9rieur.   <\/p>\n<ul>\n<li><span style=\"color: #ff0000;\"><strong>Existence de consultants SEO<\/strong> :<\/span> L&rsquo;\u00e9quipe SEO de l&rsquo;entreprise travaille de mani\u00e8re coh\u00e9rente en mettant en \u0153uvre leurs comp\u00e9tences durement acquises pour faire cro\u00eetre l&rsquo;entreprise en un rien de temps. Nous avons une gamme d&rsquo;ensembles de comp\u00e9tences d\u00e9di\u00e9es de nos consultants SEO hautement form\u00e9s et bien exp\u00e9riment\u00e9s au sein de l&rsquo;entreprise. Cela se concentre sur le travail avec l&rsquo;\u00e9quipe marketing des clients pour atteindre les objectifs commerciaux cibl\u00e9s et battre les concurrents rapidement.  <\/li>\n<\/ul>\n<p>Cela r\u00e9sultera en des d\u00e9veloppements strat\u00e9giques dans le classement de tous ces sites web et maximisera les revenus avec une quantit\u00e9 accrue de trafic de divers pays \u00e0 travers le monde. M\u00eame l&rsquo;\u00e9quipe est pr\u00eate \u00e0 prendre le projet \u00e0 temps plein en comprenant l&rsquo;urgence commerciale du client concern\u00e9. De telles approches organis\u00e9es nous ont rendus l&rsquo;un des meilleurs fournisseurs de services SEO mondialement exclusivement pour les services d&rsquo;escorte.  <\/p>\n<ul>\n<li><span style=\"color: #ff0000;\"><strong>Services bas\u00e9s sur l&rsquo;audit SEO de sites web de strip-teaseuses<\/strong> :<\/span> Les experts SEO travaillant sous l&rsquo;organisation sont bien exp\u00e9riment\u00e9s et hautement qualifi\u00e9s dans l&rsquo;utilisation d&rsquo;une gamme exclusive d&rsquo;outils SEO co\u00fbteux pour faire classer le site web selon les strat\u00e9gies SEO fournies. Les experts bas\u00e9s sur les facteurs SEO font l&rsquo;analyse compl\u00e8te du site web. Cela d\u00e9tecte \u00e9videmment les facteurs SEO non optimis\u00e9s cr\u00e9ant des obstacles dans le meilleur classement de site web.  <\/li>\n<\/ul>\n<p>Les probl\u00e8mes de classement de site web et les probl\u00e8mes d&rsquo;exploration en temps opportun effectu\u00e9s par les moteurs de recherche sont mis en \u0153uvre avec succ\u00e8s pour de meilleurs r\u00e9sultats et selon les attentes du client. Si un probl\u00e8me existe, des mesures n\u00e9cessaires imm\u00e9diates sont prises pour l&rsquo;\u00e9radication compl\u00e8te du probl\u00e8me.<\/p>\n<ul>\n<li><span style=\"color: #ff0000;\"><strong>Services de cr\u00e9ation de liens<\/strong> :<\/span> L&rsquo;am\u00e9lioration constante de l&rsquo;autorit\u00e9 et du classement de tous ces sites web d\u00e9pend encore des facteurs de cr\u00e9ation de liens. L&rsquo;\u00e9quipe comp\u00e9tente et exp\u00e9riment\u00e9e de professionnels assure la cr\u00e9ation de liens de haute qualit\u00e9 pour maintenir le site web statique en premi\u00e8re page des r\u00e9sultats de recherche. En cons\u00e9quence, le site web augmente de mani\u00e8re \u00e9tonnante avec de bien meilleures conversions de revenus et comme d\u00e9sir\u00e9 par les clients.<\/li>\n<li><span style=\"color: #ff0000;\"><strong>Services de marketing de contenu professionnel<\/strong> :<\/span> Google et la plupart des autres moteurs de recherche croient encore que \u00ab le contenu est roi \u00bb pour tous les sites web y compris le n\u00f4tre \u00e9galement. Comprenant la rigueur des principaux moteurs de recherche, seule l&rsquo;\u00e9quipe de services SEO la plus pr\u00e9f\u00e9r\u00e9e met de pr\u00e9f\u00e9rence en avant des contenus recherchables. Nous accordons une grande importance \u00e0 cette approche pour rester l&rsquo;un des services SEO d&rsquo;escorte.<\/li>\n<li><span style=\"color: #ff0000;\"><strong>Ensembles exceptionnels de cr\u00e9ateurs de contenu :<\/strong><\/span> Pour r\u00e9pondre \u00e0 tous les crit\u00e8res essentiels selon les n\u00e9cessit\u00e9s du client, nous avons un ensemble hautement exp\u00e9riment\u00e9 et bien professionnel de cr\u00e9ateurs de contenu pour tous ces sites web. Nous nous engageons \u00e0 fournir des contenus exceptionnels et les plus d\u00e9sir\u00e9s en gardant une trace intelligente des exigences du client.<\/li>\n<li><span style=\"color: #ff0000;\"><strong>Notori\u00e9t\u00e9 de marque accrue<\/strong> :<\/span> La notori\u00e9t\u00e9 de marque joue \u00e9videmment le r\u00f4le le plus important pour rendre le site web populaire parmi la large majorit\u00e9 du public. Nous avons une longue existence dans le domaine des services de marketing num\u00e9rique. Des marques mondialement c\u00e9l\u00e8bres et des c\u00e9l\u00e9brit\u00e9s internationales sont en contact \u00e9troit avec l&rsquo;organisation nous aidant \u00e0 faire cro\u00eetre le site web de notre client avec facilit\u00e9.<\/li>\n<\/ul>\n<p>Une gamme diversifi\u00e9e d&rsquo;industries est m\u00eame en contact \u00e9troit pour am\u00e9liorer la popularit\u00e9 de la marque. Cette sp\u00e9cialisation avec la notori\u00e9t\u00e9 de marque aidera l&rsquo;entreprise des clients \u00e0 cro\u00eetre \u00e0 un rythme exceptionnel augmentant la cr\u00e9dibilit\u00e9 et l&rsquo;autorit\u00e9 de l&rsquo;entreprise.<\/p>\n<ul>\n<li><span style=\"color: #ff0000;\"><strong>R\u00e9cup\u00e9ration de p\u00e9nalit\u00e9 Google<\/strong> :<\/span> Les audits de liens continus concernant le service SEO pour strip-teaseuses et les processus de r\u00e9vision lib\u00e8rent notre client situ\u00e9 internationalement de toute inqui\u00e9tude. Ils n&rsquo;ont pas besoin de s&rsquo;inqui\u00e9ter concernant la chute des classements de site web due aux strat\u00e9gies SEO ind\u00e9sirables adopt\u00e9es par les moteurs de recherche de renomm\u00e9e mondiale. Google utilise souvent pour p\u00e9naliser le site web tentant une strat\u00e9gie comme le SEO black hat.<\/li>\n<\/ul>\n<p>En cons\u00e9quence, nous sommes fiers de pr\u00e9senter les contenus les plus d\u00e9sir\u00e9s du client ainsi que le site web selon les techniques SEO white hat. Notre ensemble d\u00e9di\u00e9 d&rsquo;experts professionnels fait tomber le client amoureux des techniques SEO white hat seulement. Cela rend le site web du client libre de p\u00e9nalit\u00e9 de Google. Nous sommes stricts dans le suivi seulement des services de cr\u00e9ation de liens dirig\u00e9s par Google.<\/p>\n<ul>\n<li><span style=\"color: #ff0000;\"><strong>Promotion sur les m\u00e9dias sociaux<\/strong> :<\/span> La promotion sur les m\u00e9dias sociaux joue un r\u00f4le vital pour gagner l&rsquo;attention du public situ\u00e9 mondialement et augmenter le trafic du site web. Les signaux des m\u00e9dias sociaux ne sont pas encore admir\u00e9s selon les strat\u00e9gies de moteur de recherche pour classer les sites web. Mais les campagnes de m\u00e9dias sociaux sont la plus grande source pour gagner une visibilit\u00e9 mondiale et atteindre les clients cibl\u00e9s augmentant la valeur de marque du site web et la reconnaissance mondiale.<\/li>\n<li><span style=\"color: #ff0000;\"><strong>Coordination strat\u00e9gique parmi les r\u00e9seaux sociaux r\u00e9put\u00e9s :<\/strong><\/span> Notre organisation s&rsquo;engage \u00e0 \u00e9tendre la port\u00e9e mondiale des sites web en utilisant les meilleurs services de marketing en ligne. Tous les m\u00e9dias sociaux renomm\u00e9s incluant Facebook, Twitter, Instagram sont approch\u00e9s par nous pour attirer l&rsquo;attention des utilisateurs int\u00e9ress\u00e9s. En cons\u00e9quence, le SEO automatique se fait sans mettre en \u0153uvre sp\u00e9cifiquement aucune des strat\u00e9gies SEO sp\u00e9cifiques pour le classement de site web.<\/li>\n<\/ul>\n[\/vc_column_text][vc_empty_space][vc_column_text]\n<blockquote><p><strong>Nous fournissons des services de marketing num\u00e9rique uniques et conviviaux pour les entreprises aux clients situ\u00e9s mondialement. La devise principale derri\u00e8re la fourniture de tels services aux clients est de faire classer leur site web dans les moteurs de recherche (de pr\u00e9f\u00e9rence en premi\u00e8re page) bas\u00e9 sur certains mots-cl\u00e9s sp\u00e9cifiques et processus de recherche. En cons\u00e9quence, les utilisateurs sont inclin\u00e9s \u00e0 parcourir les contenus du site web menant \u00e0 un trafic r\u00e9gulier du site web et des revenus accrus.<\/strong><\/p><\/blockquote>\n[\/vc_column_text][\/vc_column][\/vc_row]\n<\/div>","protected":false},"excerpt":{"rendered":"<p>[vc_row ct_row_stretch=\u00a0\u00bb\u00a0\u00bb css=\u00a0\u00bb.vc_custom_1543906707815{margin-top: 40px !important;}\u00a0\u00bb][vc_column width=\u00a0\u00bb2\/3&Prime;][vc_column_text]L&rsquo;\u00e9quipe SEO Lady Love poss\u00e8de plusieurs ann\u00e9es d&rsquo;expertise d\u00e9di\u00e9e dans la fourniture de services SEO pour strip-teaseuses de premier niveau. Le march\u00e9 du divertissement pour adultes n\u00e9cessite une approche SEO compl\u00e8tement diff\u00e9rente pour faire classer votre site web parmi les premiers r\u00e9sultats de recherche. Les professionnels SEO qualifi\u00e9s de l&rsquo;\u00e9quipe &#8230;<\/p>\n","protected":false},"author":1,"featured_media":0,"parent":11453,"menu_order":0,"comment_status":"closed","ping_status":"closed","template":"","meta":{"footnotes":""},"class_list":["post-11458","page","type-page","status-publish","hentry"],"jetpack_sharing_enabled":true,"_links":{"self":[{"href":"https:\/\/ladyloveseo.com\/fr\/wp-json\/wp\/v2\/pages\/11458","targetHints":{"allow":["GET"]}}],"collection":[{"href":"https:\/\/ladyloveseo.com\/fr\/wp-json\/wp\/v2\/pages"}],"about":[{"href":"https:\/\/ladyloveseo.com\/fr\/wp-json\/wp\/v2\/types\/page"}],"author":[{"embeddable":true,"href":"https:\/\/ladyloveseo.com\/fr\/wp-json\/wp\/v2\/users\/1"}],"replies":[{"embeddable":true,"href":"https:\/\/ladyloveseo.com\/fr\/wp-json\/wp\/v2\/comments?post=11458"}],"version-history":[{"count":2,"href":"https:\/\/ladyloveseo.com\/fr\/wp-json\/wp\/v2\/pages\/11458\/revisions"}],"predecessor-version":[{"id":11460,"href":"https:\/\/ladyloveseo.com\/fr\/wp-json\/wp\/v2\/pages\/11458\/revisions\/11460"}],"up":[{"embeddable":true,"href":"https:\/\/ladyloveseo.com\/fr\/wp-json\/wp\/v2\/pages\/11453"}],"wp:attachment":[{"href":"https:\/\/ladyloveseo.com\/fr\/wp-json\/wp\/v2\/media?parent=11458"}],"curies":[{"name":"wp","href":"https:\/\/api.w.org\/{rel}","templated":true}]}}