{"id":11461,"date":"2018-12-25T06:26:23","date_gmt":"2018-12-25T12:26:23","guid":{"rendered":"https:\/\/ladyloveseo.com\/ecrivez-pour-nous\/"},"modified":"2025-08-06T06:27:05","modified_gmt":"2025-08-06T11:27:05","slug":"ecrivez-pour-nous","status":"publish","type":"page","link":"https:\/\/ladyloveseo.com\/fr\/ecrivez-pour-nous\/","title":{"rendered":"\u00c9crivez pour nous"},"content":{"rendered":"<div class=\"wpb-content-wrapper\">[vc_row ct_row_stretch=\u00a0\u00bb\u00a0\u00bb][vc_column]<div id=\"ultimate-heading-221269d0c7bbf3bfa\" class=\"uvc-heading ult-adjust-bottom-margin ultimate-heading-221269d0c7bbf3bfa uvc-992 \" data-hspacer=\"no_spacer\"  data-halign=\"left\" style=\"text-align:left\"><div class=\"uvc-heading-spacer no_spacer\" style=\"top\"><\/div><div class=\"uvc-sub-heading ult-responsive\"  data-ultimate-target='.uvc-heading.ultimate-heading-221269d0c7bbf3bfa .uvc-sub-heading '  data-responsive-json-new='{\"font-size\":\"\",\"line-height\":\"\"}'  style=\"font-weight:normal;margin-bottom:15px;\">\n<h1><\/h1>\n<h1>\u00c9crivez pour nous<\/h1>\n<p>On nous demande g\u00e9n\u00e9ralement si nous acceptons les articles invit\u00e9s. Oui, nous le faisons et nous adorons les recevoir. Les articles invit\u00e9s nous apportent, \u00e0 nous et \u00e0 nos lecteurs, des perspectives qui diff\u00e8rent des n\u00f4tres, et parfois m\u00eame remettent en question les n\u00f4tres.  <\/p>\n<h3><strong>Voici ce que nous pouvons faire pour vous.<\/strong><\/h3>\n<p>Nous pouvons transmettre votre message \u00e0 travers l&rsquo;article \u00e0 un public plus large et offrir plus de visibilit\u00e9 \u00e0 votre travail ou \u00e0 votre entreprise. Nos r\u00e9dacteurs invit\u00e9s viennent de tous types de milieux et d&rsquo;entreprises, mais tous cr\u00e9ent du contenu efficace dont nous savons qu&rsquo;il int\u00e9ressera nos lecteurs. <\/p>\n<p>Si vous souhaitez soumettre un article invit\u00e9, vous pouvez nous contacter. Mais avant de le faire, il est essentiel que vous compreniez nos directives : <\/p>\n<ul>\n<li>Le contenu doit \u00eatre frais, percutant et sur le sujet.<\/li>\n<li>Le contenu doit \u00eatre exempt d&rsquo;erreurs grammaticales.<\/li>\n<li>Nos blogs ciblent un public averti. Ainsi, le contenu doit \u00eatre capable de transmettre une vision claire et pr\u00e9cise au public. <\/li>\n<li>Le contenu doit \u00eatre 100 % original.<\/li>\n<li>Nous ne limitons jamais nos contributeurs \u00e0 des sujets restreints. Ainsi, chacun peut \u00e9crire sur sa passion, son entreprise et autres int\u00e9r\u00eats li\u00e9s \u00e0 notre niche. <\/li>\n<li>Vous pouvez \u00e9galement inclure des images dans le contenu. Mais assurez-vous de poss\u00e9der les droits d&rsquo;auteur de toutes les images que vous soumettez avec vos articles ou d&rsquo;inclure les cr\u00e9dits d&rsquo;image. <\/li>\n<li>La longueur de l&rsquo;article doit \u00eatre d&rsquo;un minimum de 1000 \u00e0 1500 mots.<\/li>\n<li>R\u00e9digez \u00e9galement une courte biographie d&rsquo;auteur.<\/li>\n<\/ul>\n<p>&nbsp;<\/p>\n<table id=\"tablepress-62\" class=\"tablepress tablepress-id-62\">\n<tbody class=\"row-hover\">\n<tr class=\"row-1 odd\">\n<td class=\"column-1\">Escort News + \u00ab blog invit\u00e9 \u00bb<\/td>\n<td class=\"column-2\">Escort News + \u00ab directives contributeur \u00bb<\/td>\n<\/tr>\n<tr class=\"row-2 even\">\n<td class=\"column-1\">Rencontres + \u00ab blogueur invit\u00e9 \u00bb<\/td>\n<td class=\"column-2\">Rencontres + \u00ab \u00e9crivez pour nous \u00bb<\/td>\n<\/tr>\n<tr class=\"row-3 odd\">\n<td class=\"column-1\">Relations + \u00ab chronique invit\u00e9e \u00bb<\/td>\n<td class=\"column-2\">Massage \u00c9rotique + \u00ab \u00e9crivez pour moi \u00bb<\/td>\n<\/tr>\n<tr class=\"row-4 even\">\n<td class=\"column-1\">Escort News + \u00ab article invit\u00e9 \u00bb<\/td>\n<td class=\"column-2\">Massage \u00c9rotique + \u00ab devenir contributeur \u00bb<\/td>\n<\/tr>\n<tr class=\"row-5 odd\">\n<td class=\"column-1\">Rencontres + \u00ab articles invit\u00e9s recherch\u00e9s \u00bb<\/td>\n<td class=\"column-2\">Relations + \u00ab contribuer \u00e0 ce site \u00bb<\/td>\n<\/tr>\n<tr class=\"row-6 even\">\n<td class=\"column-1\">Relations + \u00ab opportunit\u00e9s d&rsquo;articles invit\u00e9s \u00bb<\/td>\n<td class=\"column-2\">Rencontres + \u00ab r\u00e9dacteur invit\u00e9 recherch\u00e9 \u00bb<\/td>\n<\/tr>\n<tr class=\"row-7 odd\">\n<td class=\"column-1\">Rencontres + \u00ab devenir blogueur invit\u00e9 \u00bb<\/td>\n<td class=\"column-2\">Escort News + \u00ab recherche d&rsquo;articles invit\u00e9s \u00bb<\/td>\n<\/tr>\n<tr class=\"row-8 even\">\n<td class=\"column-1\">Escort News + \u00ab r\u00e9dacteur contributeur \u00bb<\/td>\n<td class=\"column-2\">Massage \u00c9rotique + \u00ab devenir auteur \u00bb<\/td>\n<\/tr>\n<tr class=\"row-9 odd\">\n<td class=\"column-1\">Rencontres+ \u00ab soumettre article de blog \u00bb<\/td>\n<td class=\"column-2\">Relations + \u00ab soumettre article invit\u00e9 \u00bb<\/td>\n<\/tr>\n<tr class=\"row-10 even\">\n<td class=\"column-1\">Escort News + \u00ab accepte les articles invit\u00e9s \u00bb<\/td>\n<td class=\"column-2\">Rencontres + \u00ab sugg\u00e9rer un article \u00bb<\/td>\n<\/tr>\n<tr class=\"row-11 odd\">\n<td class=\"column-1\">Relations + \u00ab contribuer \u00e0 notre site \u00bb<\/td>\n<td class=\"column-2\">Escort News + inurl:category\/guest<\/td>\n<\/tr>\n<tr class=\"row-12 even\">\n<td class=\"column-1\">Rencontres + \u00ab soumettre du contenu \u00bb<\/td>\n<td class=\"column-2\">Massage \u00c9rotique + inurl:contributors<\/td>\n<\/tr>\n<tr class=\"row-13 odd\">\n<td class=\"column-1\">Escort News + \u00ab soumettre article de blog \u00bb<\/td>\n<td class=\"column-2\">allintitle:Massage \u00c9rotique + article invit\u00e9<\/td>\n<\/tr>\n<tr class=\"row-14 even\">\n<td class=\"column-1\">Relations + \u00ab soumettez votre article \u00bb<\/td>\n<td class=\"column-2\">allintitle:Escort + \u00e9crivez pour nous<\/td>\n<\/tr>\n<tr class=\"row-15 odd\">\n<td class=\"column-1\">Escort News + \u00ab directives articles invit\u00e9s \u00bb<\/td>\n<td class=\"column-2\">allintitle:Relations + soumettre article de blog<\/td>\n<\/tr>\n<\/tbody>\n<\/table>\n<p>Donc, si vous \u00eates au clair avec toutes nos exigences et souhaitez atteindre un large public, contactez-nous (<a href=\"mailto:contact@ladyloveseo.com\"><strong><span style=\"color: #ff0000;\">contact@ladyloveseo.com<\/span><\/strong><\/a>). \u00c9crire pour nous vous aidera \u00e0 bien des \u00e9gards. Vous pouvez facilement rencontrer votre public cible et am\u00e9liorer efficacement la visibilit\u00e9 de votre entreprise de mani\u00e8re tr\u00e8s captivante. Votre publication d&rsquo;articles invit\u00e9s incitera vos clients \u00e0 s&rsquo;associer avec vous sur le long terme.   <\/p>\n<p>Bonne chance !<br \/>\n<strong>L&rsquo;\u00e9quipe Lady Love<\/strong><\/div><\/div>[vc_empty_space][\/vc_column][\/vc_row]\n<\/div>","protected":false},"excerpt":{"rendered":"<p>[vc_row ct_row_stretch=\u00a0\u00bb\u00a0\u00bb][vc_column][vc_empty_space][\/vc_column][\/vc_row]<\/p>\n","protected":false},"author":1,"featured_media":0,"parent":0,"menu_order":0,"comment_status":"closed","ping_status":"closed","template":"","meta":{"footnotes":""},"class_list":["post-11461","page","type-page","status-publish","hentry"],"jetpack_sharing_enabled":true,"_links":{"self":[{"href":"https:\/\/ladyloveseo.com\/fr\/wp-json\/wp\/v2\/pages\/11461","targetHints":{"allow":["GET"]}}],"collection":[{"href":"https:\/\/ladyloveseo.com\/fr\/wp-json\/wp\/v2\/pages"}],"about":[{"href":"https:\/\/ladyloveseo.com\/fr\/wp-json\/wp\/v2\/types\/page"}],"author":[{"embeddable":true,"href":"https:\/\/ladyloveseo.com\/fr\/wp-json\/wp\/v2\/users\/1"}],"replies":[{"embeddable":true,"href":"https:\/\/ladyloveseo.com\/fr\/wp-json\/wp\/v2\/comments?post=11461"}],"version-history":[{"count":2,"href":"https:\/\/ladyloveseo.com\/fr\/wp-json\/wp\/v2\/pages\/11461\/revisions"}],"predecessor-version":[{"id":11463,"href":"https:\/\/ladyloveseo.com\/fr\/wp-json\/wp\/v2\/pages\/11461\/revisions\/11463"}],"wp:attachment":[{"href":"https:\/\/ladyloveseo.com\/fr\/wp-json\/wp\/v2\/media?parent=11461"}],"curies":[{"name":"wp","href":"https:\/\/api.w.org\/{rel}","templated":true}]}}