{"id":11464,"date":"2018-12-07T15:48:22","date_gmt":"2018-12-07T21:48:22","guid":{"rendered":"https:\/\/ladyloveseo.com\/services\/link-building-seo-avance-pour-les-agences-descorte\/"},"modified":"2025-08-08T08:54:09","modified_gmt":"2025-08-08T13:54:09","slug":"link-building-seo-agence-escorte","status":"publish","type":"page","link":"https:\/\/ladyloveseo.com\/fr\/services\/link-building-seo-agence-escorte\/","title":{"rendered":"Link building SEO avanc\u00e9 pour les agences d&rsquo;escorte"},"content":{"rendered":"<div class=\"wpb-content-wrapper\">[vc_row ct_row_stretch=\u00a0\u00bb\u00a0\u00bb css=\u00a0\u00bb.vc_custom_1543906707815{margin-top: 40px !important;}\u00a0\u00bb][vc_column width=\u00a0\u00bb2\/3&Prime;]<div id=\"ultimate-heading-64269e01894b871b\" class=\"uvc-heading ult-adjust-bottom-margin ultimate-heading-64269e01894b871b uvc-9881 \" data-hspacer=\"line_only\"  data-halign=\"left\" style=\"text-align:left\"><div class=\"uvc-main-heading ult-responsive\"  data-ultimate-target='.uvc-heading.ultimate-heading-64269e01894b871b h1'  data-responsive-json-new='{\"font-size\":\"desktop:30px;\",\"line-height\":\"\"}' ><h1 style=\"font-weight:bold;\">Link building avanc\u00e9 pour les agences d&#039;escorte  clubs<\/h1><\/div><div class=\"uvc-heading-spacer line_only\" style=\"margin-top:2px;margin-bottom:20px;height:6px;\"><span class=\"uvc-headings-line\" style=\"border-style:double;border-bottom-width:6px;border-color:#ff0000;width:100px;\"><\/span><\/div><\/div>[vc_empty_space height=\u00a0\u00bb12px\u00a0\u00bb][vc_column_text]C&rsquo;est l&rsquo;\u00e9poque o\u00f9 l&rsquo;on mesure le succ\u00e8s de toute entreprise en ligne par la quantit\u00e9 de trafic sur le site web. Pour g\u00e9n\u00e9rer ce trafic, vous avez besoin d&rsquo;un link building solide et c&rsquo;est l&rsquo;un des \u00e9l\u00e9ments les plus importants du SEO. Le link building avanc\u00e9 est le r\u00e9sultat d&rsquo;un contenu de qualit\u00e9 sup\u00e9rieure, d&rsquo;une bonne programmation et de la connaissance des techniques marketing. Si vous construisez uniquement des liens de qualit\u00e9, alors Google classera votre site web dans les premiers r\u00e9sultats des SERPs. Selon une \u00e9tude r\u00e9cente, le link building a le plus d&rsquo;impact sur le classement compar\u00e9 \u00e0 tout autre facteur.    <\/p>\n<p>Un bon link building pour les agences d&rsquo;escorte et les clubs vous am\u00e8nera en haut des pages de r\u00e9sultats de recherche et nous sommes l\u00e0 pour le faire pour vous. Votre budget marketing en ligne sera bien investi avec nous. \u00c0 notre \u00e9poque, nous recherchons tout en ligne, si les gens peuvent vous trouver sur Google, vous \u00eates susceptible d&rsquo;obtenir de plus en plus de clients. Chez <a href=\"https:\/\/ladyloveseo.com\/fr\/\">Lady Love SEO<\/a>, vous obtiendrez le trafic cibl\u00e9 et potentiel pour vos services d&rsquo;escorte. Nous travaillons sur le link building avanc\u00e9 et utilisons les mots-cl\u00e9s les plus pertinents sur le site web. Notre \u00e9quipe d&rsquo;experts est form\u00e9e avec de bonnes connaissances sur les derni\u00e8res directives SEO. Nous suivons les meilleures techniques SEO pour obtenir les meilleurs r\u00e9sultats de classement pour votre entreprise.[\/vc_column_text][\/vc_column][vc_column width=\u00a0\u00bb1\/3&Prime; css=\u00a0\u00bb.vc_custom_1543907843111{margin-top: 20px !important;}\u00a0\u00bb][vc_single_image image=\u00a0\u00bb8882&Prime; img_size=\u00a0\u00bblarge\u00a0\u00bb alignment=\u00a0\u00bbcenter\u00a0\u00bb css_animation=\u00a0\u00bbnone\u00a0\u00bb css=\u00a0\u00bb.vc_custom_1544219297826{margin-bottom: 4px !important;border-top-width: 3px !important;border-right-width: 3px !important;border-bottom-width: 3px !important;border-left-width: 3px !important;padding-top: 4px !important;padding-right: 4px !important;padding-bottom: 4px !important;padding-left: 4px !important;border-left-color: #ffffff !important;border-left-style: solid !important;border-right-color: #ffffff !important;border-right-style: solid !important;border-top-color: #ffffff !important;border-top-style: solid !important;border-bottom-color: #ffffff !important;border-bottom-style: solid !important;}\u00a0\u00bb][\/vc_column][\/vc_row][vc_row ct_row_stretch=\u00a0\u00bb\u00a0\u00bb css=\u00a0\u00bb.vc_custom_1543906707815{margin-top: 40px !important;}\u00a0\u00bb][vc_column width=\u00a0\u00bb1\/4&Prime;][vc_single_image image=\u00a0\u00bb8834&Prime; img_size=\u00a0\u00bbmedium\u00a0\u00bb alignment=\u00a0\u00bbcenter\u00a0\u00bb css_animation=\u00a0\u00bbnone\u00a0\u00bb][\/vc_column][vc_column width=\u00a0\u00bb3\/4&Prime; css=\u00a0\u00bb.vc_custom_1543910492711{margin-top: 40px !important;}\u00a0\u00bb]<div id=\"ultimate-heading-399769e01894b875a\" class=\"uvc-heading ult-adjust-bottom-margin ultimate-heading-399769e01894b875a uvc-1270 \" data-hspacer=\"line_only\"  data-halign=\"left\" style=\"text-align:left\"><div class=\"uvc-main-heading ult-responsive\"  data-ultimate-target='.uvc-heading.ultimate-heading-399769e01894b875a h2'  data-responsive-json-new='{\"font-size\":\"desktop:30px;\",\"line-height\":\"\"}' ><h2 style=\"font-weight:bold;\">Pourquoi un link building efficace est-il essentiel pour les escortes ind\u00e9pendantes et les agences ?<\/h2><\/div><div class=\"uvc-heading-spacer line_only\" style=\"margin-top:2px;margin-bottom:20px;height:6px;\"><span class=\"uvc-headings-line\" style=\"border-style:double;border-bottom-width:6px;border-color:#ff0000;width:100px;\"><\/span><\/div><\/div>[vc_column_text]Le link building efficace est l&rsquo;un des crit\u00e8res les plus importants pour informer les gens de votre entreprise. Avec un link building efficace, vous pouvez cibler tout type d&rsquo;audience, qu&rsquo;elle soit mondiale, nationale ou locale. Les meilleurs services SEO et le link building peuvent aider votre entreprise \u00e0 gagner du terrain en ligne. Nous avons engag\u00e9 les services experts de link building d&rsquo;une entreprise SEO d&rsquo;escorte renomm\u00e9e bas\u00e9e aux \u00c9tats-Unis pour vous donner les meilleures solutions SEO. Cela vous aidera \u00e0 obtenir d&rsquo;excellents retours sur votre investissement et \u00e0 amener votre entreprise \u00e0 un nouveau niveau de succ\u00e8s.[\/vc_column_text][\/vc_column][\/vc_row][vc_row ct_row_stretch=\u00a0\u00bb\u00a0\u00bb bg_type=\u00a0\u00bbbg_color\u00a0\u00bb css=\u00a0\u00bb.vc_custom_1543917683383{margin-top: 40px !important;padding-top: 50px !important;padding-bottom: 30px !important;}\u00a0\u00bb bg_color_value=\u00a0\u00bb#d6d6d6&Prime;][vc_column]<div id=\"ultimate-heading-3469e01894b877c\" class=\"uvc-heading ult-adjust-bottom-margin ultimate-heading-3469e01894b877c uvc-4976 \" data-hspacer=\"line_only\"  data-halign=\"left\" style=\"text-align:left\"><div class=\"uvc-main-heading ult-responsive\"  data-ultimate-target='.uvc-heading.ultimate-heading-3469e01894b877c h3'  data-responsive-json-new='{\"font-size\":\"desktop:30px;\",\"line-height\":\"\"}' ><h3 style=\"font-weight:bold;\">Voici, ci-dessous, quelques raisons pour lesquelles vous devez consid\u00e9rer les services de link building pour les escortes ind\u00e9pendantes et les agences<\/h3><\/div><div class=\"uvc-heading-spacer line_only\" style=\"margin-top:2px;margin-bottom:20px;height:6px;\"><span class=\"uvc-headings-line\" style=\"border-style:double;border-bottom-width:6px;border-color:#ff0000;width:100px;\"><\/span><\/div><\/div>[vc_column_text]<strong>Construit l&rsquo;autorit\u00e9 du domaine  de la page<\/strong><\/p>\n<p>Le link building aide \u00e0 cr\u00e9er l&rsquo;autorit\u00e9 du domaine et de la page. Quand Google utilise des bots pour classer les pages pour une certaine requ\u00eate, il consid\u00e8re la quantit\u00e9 et la qualit\u00e9 des liens entrants vers toute page du site web. <\/p>\n<p><strong>Am\u00e9liore la visibilit\u00e9 de la marque<\/strong><\/p>\n<p>Un autre avantage du link building de qualit\u00e9 est la visibilit\u00e9 de la marque. Chaque site o\u00f9 vous faites une soumission est une nouvelle avenue pour exposer votre marque aux personnes qui n&rsquo;en ont peut-\u00eatre jamais entendu parler. C&rsquo;est une plateforme publicitaire gratuite pour votre agence d&rsquo;escorte.  <\/p>\n<p><strong>Construit la cr\u00e9dibilit\u00e9 d&rsquo;un site web<\/strong><\/p>\n<p>Publier sur de bons sites de soumission g\u00e9n\u00e8re des liens de qualit\u00e9 pour votre site. Cela construit l&rsquo;autorit\u00e9 et la cr\u00e9dibilit\u00e9 de votre site. Cela se traduira par des taux de conversion plus \u00e9lev\u00e9s et des taux de rebond plus faibles.  <\/p>\n<p><strong>Avantage sur les concurrents<\/strong><\/p>\n<p>Obtenir des services de link building pour votre entreprise peut vous aider \u00e0 analyser l&rsquo;ensemble du sc\u00e9nario. Cela vous aide \u00e0 analyser ce que fait votre concurrence et o\u00f9 elle cr\u00e9e des liens. Les liens sont publics et peuvent \u00eatre consult\u00e9s et analys\u00e9s par n&rsquo;importe qui.  <\/p>\n<p>Nous offrons les meilleurs services SEO aux agences d&rsquo;escorte offrant divers types de services \u00e0 leurs clients. Nos services incluent : <\/p>\n<ul>\n<li><strong>Services d&rsquo;escorte \u00e0 domicile<\/strong><\/li>\n<li><strong>Services d&rsquo;escorte \u00e0 l&rsquo;ext\u00e9rieur<\/strong><\/li>\n<li><strong>Escortes ind\u00e9pendantes et agences<\/strong><\/li>\n<\/ul>\n[\/vc_column_text][\/vc_column][\/vc_row][vc_row ct_row_stretch=\u00a0\u00bb\u00a0\u00bb][vc_column css=\u00a0\u00bb.vc_custom_1554285277549{background-color: #f90707 !important;}\u00a0\u00bb][vc_empty_space]<div id=\"ultimate-heading-687669e01894b8793\" class=\"uvc-heading ult-adjust-bottom-margin ultimate-heading-687669e01894b8793 uvc-2266 \" data-hspacer=\"no_spacer\"  data-halign=\"center\" style=\"text-align:center\"><div class=\"uvc-heading-spacer no_spacer\" style=\"top\"><\/div><div class=\"uvc-main-heading ult-responsive\"  data-ultimate-target='.uvc-heading.ultimate-heading-687669e01894b8793 h2'  data-responsive-json-new='{\"font-size\":\"\",\"line-height\":\"\"}' ><h2 style=\"font-weight:normal;color:#ffffff;\">Pourquoi choisir Lady Love SEO ?<\/h2><\/div><\/div>[vc_empty_space][vc_column_text]<span style=\"color: #ffffff;\">Nous chez <strong>Lady Love SEO<\/strong> travaillons sur les sites web d&rsquo;escorte pour livrer les meilleurs r\u00e9sultats sur les moteurs de recherche comme Google, Yahoo, Bing etc<\/span><span style=\"color: #ffffff;\">. Nous avons des ann\u00e9es d&rsquo;exp\u00e9rience et connaissons les termes exacts que les gens utilisent pour rechercher des escortes en ligne. Nous guidons nos clients sur le type de mots ou de contenu \u00e0 utiliser sur le site web. Nous adoptons une approche strat\u00e9gique et cibl\u00e9e pour le SEO d&rsquo;entreprise d&rsquo;escorte,  <\/span><span style=\"color: #ffffff;\">  afin que le site web soit visible dans les premiers r\u00e9sultats de recherche. Voici les \u00e9tapes que nous suivons pour classer votre entreprise d&rsquo;escorte au sommet : <\/span>[\/vc_column_text][vc_row_inner][vc_column_inner width=\u00a0\u00bb1\/3&Prime; css=\u00a0\u00bb.vc_custom_1554285772633{padding-bottom: 5px !important;}\u00a0\u00bb][vc_column_text css=\u00a0\u00bb.vc_custom_1554285433137{margin-top: 30px !important;padding-top: 20px !important;padding-right: 20px !important;padding-bottom: 20px !important;padding-left: 20px !important;background-color: #ffffff !important;}\u00a0\u00bb]\n<h4 style=\"text-align: center;\">Auditer votre site web<\/h4>\n<p style=\"text-align: center;\">La toute premi\u00e8re \u00e9tape pour d\u00e9cider quoi faire sur un site web d&rsquo;escorte, est de v\u00e9rifier ce qui existe d\u00e9j\u00e0. Nos experts chez Lady Love SEO effectuent un audit complet du site web actuel et l&rsquo;analysent en d\u00e9tail. Google fait cette analyse bas\u00e9e sur les r\u00e8gles et directives \u00e9tablies pour les meilleures pratiques SEO. Apr\u00e8s avoir trouv\u00e9 toutes les lacunes, nous faisons un plan suppl\u00e9mentaire des choses \u00e0 installer pour optimiser le site web et atteindre des classements sup\u00e9rieurs sur les SERPs.   <\/p>\n[\/vc_column_text][\/vc_column_inner][vc_column_inner width=\u00a0\u00bb1\/3&Prime;][vc_column_text css=\u00a0\u00bb.vc_custom_1554285451510{margin-top: 30px !important;padding-top: 20px !important;padding-right: 20px !important;padding-bottom: 20px !important;padding-left: 20px !important;background-color: #ffffff !important;}\u00a0\u00bb]\n<h4 style=\"text-align: center;\">Recherche de mots-cl\u00e9s intelligente<\/h4>\n<p style=\"text-align: center;\">Apr\u00e8s un audit complet du site web, nous, agence marketing d&rsquo;escorte, travaillons \u00e0 effectuer une recherche de mots-cl\u00e9s. Cela aide \u00e0 identifier les termes qui ont un volume de recherche \u00e9lev\u00e9, une faible concurrence et des taux de conversion \u00e9lev\u00e9s. Apr\u00e8s avoir trouv\u00e9 les bons mots-cl\u00e9s, nous optimisons le contenu du site web avec les mots les plus recherch\u00e9s pour les services d&rsquo;escorte afin d&rsquo;obtenir le meilleur classement.  <\/p>\n[\/vc_column_text][\/vc_column_inner][vc_column_inner width=\u00a0\u00bb1\/3&Prime;][vc_column_text css=\u00a0\u00bb.vc_custom_1554285722703{margin-top: 30px !important;padding-top: 20px !important;padding-right: 20px !important;padding-bottom: 20px !important;padding-left: 20px !important;background-color: #ffffff !important;}\u00a0\u00bb]\n<h4 style=\"text-align: center;\">Link building de valeur<\/h4>\n<p style=\"text-align: center;\">Le link building est la partie la plus pr\u00e9cieuse du SEO off-page qui a une grande influence sur les classements. Cr\u00e9er des backlinks de qualit\u00e9 (link building) pour le site web d&rsquo;un client est un \u00e9l\u00e9ment important du SEO pour atteindre des classements plus \u00e9lev\u00e9s sur les r\u00e9sultats de recherche. Nous cr\u00e9ons du contenu de qualit\u00e9  utile pour le site web du client qui g\u00e9n\u00e8re automatiquement des liens de r\u00e9f\u00e9rence gr\u00e2ce au link baiting. Cela aide \u00e0 am\u00e9liorer l&rsquo;autorit\u00e9 du site web et am\u00e9liore finalement le classement sur les SERPs.   <\/p>\n[\/vc_column_text][\/vc_column_inner][\/vc_row_inner][\/vc_column][\/vc_row][vc_row ct_row_stretch=\u00a0\u00bb\u00a0\u00bb][vc_column][vc_empty_space][vc_column_text]\n<blockquote>\n<p><strong>Autres avantages avec l&rsquo;\u00e9quipe LadyLoveSEO : Voici quelques-uns des avantages suppl\u00e9mentaires qui nous distinguent des autres agences d&rsquo;escorte :<\/strong><\/p>\n<\/blockquote>\n<ul>\n<li>Nous avons des personnes qualifi\u00e9es pour g\u00e9n\u00e9rer du trafic pertinent depuis d&rsquo;autres sites qui sont li\u00e9s \u00e0 l&rsquo;agence d&rsquo;escorte.<\/li>\n<li>Nous publions toutes les informations pertinentes sur le site web. Les moteurs de recherche comme Google rendent vos blogs\/pages de services plus visibles sur les SERPs gr\u00e2ce au contenu optimis\u00e9 sur le site web. <\/li>\n<li>Publier du contenu de qualit\u00e9 sur le site web le rendra pertinent et obtiendra un trafic maximum sur celui-ci. Cela aide \u00e9galement \u00e0 obtenir des liens entrants de haute qualit\u00e9, ce qui am\u00e9liorera la solvabilit\u00e9 de votre site web. <\/li>\n<li>Le link building de qualit\u00e9 aidera le site web \u00e0 \u00eatre index\u00e9 plus rapidement par Google.<\/li>\n<\/ul>\n<p><strong>Si vous souhaitez devenir viral sur internet  <\/strong><strong>et voulez que tout le monde vous approche pour les services d&rsquo;escorte, contactez Lady Love SEO. Lady Love SEO est la destination unique   <\/strong><strong>pour les services SEO et de link building avanc\u00e9. Contactez-nous pour obtenir les meilleurs services SEO d&rsquo;escorte. <\/strong>[\/vc_column_text][\/vc_column][\/vc_row]\n<\/div>","protected":false},"excerpt":{"rendered":"<p>[vc_row ct_row_stretch=\u00a0\u00bb\u00a0\u00bb css=\u00a0\u00bb.vc_custom_1543906707815{margin-top: 40px !important;}\u00a0\u00bb][vc_column width=\u00a0\u00bb2\/3&Prime;][vc_empty_space height=\u00a0\u00bb12px\u00a0\u00bb][vc_column_text]C&rsquo;est l&rsquo;\u00e9poque o\u00f9 l&rsquo;on mesure le succ\u00e8s de toute entreprise en ligne par la quantit\u00e9 de trafic sur le site web. Pour g\u00e9n\u00e9rer ce trafic, vous avez besoin d&rsquo;un link building solide et c&rsquo;est l&rsquo;un des \u00e9l\u00e9ments les plus importants du SEO. Le link building avanc\u00e9 est le r\u00e9sultat &#8230;<\/p>\n","protected":false},"author":1,"featured_media":0,"parent":11453,"menu_order":0,"comment_status":"closed","ping_status":"closed","template":"","meta":{"footnotes":""},"class_list":["post-11464","page","type-page","status-publish","hentry"],"jetpack_sharing_enabled":true,"_links":{"self":[{"href":"https:\/\/ladyloveseo.com\/fr\/wp-json\/wp\/v2\/pages\/11464","targetHints":{"allow":["GET"]}}],"collection":[{"href":"https:\/\/ladyloveseo.com\/fr\/wp-json\/wp\/v2\/pages"}],"about":[{"href":"https:\/\/ladyloveseo.com\/fr\/wp-json\/wp\/v2\/types\/page"}],"author":[{"embeddable":true,"href":"https:\/\/ladyloveseo.com\/fr\/wp-json\/wp\/v2\/users\/1"}],"replies":[{"embeddable":true,"href":"https:\/\/ladyloveseo.com\/fr\/wp-json\/wp\/v2\/comments?post=11464"}],"version-history":[{"count":2,"href":"https:\/\/ladyloveseo.com\/fr\/wp-json\/wp\/v2\/pages\/11464\/revisions"}],"predecessor-version":[{"id":11466,"href":"https:\/\/ladyloveseo.com\/fr\/wp-json\/wp\/v2\/pages\/11464\/revisions\/11466"}],"up":[{"embeddable":true,"href":"https:\/\/ladyloveseo.com\/fr\/wp-json\/wp\/v2\/pages\/11453"}],"wp:attachment":[{"href":"https:\/\/ladyloveseo.com\/fr\/wp-json\/wp\/v2\/media?parent=11464"}],"curies":[{"name":"wp","href":"https:\/\/api.w.org\/{rel}","templated":true}]}}