{"id":11467,"date":"2015-11-19T14:44:41","date_gmt":"2015-11-19T20:44:41","guid":{"rendered":"https:\/\/ladyloveseo.com\/faq\/"},"modified":"2025-08-06T06:27:36","modified_gmt":"2025-08-06T11:27:36","slug":"faq","status":"publish","type":"page","link":"https:\/\/ladyloveseo.com\/fr\/faq\/","title":{"rendered":"FAQ"},"content":{"rendered":"<div class=\"wpb-content-wrapper\">[vc_row ct_row_stretch=\u00a0\u00bb\u00a0\u00bb][vc_column][vc_empty_space][vc_column_text]\n<h1>FAQ des clients<\/h1>\n[\/vc_column_text][vc_empty_space][\/vc_column][\/vc_row][vc_row ct_row_stretch=\u00a0\u00bb\u00a0\u00bb][vc_column][vc_toggle title=\u00a0\u00bbPourquoi devrais-je engager l&apos;\u00e9quipe SEO Lady Love ?\u00a0\u00bb]Il y a de nombreux avantages que vous pouvez obtenir en faisant appel \u00e0 nos services SEO tels que :<\/p>\n<p><strong>Fiabilit\u00e9 avec R\u00e9sultats<\/strong> : Tout d&rsquo;abord, nous offrons toujours les services les plus fiables \u00e0 nos clients. Nous ne trahissons jamais la confiance de nos clients. De plus, toutes les informations des clients restent confidentielles.  <\/p>\n<p><strong>Qualit\u00e9<\/strong> : La qualit\u00e9 est le facteur le plus important de nos services. Tout en maintenant des prix bas, nous ne faisons jamais de compromis sur la qualit\u00e9. Et, gr\u00e2ce \u00e0 la qualit\u00e9 sup\u00e9rieure de nos services, vous pouvez obtenir des r\u00e9sultats plus rapides avec nous.  <\/p>\n<p><strong>Rentable :<\/strong> Nous comprenons l&rsquo;importance de l&rsquo;argent. C&rsquo;est pourquoi vous pouvez obtenir les services les plus abordables avec nous. L&rsquo;ensemble de nos services sont disponibles au prix le plus authentique du secteur. Alors, engagez le service rentable avec un minimum de d\u00e9sagr\u00e9ment.[\/vc_toggle][vc_toggle title=\u00a0\u00bbComment mon site web peut-il atteindre les 10 premiers r\u00e9sultats ?\u00a0\u00bb]Nous employons toujours les meilleures techniques SEO du secteur. Nos experts hautement qualifi\u00e9s sont ma\u00eetres dans leur domaine. Ils savent exactement comment votre site web peut atteindre les meilleurs r\u00e9sultats. Avec l&rsquo;aide de leur vaste exp\u00e9rience et de leur travail intelligent, vous pouvez facilement obtenir les r\u00e9sultats souhait\u00e9s.   <\/p>\n<p>De plus, vous pouvez b\u00e9n\u00e9ficier d&rsquo;un autre avantage avec nous. Nous obtenons toujours des r\u00e9sultats plus rapides pour nos clients. Nous auditons soigneusement le site web du client et lui sugg\u00e9rons la meilleure fa\u00e7on d&rsquo;am\u00e9liorer la structure de son site. Ainsi, votre site web peut atteindre les meilleurs r\u00e9sultats sans consommer beaucoup de temps.[\/vc_toggle][vc_toggle title=\u00a0\u00bbDiff\u00e9rence entre le SEO local et le SEO global ?\u00a0\u00bb]<strong>SEO Local :  <\/strong><\/p>\n<p>Le SEO local est une campagne d&rsquo;optimisation pour les moteurs de recherche qui modifie les expressions de recherche cibl\u00e9es pour inclure une r\u00e9gion particuli\u00e8re. Ainsi que les espaces particuliers que Google offre pour montrer les entreprises localis\u00e9es dans une zone et les sites web de citations\/avis qui offrent la possibilit\u00e9 aux clients d&rsquo;\u00e9valuer votre entreprise. Une strat\u00e9gie SEO localis\u00e9e permet \u00e0 votre entreprise d&rsquo;\u00eatre affich\u00e9e dans les recherches pour des expressions particuli\u00e8res de personnes physiquement situ\u00e9es dans la r\u00e9gion que vous desservez. Le SEO localis\u00e9 est le meilleur pour les entreprises avec des emplacements physiques dans une zone sp\u00e9cifique qui offrent uniquement des biens ou services \u00e0 cette zone, et qui ne cherchent pas \u00e0 \u00eatre montr\u00e9es par un public mondial.   <\/p>\n<p><strong>SEO Global :<\/strong><\/p>\n<p>L&rsquo;optimisation globale pour les moteurs de recherche est l&rsquo;approche appropri\u00e9e \u00e0 utiliser si votre produit, service ou entreprise tente de s&rsquo;afficher \u00e0 un public cible mondial. Lorsque vous employez des techniques SEO globales pour quelque chose comme \u00ab \u00ab services d&rsquo;escorte en Australie \u00bb, \u00bb vos strat\u00e9gies d&rsquo;optimisation pour les moteurs de recherche vont atteindre des endroits aussi \u00e9loign\u00e9s que l&rsquo;Europe, l&rsquo;Am\u00e9rique du Sud ou quelqu&rsquo;un cherchant des services d&rsquo;escorte en Australie. Ceci est consid\u00e9r\u00e9 comme la meilleure tactique pour ceux qui veulent obtenir des r\u00e9sultats pertinents dans le monde entier.[\/vc_toggle][vc_toggle title=\u00a0\u00bbQuels outils SEO utilisez-vous ?\u00a0\u00bb]Nous employons toujours les outils les plus avanc\u00e9s et efficaces afin d&rsquo;apporter des r\u00e9sultats plus rapides. Parmi de nombreux, certains des outils les plus importants sont les suivants : <\/p>\n<p><strong><u>Pour l&rsquo;analyse des mots-cl\u00e9s :  <\/u><\/strong><\/p>\n<ul>\n<li>Gratuit \u2013 ubersuggest<\/li>\n<li>Google keyword planner<\/li>\n<li>Freemium \u2013 term explorer<\/li>\n<li>Payant \u2013 SEMrush<\/li>\n<\/ul>\n<p><strong><u>Pour l&rsquo;analyse du classement :<\/u><\/strong><\/p>\n<ul>\n<li>Outil gratuit &#8211; Google Search Console<\/li>\n<li>Freemium \u2013 SEMrush<\/li>\n<li>Payant \u2013 authority labs<\/li>\n<\/ul>\n<p><strong><u>Pour l&rsquo;efficacit\u00e9 du contenu :<\/u><\/strong><\/p>\n<ul>\n<li>Gratuit \u2013 outdated content finder<\/li>\n<li>Freemium \u2013 yoast WordPress plugin<\/li>\n<li>Payant \u2013 buzzsumo<\/li>\n<\/ul>\n<p><strong><u>Pour l&rsquo;analyse de cr\u00e9ation de liens :<br \/>\n<\/u><\/strong><\/p>\n<ul>\n<li>Freemium \u2013 moz SEO toolbar  majestic backlink analyzer extensions<\/li>\n<li>Payant &#8211; ahrefs site explorer<\/li>\n<\/ul>\n<p><strong><u>Pour la prospection d&rsquo;articles invit\u00e9s :  <\/u><\/strong><\/p>\n<ul>\n<li>Buzzstream<\/li>\n<li>Pitchbox<\/li>\n<\/ul>\n<p>Ninja outreach<\/p>\n<p>Similaire \u00e0 ceux-ci, nous utilisons de nombreux autres outils cruciaux pour vous offrir les meilleurs r\u00e9sultats ![\/vc_toggle][vc_toggle title=\u00a0\u00bbQu&apos;est-ce que le \u00ab \u00ab seo organique \u00bb \u00bb ou \u00ab \u00ab seo naturel \u00bb \u00bb ?\u00a0\u00bb]Le SEO organique est aussi appel\u00e9 SEO naturel. C&rsquo;est une approche efficace que nous utilisons pour obtenir la premi\u00e8re position sur SERP. Cette activit\u00e9 est non payante et g\u00e9n\u00e8re un excellent trafic sur le site web. De cette fa\u00e7on, elle offre un taux de conversion \u00e9lev\u00e9. Le SEO organique prend du temps et des efforts mais peut offrir d&rsquo;excellents r\u00e9sultats sur les moteurs de recherche comme Google. Le SEO organique offre \u00e9galement des r\u00e9sultats \u00e0 long terme et stables compar\u00e9 au SEO non organique.     <\/p>\n<p><strong>Les techniques impliqu\u00e9es dans le SEO organique sont :<\/strong><\/p>\n<ul>\n<li>Cr\u00e9ation de liens<\/li>\n<li>Optimisation des m\u00e9ta-tags<\/li>\n<li>Contenu de haute qualit\u00e9<\/li>\n<li>R\u00e9daction de blog<\/li>\n<li>Soumission d&rsquo;articles<\/li>\n<li>Analyse des mots-cl\u00e9s<\/li>\n<li>Backlinks<\/li>\n<li>Marque-pages social<\/li>\n<li>Partage sur les m\u00e9dias sociaux<\/li>\n<li>Marketing par email et bien plus<\/li>\n<\/ul>\n[\/vc_toggle][\/vc_column][\/vc_row]\n<\/div>","protected":false},"excerpt":{"rendered":"<p>[vc_row ct_row_stretch=\u00a0\u00bb\u00a0\u00bb][vc_column][vc_empty_space][vc_column_text] FAQ des clients [\/vc_column_text][vc_empty_space][\/vc_column][\/vc_row][vc_row ct_row_stretch=\u00a0\u00bb\u00a0\u00bb][vc_column][vc_toggle title=\u00a0\u00bbPourquoi devrais-je engager l&apos;\u00e9quipe SEO Lady Love ?\u00a0\u00bb]Il y a de nombreux avantages que vous pouvez obtenir en faisant appel \u00e0 nos services SEO tels que : Fiabilit\u00e9 avec R\u00e9sultats : Tout d&rsquo;abord, nous offrons toujours les services les plus fiables \u00e0 nos clients. Nous ne trahissons jamais &#8230;<\/p>\n","protected":false},"author":1,"featured_media":0,"parent":0,"menu_order":0,"comment_status":"closed","ping_status":"closed","template":"","meta":{"footnotes":""},"class_list":["post-11467","page","type-page","status-publish","hentry"],"jetpack_sharing_enabled":true,"_links":{"self":[{"href":"https:\/\/ladyloveseo.com\/fr\/wp-json\/wp\/v2\/pages\/11467","targetHints":{"allow":["GET"]}}],"collection":[{"href":"https:\/\/ladyloveseo.com\/fr\/wp-json\/wp\/v2\/pages"}],"about":[{"href":"https:\/\/ladyloveseo.com\/fr\/wp-json\/wp\/v2\/types\/page"}],"author":[{"embeddable":true,"href":"https:\/\/ladyloveseo.com\/fr\/wp-json\/wp\/v2\/users\/1"}],"replies":[{"embeddable":true,"href":"https:\/\/ladyloveseo.com\/fr\/wp-json\/wp\/v2\/comments?post=11467"}],"version-history":[{"count":2,"href":"https:\/\/ladyloveseo.com\/fr\/wp-json\/wp\/v2\/pages\/11467\/revisions"}],"predecessor-version":[{"id":11469,"href":"https:\/\/ladyloveseo.com\/fr\/wp-json\/wp\/v2\/pages\/11467\/revisions\/11469"}],"wp:attachment":[{"href":"https:\/\/ladyloveseo.com\/fr\/wp-json\/wp\/v2\/media?parent=11467"}],"curies":[{"name":"wp","href":"https:\/\/api.w.org\/{rel}","templated":true}]}}