{"id":11470,"date":"2018-12-04T12:16:02","date_gmt":"2018-12-04T18:16:02","guid":{"rendered":"https:\/\/ladyloveseo.com\/services\/seo-pour-agences-descortes\/"},"modified":"2025-08-06T06:27:52","modified_gmt":"2025-08-06T11:27:52","slug":"seo-pour-agences-descortes","status":"publish","type":"page","link":"https:\/\/ladyloveseo.com\/fr\/services\/seo-pour-agences-descortes\/","title":{"rendered":"SEO pour agences d&rsquo;escortes"},"content":{"rendered":"<div class=\"wpb-content-wrapper\">[vc_row ct_row_stretch=\u00a0\u00bb\u00a0\u00bb css=\u00a0\u00bb.vc_custom_1543906707815{margin-top: 40px !important;}\u00a0\u00bb][vc_column width=\u00a0\u00bb1\/2&Prime;]<div id=\"ultimate-heading-37169e018ce5254c\" class=\"uvc-heading ult-adjust-bottom-margin ultimate-heading-37169e018ce5254c uvc-344 \" data-hspacer=\"line_only\"  data-halign=\"left\" style=\"text-align:left\"><div class=\"uvc-main-heading ult-responsive\"  data-ultimate-target='.uvc-heading.ultimate-heading-37169e018ce5254c h1'  data-responsive-json-new='{\"font-size\":\"desktop:30px;\",\"line-height\":\"\"}' ><h1 style=\"font-weight:bold;\">SEO POUR ESCORTS ET AGENCES<\/h1><\/div><div class=\"uvc-heading-spacer line_only\" style=\"margin-top:2px;margin-bottom:20px;height:6px;\"><span class=\"uvc-headings-line\" style=\"border-style:double;border-bottom-width:6px;border-color:#ff0000;width:100px;\"><\/span><\/div><\/div>[vc_column_text]Avoir un site web pour vos services d&rsquo;Escort ne vous apportera aucun b\u00e9n\u00e9fice tant que vous ne travaillerez pas \u00e0 le rendre visible au public potentiel. Il est tr\u00e8s important de cr\u00e9er une strat\u00e9gie SEO pour votre entreprise d&rsquo;Escort afin d&rsquo;obtenir un trafic pertinent vers votre site web qui se convertit en prospects de vente. Nous sommes le meilleur choix pour les services d&rsquo;optimisation pour les moteurs de recherche pour les entreprises d&rsquo;escorts. Nous sommes pionniers dans l&rsquo;ex\u00e9cution de strat\u00e9gies SEO bien planifi\u00e9es qui optimisent le site web pour les meilleurs classements des moteurs de recherche. Votre site web appara\u00eetra en t\u00eate lorsque quelqu&rsquo;un effectue une recherche avec des mots-cl\u00e9s li\u00e9s aux services d&rsquo;Escort.    <\/p>\n<p>Nos experts chez <a href=\"https:\/\/ladyloveseo.com\/fr\/\"><strong>Lady Love SEO<\/strong><\/a> surveilleront constamment votre entreprise et promouvront des services sp\u00e9cifiques qui sont plus demand\u00e9s pour permettre aux gens de vous trouver facilement sur internet.[\/vc_column_text][\/vc_column][vc_column width=\u00a0\u00bb1\/2&Prime; css=\u00a0\u00bb.vc_custom_1543907843111{margin-top: 20px !important;}\u00a0\u00bb][vc_single_image image=\u00a0\u00bb8654&Prime; img_size=\u00a0\u00bblarge\u00a0\u00bb alignment=\u00a0\u00bbcenter\u00a0\u00bb style=\u00a0\u00bbvc_box_shadow_border\u00a0\u00bb css_animation=\u00a0\u00bbnone\u00a0\u00bb css=\u00a0\u00bb.vc_custom_1543907778374{margin-bottom: 4px !important;border-top-width: 3px !important;border-right-width: 3px !important;border-bottom-width: 3px !important;border-left-width: 3px !important;padding-top: 4px !important;padding-right: 4px !important;padding-bottom: 4px !important;padding-left: 4px !important;border-left-color: #ff0000 !important;border-left-style: solid !important;border-right-color: #ff0000 !important;border-right-style: solid !important;border-top-color: #ff0000 !important;border-top-style: solid !important;border-bottom-color: #ff0000 !important;border-bottom-style: solid !important;}\u00a0\u00bb][\/vc_column][\/vc_row][vc_row ct_row_stretch=\u00a0\u00bbstretch_row\u00a0\u00bb content_placement=\u00a0\u00bbmiddle\u00a0\u00bb bg_type=\u00a0\u00bbbg_color\u00a0\u00bb css=\u00a0\u00bb.vc_custom_1713269575476{margin-top: 40px !important;padding-top: 40px !important;padding-bottom: 40px !important;}\u00a0\u00bb bg_color_value=\u00a0\u00bb#ffffff\u00a0\u00bb][vc_column width=\u00a0\u00bb1\/2&Prime; css=\u00a0\u00bb.vc_custom_1713269610372{background-color: #ffffff !important;}\u00a0\u00bb][vc_single_image image=\u00a0\u00bb10006&Prime; img_size=\u00a0\u00bblarge\u00a0\u00bb alignment=\u00a0\u00bbcenter\u00a0\u00bb css_animation=\u00a0\u00bbnone\u00a0\u00bb css=\u00a0\u00bb.vc_custom_1712916144488{margin-bottom: 4px !important;border-top-width: 3px !important;border-right-width: 3px !important;border-bottom-width: 3px !important;border-left-width: 3px !important;padding-top: 4px !important;padding-right: 4px !important;padding-bottom: 4px !important;padding-left: 4px !important;border-left-color: #ffffff !important;border-left-style: solid !important;border-right-color: #ffffff !important;border-right-style: solid !important;border-top-color: #ffffff !important;border-top-style: solid !important;border-bottom-color: #ffffff !important;border-bottom-style: solid !important;}\u00a0\u00bb][\/vc_column][vc_column width=\u00a0\u00bb1\/2&Prime; css=\u00a0\u00bb.vc_custom_1712916289791{background-color: #ffffff !important;}\u00a0\u00bb]<div id=\"ultimate-heading-821669e018ce5258b\" class=\"uvc-heading ult-adjust-bottom-margin ultimate-heading-821669e018ce5258b uvc-4478 \" data-hspacer=\"line_only\"  data-halign=\"left\" style=\"text-align:left\"><div class=\"uvc-main-heading ult-responsive\"  data-ultimate-target='.uvc-heading.ultimate-heading-821669e018ce5258b h2'  data-responsive-json-new='{\"font-size\":\"desktop:24px;\",\"line-height\":\"\"}' ><h2 style=\"font-weight:bold;color:#0a0a0a;margin-bottom:4px;\">Avantages d&#039;embaucher des services SEO pour une agence d&#039;escorts<\/h2><\/div><div class=\"uvc-heading-spacer line_only\" style=\"margin-top:2px;margin-bottom:20px;height:6px;\"><span class=\"uvc-headings-line\" style=\"border-style:double;border-bottom-width:6px;border-color:#000000;width:100px;\"><\/span><\/div><\/div>[vc_column_text]\n<ul>\n<li style=\"text-align: left;\"><span style=\"color: #000000;\">\u00catre visible aux personnes qui recherchent votre type de services.<\/span><\/li>\n<li style=\"text-align: left;\"><span style=\"color: #000000;\">Obtenir plus de conversions et de rendez-vous.<\/span><\/li>\n<li style=\"text-align: left;\"><span style=\"color: #000000;\">Utilisation optimale de vos budgets marketing.<\/span><\/li>\n<li style=\"text-align: left;\"><span style=\"color: #000000;\">Trafic pertinent plus \u00e9lev\u00e9 sur votre site d&rsquo;entreprise d&rsquo;Escort.<\/span><\/li>\n<\/ul>\n<p style=\"text-align: left;\"><span style=\"color: #000000;\">Lady Love SEO traite sp\u00e9cialement des services SEO pour les agences d&rsquo;Escort. Nos professionnels ont des ann\u00e9es d&rsquo;exp\u00e9rience et ma\u00eetrisent bien les aspects techniques de l&rsquo;industrie pour adultes. De plus, nous offrons \u00e9galement des <a href=\"https:\/\/ladyloveseo.com\/vape-store-seo\/\">services SEO experts pour magasins de vapotage<\/a>, garantissant que votre entreprise se d\u00e9marque dans le march\u00e9 concurrentiel.   <\/span><\/p>\n[\/vc_column_text][vc_empty_space][\/vc_column][\/vc_row][vc_row ct_row_stretch=\u00a0\u00bb\u00a0\u00bb css=\u00a0\u00bb.vc_custom_1543906707815{margin-top: 40px !important;}\u00a0\u00bb][vc_column width=\u00a0\u00bb1\/2&Prime;]<div id=\"ultimate-heading-263969e018ce525aa\" class=\"uvc-heading ult-adjust-bottom-margin ultimate-heading-263969e018ce525aa uvc-1138 \" data-hspacer=\"line_only\"  data-halign=\"left\" style=\"text-align:left\"><div class=\"uvc-main-heading ult-responsive\"  data-ultimate-target='.uvc-heading.ultimate-heading-263969e018ce525aa h2'  data-responsive-json-new='{\"font-size\":\"desktop:30px;\",\"line-height\":\"\"}' ><h2 style=\"font-weight:bold;\">Techniques de marketing efficaces pour vos sites web pour adultes ou clubs<\/h2><\/div><div class=\"uvc-heading-spacer line_only\" style=\"margin-top:2px;margin-bottom:20px;height:6px;\"><span class=\"uvc-headings-line\" style=\"border-style:double;border-bottom-width:6px;border-color:#ff0000;width:100px;\"><\/span><\/div><\/div>[vc_column_text]L&rsquo;industrie des escorts est l&rsquo;une des plus comp\u00e9titives sur les plateformes num\u00e9riques. Chaque agence concurrence contre un millier d&rsquo;autres agences et escorts ind\u00e9pendants avec des services identiques ou agressifs sur le march\u00e9. <\/p>\n<p>Tout le monde s&rsquo;efforce d&rsquo;obtenir la 1\u00e8re position sur les moteurs de recherche comme Google, Yahoo, etc. Dans un tel sc\u00e9nario, on a besoin de la strat\u00e9gie de marketing en ligne la plus efficace pour l&rsquo;entreprise. C&rsquo;est l\u00e0 que notre r\u00f4le commence. Nous servons de nombreuses agences d&rsquo;Escort depuis des ann\u00e9es avec les techniques de marketing les plus efficaces. Nos services SEO vous aideront \u00e0 vaincre vos concurrents en ligne.    <\/p>\n<p>Si vous recherchez une agence de services SEO exp\u00e9riment\u00e9e qui vous aidera \u00e0 d\u00e9velopper votre entreprise et qui m\u00e9nage le budget marketing, alors vous \u00eates arriv\u00e9 au bon endroit. Les services Lady Love SEO am\u00e9lioreront progressivement le classement de votre site web sur tous les termes pertinents de services d&rsquo;escorts. Nous nous sp\u00e9cialisons \u00e9galement dans le <a href=\"https:\/\/ladyloveseo.com\/seo-for-nsfw-ai-models\/\">SEO pour mod\u00e8les IA NSFW<\/a> et le <a href=\"https:\/\/ladyloveseo.com\/porn-tubes-seo-marketing\/\">marketing SEO pour tubes porno<\/a>.[\/vc_column_text][vc_empty_space][vc_empty_space][\/vc_column][vc_column width=\u00a0\u00bb1\/2&Prime;][vc_single_image image=\u00a0\u00bb9163&Prime; img_size=\u00a0\u00bb500&#215;500&Prime; alignment=\u00a0\u00bbcenter\u00a0\u00bb css_animation=\u00a0\u00bbnone\u00a0\u00bb][\/vc_column][\/vc_row][vc_row ct_row_stretch=\u00a0\u00bb\u00a0\u00bb][vc_column width=\u00a0\u00bb1\/3&Prime;]<div class=\"ult-just-icon-wrapper  \"><div class=\"align-icon\" style=\"text-align:center;\">\n<div class=\"aio-icon-img \" style=\"font-size:48px;display:inline-block;\" >\n\t<img decoding=\"async\" class=\"img-icon\" alt=\"Tik\" src=\"https:\/\/i0.wp.com\/ladyloveseo.com\/wp-content\/uploads\/2024\/04\/Tik-min.png?fit=920%2C920&#038;ssl=1\"\/>\n<\/div><\/div><\/div>[vc_custom_heading text=\u00a0\u00bbAudit de site web\u00a0\u00bb font_container=\u00a0\u00bbtag:h2|text_align:center|color:%23ff0000&Prime; use_theme_fonts=\u00a0\u00bbyes\u00a0\u00bb][vc_column_text]\n<p style=\"text-align: center;\"><span style=\"font-weight: 400;\">Nous commencerons notre processus par un audit approfondi de votre site web et noterons les insights critiques pour son am\u00e9lioration.<\/span><\/p>\n[\/vc_column_text][vc_empty_space][vc_empty_space][vc_empty_space][\/vc_column][vc_column width=\u00a0\u00bb1\/3&Prime;]<div class=\"ult-just-icon-wrapper  \"><div class=\"align-icon\" style=\"text-align:center;\">\n<div class=\"aio-icon-img \" style=\"font-size:48px;display:inline-block;\" >\n\t<img decoding=\"async\" class=\"img-icon\" alt=\"Tik\" src=\"https:\/\/i0.wp.com\/ladyloveseo.com\/wp-content\/uploads\/2024\/04\/Tik-min.png?fit=920%2C920&#038;ssl=1\"\/>\n<\/div><\/div><\/div>[vc_custom_heading text=\u00a0\u00bbSEO technique\u00a0\u00bb font_container=\u00a0\u00bbtag:h2|text_align:center|color:%23ff0000&Prime; use_theme_fonts=\u00a0\u00bbyes\u00a0\u00bb][vc_column_text]\n<p style=\"text-align: center;\"><span style=\"font-weight: 400;\">Nous augmenterons les classements de mots-cl\u00e9s et am\u00e9liorerons l&rsquo;exploration et l&rsquo;indexation de votre site avec nos solutions de pointe.<\/span><\/p>\n[\/vc_column_text][vc_empty_space][vc_empty_space][\/vc_column][vc_column width=\u00a0\u00bb1\/3&Prime;]<div class=\"ult-just-icon-wrapper  \"><div class=\"align-icon\" style=\"text-align:center;\">\n<div class=\"aio-icon-img \" style=\"font-size:48px;display:inline-block;\" >\n\t<img decoding=\"async\" class=\"img-icon\" alt=\"Tik\" src=\"https:\/\/i0.wp.com\/ladyloveseo.com\/wp-content\/uploads\/2024\/04\/Tik-min.png?fit=920%2C920&#038;ssl=1\"\/>\n<\/div><\/div><\/div>[vc_custom_heading text=\u00a0\u00bbSEO local\u00a0\u00bb font_container=\u00a0\u00bbtag:h2|text_align:center|color:%23ff0000&Prime; use_theme_fonts=\u00a0\u00bbyes\u00a0\u00bb][vc_column_text]\n<p style=\"text-align: center;\"><span style=\"font-weight: 400;\">Nous \u00e9laborerons une strat\u00e9gie cibl\u00e9e qui attire les clients id\u00e9aux dans votre r\u00e9gion, g\u00e9n\u00e9rant une croissance explosive pour toute votre entreprise.<\/span><\/p>\n[\/vc_column_text][vc_empty_space][vc_empty_space][\/vc_column][\/vc_row][vc_row ct_row_stretch=\u00a0\u00bb\u00a0\u00bb][vc_column width=\u00a0\u00bb1\/3&Prime;]<div class=\"ult-just-icon-wrapper  \"><div class=\"align-icon\" style=\"text-align:center;\">\n<div class=\"aio-icon-img \" style=\"font-size:48px;display:inline-block;\" >\n\t<img decoding=\"async\" class=\"img-icon\" alt=\"Tik\" src=\"https:\/\/i0.wp.com\/ladyloveseo.com\/wp-content\/uploads\/2024\/04\/Tik-min.png?fit=920%2C920&#038;ssl=1\"\/>\n<\/div><\/div><\/div>[vc_custom_heading text=\u00a0\u00bbR\u00e9daction de contenu\u00a0\u00bb font_container=\u00a0\u00bbtag:h2|text_align:center|color:%23ff0000&Prime; use_theme_fonts=\u00a0\u00bbyes\u00a0\u00bb][vc_column_text]\n<p style=\"text-align: center;\"><span style=\"font-weight: 400;\">Nos r\u00e9dacteurs d&rsquo;\u00e9lite cr\u00e9eront du contenu qui r\u00e9sonne avec les moteurs de recherche et votre public cible.<\/span><\/p>\n[\/vc_column_text][vc_empty_space][vc_empty_space][\/vc_column][vc_column width=\u00a0\u00bb1\/3&Prime;]<div class=\"ult-just-icon-wrapper  \"><div class=\"align-icon\" style=\"text-align:center;\">\n<div class=\"aio-icon-img \" style=\"font-size:48px;display:inline-block;\" >\n\t<img decoding=\"async\" class=\"img-icon\" alt=\"Tik\" src=\"https:\/\/i0.wp.com\/ladyloveseo.com\/wp-content\/uploads\/2024\/04\/Tik-min.png?fit=920%2C920&#038;ssl=1\"\/>\n<\/div><\/div><\/div>[vc_custom_heading text=\u00a0\u00bbAvis\u00a0\u00bb font_container=\u00a0\u00bbtag:h2|text_align:center|color:%23ff0000&Prime; use_theme_fonts=\u00a0\u00bbyes\u00a0\u00bb][vc_column_text]\n<p style=\"text-align: center;\"><span style=\"font-weight: 400;\">Nous construirons votre r\u00e9putation en ligne en traitant les commentaires n\u00e9gatifs et en encourageant les clients satisfaits \u00e0 partager leurs exp\u00e9riences positives.<\/span><\/p>\n[\/vc_column_text][vc_empty_space][vc_empty_space][\/vc_column][vc_column width=\u00a0\u00bb1\/3&Prime;]<div class=\"ult-just-icon-wrapper  \"><div class=\"align-icon\" style=\"text-align:center;\">\n<div class=\"aio-icon-img \" style=\"font-size:48px;display:inline-block;\" >\n\t<img decoding=\"async\" class=\"img-icon\" alt=\"Tik\" src=\"https:\/\/i0.wp.com\/ladyloveseo.com\/wp-content\/uploads\/2024\/04\/Tik-min.png?fit=920%2C920&#038;ssl=1\"\/>\n<\/div><\/div><\/div>[vc_custom_heading text=\u00a0\u00bbProfil d&apos;entreprise Google\u00a0\u00bb font_container=\u00a0\u00bbtag:h2|text_align:center|color:%23ff0000&Prime; use_theme_fonts=\u00a0\u00bbyes\u00a0\u00bb][vc_column_text]\n<p style=\"text-align: center;\"><span style=\"font-weight: 400;\">Nos experts en Profil d&rsquo;Entreprise Google d\u00e9velopperont des strat\u00e9gies efficaces pour augmenter votre note Google Maps. <\/span><\/p>\n[\/vc_column_text][vc_empty_space][vc_empty_space][\/vc_column][\/vc_row][vc_row ct_row_stretch=\u00a0\u00bb\u00a0\u00bb][vc_column width=\u00a0\u00bb1\/3&Prime;]<div class=\"ult-just-icon-wrapper  \"><div class=\"align-icon\" style=\"text-align:center;\">\n<div class=\"aio-icon-img \" style=\"font-size:48px;display:inline-block;\" >\n\t<img decoding=\"async\" class=\"img-icon\" alt=\"Tik\" src=\"https:\/\/i0.wp.com\/ladyloveseo.com\/wp-content\/uploads\/2024\/04\/Tik-min.png?fit=920%2C920&#038;ssl=1\"\/>\n<\/div><\/div><\/div>[vc_custom_heading text=\u00a0\u00bbCr\u00e9ation de liens\u00a0\u00bb font_container=\u00a0\u00bbtag:h2|text_align:center|color:%23ff0000&Prime; use_theme_fonts=\u00a0\u00bbyes\u00a0\u00bb][vc_column_text]\n<p style=\"text-align: center;\"><span style=\"font-weight: 400;\">Nous lierons votre site web \u00e0 des sites web pertinents et populaires pour augmenter son exposition et sa note globale.<\/span><\/p>\n[\/vc_column_text][\/vc_column][vc_column width=\u00a0\u00bb1\/3&Prime;]<div class=\"ult-just-icon-wrapper  \"><div class=\"align-icon\" style=\"text-align:center;\">\n<div class=\"aio-icon-img \" style=\"font-size:48px;display:inline-block;\" >\n\t<img decoding=\"async\" class=\"img-icon\" alt=\"Tik\" src=\"https:\/\/i0.wp.com\/ladyloveseo.com\/wp-content\/uploads\/2024\/04\/Tik-min.png?fit=920%2C920&#038;ssl=1\"\/>\n<\/div><\/div><\/div>[vc_custom_heading text=\u00a0\u00bbOptimisation de contenu\u00a0\u00bb font_container=\u00a0\u00bbtag:h2|text_align:center|color:%23ff0000&Prime; use_theme_fonts=\u00a0\u00bbyes\u00a0\u00bb][vc_column_text]\n<p style=\"text-align: center;\"><span style=\"font-weight: 400;\">Nos sp\u00e9cialistes en contenu optimiseront votre contenu pour que les algorithmes de Google et les visiteurs le trouvent attrayant.<\/span><\/p>\n[\/vc_column_text][\/vc_column][vc_column width=\u00a0\u00bb1\/3&Prime;]<div class=\"ult-just-icon-wrapper  \"><div class=\"align-icon\" style=\"text-align:center;\">\n<div class=\"aio-icon-img \" style=\"font-size:48px;display:inline-block;\" >\n\t<img decoding=\"async\" class=\"img-icon\" alt=\"Tik\" src=\"https:\/\/i0.wp.com\/ladyloveseo.com\/wp-content\/uploads\/2024\/04\/Tik-min.png?fit=920%2C920&#038;ssl=1\"\/>\n<\/div><\/div><\/div>[vc_custom_heading text=\u00a0\u00bbAnalyse de rapports\u00a0\u00bb font_container=\u00a0\u00bbtag:h2|text_align:center|color:%23ff0000&Prime; use_theme_fonts=\u00a0\u00bbyes\u00a0\u00bb][vc_column_text]\n<p style=\"text-align: center;\"><span style=\"font-weight: 400;\">Vous recevrez r\u00e9guli\u00e8rement des rapports approfondis qui incluront des informations sur la performance du plan SEO.<\/span><\/p>\n[\/vc_column_text][\/vc_column][\/vc_row][vc_row ct_row_stretch=\u00a0\u00bb\u00a0\u00bb][vc_column width=\u00a0\u00bb1\/2&Prime;][vc_empty_space][vc_empty_space][vc_single_image image=\u00a0\u00bb10011&Prime; img_size=\u00a0\u00bbfull\u00a0\u00bb alignment=\u00a0\u00bbcenter\u00a0\u00bb css_animation=\u00a0\u00bbnone\u00a0\u00bb][\/vc_column][vc_column width=\u00a0\u00bb1\/2&Prime;][vc_empty_space][vc_empty_space]<div id=\"ultimate-heading-45169e018ce52ada\" class=\"uvc-heading ult-adjust-bottom-margin ultimate-heading-45169e018ce52ada uvc-6489 \" data-hspacer=\"line_only\"  data-halign=\"left\" style=\"text-align:left\"><div class=\"uvc-main-heading ult-responsive\"  data-ultimate-target='.uvc-heading.ultimate-heading-45169e018ce52ada h2'  data-responsive-json-new='{\"font-size\":\"desktop:30px;\",\"line-height\":\"\"}' ><h2 style=\"font-weight:bold;\">Pourquoi embaucher des services SEO d&#039;escorts pour votre site web ?<\/h2><\/div><div class=\"uvc-heading-spacer line_only\" style=\"margin-top:2px;margin-bottom:20px;height:6px;\"><span class=\"uvc-headings-line\" style=\"border-style:double;border-bottom-width:6px;border-color:#ff0000;width:100px;\"><\/span><\/div><\/div>[vc_column_text]Nous savons tous \u00e0 quel point le SEO est important pour toute entreprise d&rsquo;Escort. C&rsquo;est comme le sang vital d&rsquo;un site web pour Adultes. Effectuer du SEO par soi-m\u00eame n&rsquo;est pas possible \u00e0 moins d&rsquo;avoir une connaissance compl\u00e8te de tous les aspects techniques des services SEO. Un savoir-faire complet et une exp\u00e9rience ne seront possibles qu&rsquo;avec une agence SEO experte. Par cons\u00e9quent, embaucher des professionnels est la meilleure d\u00e9cision pour promouvoir votre site web pour adultes en ligne.    <\/p>\n<ul>\n<li><span style=\"color: #ff0000;\"><strong>Maintenance de site web et travail sur les facteurs de classement<\/strong> :<\/span> Il y a de nombreuses pratiques qui, lorsqu&rsquo;elles sont pratiqu\u00e9es sur le site web, peuvent avoir un impact n\u00e9gatif sur le SEO et une personne avec moins d&rsquo;exp\u00e9rience peut ne pas en avoir id\u00e9e. De nombreux \u00e9l\u00e9ments impl\u00e9ment\u00e9s peuvent avoir un impact n\u00e9gatif sur le classement. Embaucher une entreprise SEO professionnelle pour votre site web pour adultes examinera de pr\u00e8s tous les facteurs et s&rsquo;assurera qu&rsquo;ils aident \u00e0 am\u00e9liorer le classement de votre site web.  <\/li>\n<li><span style=\"color: #ff0000;\"><strong>D\u00e9veloppez votre R\u00e9seau d&rsquo;Affaires :<\/strong><\/span> \u00c0 cette \u00e9poque, la plupart des clients potentiels passent leur temps en ligne, ainsi avoir un bon site web et une agence de services SEO exceptionnellement bonne est d&rsquo;une importance capitale. Vous devez \u00eatre au sommet de l&rsquo;endroit o\u00f9 les gens passent le plus de temps, c&rsquo;est-\u00e0-dire internet et dans les r\u00e9sultats de recherche. <\/li>\n<li><span style=\"color: #ff0000;\"><strong>Gagnez des Revenus Plus \u00c9lev\u00e9s :<\/strong><\/span> Un site web sert de c\u0153ur \u00e0 toute entreprise en ligne. Si le site web est bien optimis\u00e9 et que de bonnes activit\u00e9s SEO sont effectu\u00e9es pour lui, alors les gens sont plus susceptibles de le visiter et d&rsquo;acheter des produits et services de celui-ci. Cela aidera \u00e0 gagner des revenus accrus de votre site web pour adultes.  <\/li>\n<\/ul>\n[\/vc_column_text][vc_empty_space][vc_empty_space][vc_empty_space][\/vc_column][\/vc_row][vc_row ct_row_stretch=\u00a0\u00bb\u00a0\u00bb][vc_column][vc_empty_space][vc_empty_space][vc_column_text]\n<h1>FAQ<\/h1>\n[\/vc_column_text][vc_empty_space][\/vc_column][\/vc_row][vc_row ct_row_stretch=\u00a0\u00bb\u00a0\u00bb][vc_column][vc_toggle title=\u00a0\u00bbQu&apos;est-ce que le SEO d&apos;agence d&apos;escorts ?\u00a0\u00bb]<span style=\"font-weight: 400;\">Le SEO d&rsquo;agence d&rsquo;escorts fait r\u00e9f\u00e9rence \u00e0 l&rsquo;optimisation de sites web dans le secteur des escorts, principalement concern\u00e9 par l&rsquo;augmentation de la visibilit\u00e9 dans les r\u00e9sultats des moteurs de recherche. Cette m\u00e9thode inclut des tactiques telles que la recherche de mots-cl\u00e9s, l&rsquo;optimisation on-page, la cr\u00e9ation de liens, et le marketing de contenu, principalement destin\u00e9es aux sites web de services d&rsquo;escorts. C&rsquo;est critique car un SEO efficace pour ces sites peut consid\u00e9rablement augmenter leur trafic organique entrant, leur exposition, et leur potentiel de revenus dans un monde en ligne hautement concurrentiel.  <\/span>[\/vc_toggle][vc_toggle title=\u00a0\u00bbPourquoi le SEO est-il important pour les agences d&apos;escorts ?\u00a0\u00bb]<span style=\"font-weight: 400;\">Avec les nouvelles r\u00e9glementations publicitaires et la d\u00e9sapprobation sociale, le secteur des sites web d&rsquo;escorts doit \u00eatre plus grand et avoir des probl\u00e8mes. Ces sites web auront besoin de SEO pour adultes pour traiter ces probl\u00e8mes efficacement. Gr\u00e2ce \u00e0 l&rsquo;optimisation pour les moteurs de recherche, leurs sites web verront une augmentation du trafic organique et de l&rsquo;exposition et, finalement, des revenus.  <\/span>[\/vc_toggle][vc_toggle title=\u00a0\u00bbQuelles sont les principales diff\u00e9rences entre le SEO d&apos;agence d&apos;escorts et le SEO traditionnel ?\u00a0\u00bb]<span style=\"font-weight: 400;\">M\u00eame si le SEO standard et le SEO d&rsquo;agence d&rsquo;escorts utilisent des strat\u00e9gies similaires, il y a quelques diff\u00e9rences significatives. Le SEO d&rsquo;agence d&rsquo;escorts inclut souvent la gestion d&rsquo;informations complexes et des directives publicitaires plus strictes que le SEO standard. <\/span>[\/vc_toggle][vc_toggle title=\u00a0\u00bbQuelle est la signification de la cr\u00e9ation de liens dans le SEO d&apos;agence d&apos;escorts ?\u00a0\u00bb]<span style=\"font-weight: 400;\">La cr\u00e9ation de liens est importante dans le SEO d&rsquo;agence d&rsquo;escorts car elle am\u00e9liore la cr\u00e9dibilit\u00e9 et la fiabilit\u00e9 d&rsquo;un site web aux yeux des moteurs de recherche. Cependant, les sites web pour adultes ont besoin d&rsquo;aide avec les strat\u00e9gies traditionnelles de cr\u00e9ation de liens en raison des restrictions de contenu sur la plupart des plateformes. Par cons\u00e9quent, les entreprises doivent employer des tactiques cr\u00e9atives pour g\u00e9n\u00e9rer des backlinks pr\u00e9cieux dans leur industrie.  <\/span>[\/vc_toggle][vc_toggle title=\u00a0\u00bbCombien co\u00fbtent typiquement les services SEO d&apos;agence d&apos;escorts ?\u00a0\u00bb]<span style=\"font-weight: 400;\">Le co\u00fbt des services SEO pour agences d&rsquo;escorts varie selon la port\u00e9e du projet, la concurrence du march\u00e9, et les objectifs sp\u00e9cifiques du projet. Les frais mensuels peuvent aller de quelques centaines \u00e0 plusieurs milliers de dollars. <\/span>[\/vc_toggle][\/vc_column][\/vc_row]\n<\/div>","protected":false},"excerpt":{"rendered":"<p>[vc_row ct_row_stretch=\u00a0\u00bb\u00a0\u00bb css=\u00a0\u00bb.vc_custom_1543906707815{margin-top: 40px !important;}\u00a0\u00bb][vc_column width=\u00a0\u00bb1\/2&Prime;][vc_column_text]Avoir un site web pour vos services d&rsquo;Escort ne vous apportera aucun b\u00e9n\u00e9fice tant que vous ne travaillerez pas \u00e0 le rendre visible au public potentiel. Il est tr\u00e8s important de cr\u00e9er une strat\u00e9gie SEO pour votre entreprise d&rsquo;Escort afin d&rsquo;obtenir un trafic pertinent vers votre site web qui se &#8230;<\/p>\n","protected":false},"author":1,"featured_media":0,"parent":11453,"menu_order":0,"comment_status":"closed","ping_status":"closed","template":"","meta":{"footnotes":""},"class_list":["post-11470","page","type-page","status-publish","hentry"],"jetpack_sharing_enabled":true,"_links":{"self":[{"href":"https:\/\/ladyloveseo.com\/fr\/wp-json\/wp\/v2\/pages\/11470","targetHints":{"allow":["GET"]}}],"collection":[{"href":"https:\/\/ladyloveseo.com\/fr\/wp-json\/wp\/v2\/pages"}],"about":[{"href":"https:\/\/ladyloveseo.com\/fr\/wp-json\/wp\/v2\/types\/page"}],"author":[{"embeddable":true,"href":"https:\/\/ladyloveseo.com\/fr\/wp-json\/wp\/v2\/users\/1"}],"replies":[{"embeddable":true,"href":"https:\/\/ladyloveseo.com\/fr\/wp-json\/wp\/v2\/comments?post=11470"}],"version-history":[{"count":1,"href":"https:\/\/ladyloveseo.com\/fr\/wp-json\/wp\/v2\/pages\/11470\/revisions"}],"predecessor-version":[{"id":11471,"href":"https:\/\/ladyloveseo.com\/fr\/wp-json\/wp\/v2\/pages\/11470\/revisions\/11471"}],"up":[{"embeddable":true,"href":"https:\/\/ladyloveseo.com\/fr\/wp-json\/wp\/v2\/pages\/11453"}],"wp:attachment":[{"href":"https:\/\/ladyloveseo.com\/fr\/wp-json\/wp\/v2\/media?parent=11470"}],"curies":[{"name":"wp","href":"https:\/\/api.w.org\/{rel}","templated":true}]}}