{"id":11504,"date":"2025-01-03T00:07:02","date_gmt":"2025-01-03T06:07:02","guid":{"rendered":"https:\/\/ladyloveseo.com\/seo-pour-e-commerce-adulte\/"},"modified":"2025-08-08T08:24:48","modified_gmt":"2025-08-08T13:24:48","slug":"seo-pour-e-commerce-adulte","status":"publish","type":"page","link":"https:\/\/ladyloveseo.com\/fr\/seo-pour-e-commerce-adulte\/","title":{"rendered":"SEO pour e-commerce adulte"},"content":{"rendered":"<div class=\"wpb-content-wrapper\">[vc_row ct_row_stretch=\u00a0\u00bb\u00a0\u00bb css=\u00a0\u00bb.vc_custom_1543906707815{margin-top: 40px !important;}\u00a0\u00bb][vc_column]<div id=\"ultimate-heading-480369d0fbdee8d63\" class=\"uvc-heading ult-adjust-bottom-margin ultimate-heading-480369d0fbdee8d63 uvc-6131 \" data-hspacer=\"line_only\"  data-halign=\"center\" style=\"text-align:center\"><div class=\"uvc-main-heading ult-responsive\"  data-ultimate-target='.uvc-heading.ultimate-heading-480369d0fbdee8d63 h1'  data-responsive-json-new='{\"font-size\":\"desktop:30px;\",\"line-height\":\"\"}' ><h1 style=\"font-weight:bold;color:#000000;\">SEO pour sites web de e-commerce adulte<\/h1><\/div><div class=\"uvc-heading-spacer line_only\" style=\"margin-top:2px;margin-bottom:20px;height:6px;\"><span class=\"uvc-headings-line\" style=\"border-style:double;border-bottom-width:6px;border-color:#FFFFFF;width:100px;\"><\/span><\/div><div class=\"uvc-sub-heading ult-responsive\"  data-ultimate-target='.uvc-heading.ultimate-heading-480369d0fbdee8d63 .uvc-sub-heading '  data-responsive-json-new='{\"font-size\":\"desktop:16px;\",\"line-height\":\"desktop:30px;\"}'  style=\"font-weight:bold;\"><strong>Dominez les classements de recherche pour le succ\u00e8s du e-commerce adulte de niche ! <\/strong><\/div><\/div>[vc_empty_space height=\u00a0\u00bb20px\u00a0\u00bb][vc_column_text css=\u00a0\u00bb\u00a0\u00bb]<span style=\"font-weight: 400;\">Comprendre et naviguer dans le complexe secteur des boutiques adultes n\u00e9cessite une strat\u00e9gie SEO strat\u00e9gique et compl\u00e8te. LadyLoveSEO se sp\u00e9cialise dans l&rsquo;autonomisation des entreprises adultes pour atteindre une visibilit\u00e9 sans pr\u00e9c\u00e9dent et des ventes plus \u00e9lev\u00e9es gr\u00e2ce \u00e0 des strat\u00e9gies d&rsquo;optimisation sp\u00e9cifiques \u00e0 la niche. <\/span><\/p>\n<p><b>SEO pour boutiques de e-commerce adulte<\/b><span style=\"font-weight: 400;\">  est un tout autre d\u00e9fi, car il est g\u00e9n\u00e9ralement strictement r\u00e9glement\u00e9 par les politiques publicitaires, les restrictions de contenu sensible et une forte concurrence. Nos techniques SEO pour adultes ont fait leurs preuves pour surmonter ces d\u00e9fis. De l&rsquo;optimisation des descriptions de produits et des pages de cat\u00e9gories \u00e0 la cr\u00e9ation de contenu de blog engageant, nous nous assurons que votre site attire le bon public tout en restant conforme aux directives des moteurs de recherche.  <\/span>[\/vc_column_text][\/vc_column][\/vc_row][vc_row ct_row_stretch=\u00a0\u00bb\u00a0\u00bb css=\u00a0\u00bb.vc_custom_1543906707815{margin-top: 40px !important;}\u00a0\u00bb][vc_column width=\u00a0\u00bb1\/2&Prime;][vc_column_text css=\u00a0\u00bb\u00a0\u00bb]<span style=\"font-weight: 400;\">Nos services vont bien au-del\u00e0 du SEO le plus basique. Nous effectuons une recherche approfondie de mots-cl\u00e9s, impl\u00e9mentons le SEO technique pour optimiser le site pour de meilleures performances, et acqu\u00e9rons des backlinks de qualit\u00e9 provenant de sources fiables. Que vous vendiez des jouets pour adultes, de la lingerie ou des produits de bien-\u00eatre intime, nos strat\u00e9gies sont adapt\u00e9es pour aider \u00e0 am\u00e9liorer votre pr\u00e9sence en ligne et mieux convertir.  <\/span><\/p>\n<p><span style=\"font-weight: 400;\">Pourquoi se contenter de solutions toutes faites quand vous pouvez travailler avec une \u00e9quipe qui conna\u00eet votre secteur ? LadyLoveSEO peut classer votre site web ou entreprise de e-commerce adulte plus haut tout en \u00e9tablissant l&rsquo;autorit\u00e9 et la confiance sur le march\u00e9 concurrentiel. Pr\u00eat \u00e0 dominer les classements de recherche et d\u00e9velopper votre entreprise de e-commerce adulte ? Contactez-nous aujourd&rsquo;hui pour explorer comment nous pouvons am\u00e9liorer votre marque.   <\/span>[\/vc_column_text][\/vc_column][vc_column width=\u00a0\u00bb1\/2&Prime;][vc_single_image image=\u00a0\u00bb10999&Prime; img_size=\u00a0\u00bbfull\u00a0\u00bb css=\u00a0\u00bb\u00a0\u00bb][\/vc_column][\/vc_row][vc_row ct_row_stretch=\u00a0\u00bb\u00a0\u00bb css=\u00a0\u00bb.vc_custom_1724849111959{margin-top: 20px !important;}\u00a0\u00bb][vc_column][vc_empty_space height=\u00a0\u00bb20px\u00a0\u00bb][\/vc_column][\/vc_row][vc_row ct_row_stretch=\u00a0\u00bb\u00a0\u00bb][vc_column][vc_custom_heading text=\u00a0\u00bbPourquoi le SEO e-commerce est-il crucial pour vos entreprises adultes ?\u00a0\u00bb font_container=\u00a0\u00bbtag:h2|text_align:center\u00a0\u00bb use_theme_fonts=\u00a0\u00bbyes\u00a0\u00bb css=\u00a0\u00bb\u00a0\u00bb][vc_empty_space][\/vc_column][\/vc_row][vc_row ct_row_stretch=\u00a0\u00bb\u00a0\u00bb][vc_column width=\u00a0\u00bb1\/2&Prime;][vc_single_image image=\u00a0\u00bb11000&Prime; img_size=\u00a0\u00bbfull\u00a0\u00bb css=\u00a0\u00bb\u00a0\u00bb][\/vc_column][vc_column width=\u00a0\u00bb1\/2&Prime;][vc_column_text css=\u00a0\u00bb\u00a0\u00bb]<span style=\"font-weight: 400;\">Une boutique ou entreprise adulte se sp\u00e9cialise dans le bien-\u00eatre intime, les jouets pour adultes, la lingerie ou d&rsquo;autres produits de niche qui doivent \u00eatre vendus avec discr\u00e9tion et marketing. Face \u00e0 une concurrence accrue et des politiques publicitaires limit\u00e9es, il peut devenir difficile de rivaliser en ligne. C&rsquo;est \u00e0 ce moment que le marketing num\u00e9rique pour e-commerce adulte devient essentiel  <\/span><\/p>\n<p><b>Le SEO pour e-commerce adulte  <\/b><span style=\"font-weight: 400;\">s&rsquo;assurera que votre boutique se classe plus haut sur les moteurs de recherche, attirant un trafic qualifi\u00e9 pr\u00eat \u00e0 se convertir en clients. L&rsquo;optimisation des pages produits, la cr\u00e9ation de contenu de valeur et l&rsquo;attention aux aspects SEO techniques apporteront \u00e0 votre entreprise la visibilit\u00e9 qu&rsquo;elle m\u00e9rite. <\/span><\/p>\n<p><span style=\"font-weight: 400;\">Dans un environnement o\u00f9 la confiance et l&rsquo;autorit\u00e9 sont plus critiques, \u00e9tablir la cr\u00e9dibilit\u00e9 en g\u00e9n\u00e9rant du trafic dans le e-commerce est \u00e9galement essentiel gr\u00e2ce au SEO. Guidez vos clients vers votre boutique en ligne gr\u00e2ce au SEO d\u00e8s aujourd&rsquo;hui ! <\/span>[\/vc_column_text][\/vc_column][\/vc_row][vc_row ct_row_stretch=\u00a0\u00bb\u00a0\u00bb][vc_column][vc_empty_space][\/vc_column][\/vc_row][vc_row ct_row_stretch=\u00a0\u00bb\u00a0\u00bb][vc_column width=\u00a0\u00bb1\/2&Prime;][vc_empty_space height=\u00a0\u00bb15&Prime;][vc_custom_heading text=\u00a0\u00bbBoostez les ventes de e-commerce adulte avec des solutions SEO\u00a0\u00bb font_container=\u00a0\u00bbtag:h3|text_align:center\u00a0\u00bb use_theme_fonts=\u00a0\u00bbyes\u00a0\u00bb css=\u00a0\u00bb\u00a0\u00bb][vc_column_text css=\u00a0\u00bb\u00a0\u00bb]<span style=\"font-weight: 400;\">Obtenez une approche SEO plus cibl\u00e9e visant \u00e0 augmenter la visibilit\u00e9, g\u00e9n\u00e9rer plus de trafic et booster les ventes. <\/span><\/p>\n<p><span style=\"font-weight: 400;\">Dans le e-commerce adulte, ce march\u00e9 concurrentiel a peu de temps pour le marketing g\u00e9n\u00e9rique ; les solutions SEO efficaces ciblent l&rsquo;optimisation avec des mots-cl\u00e9s de niche qui aideront le site \u00e0 exp\u00e9rimenter un excellent comportement utilisateur ainsi qu&rsquo;\u00e0 obtenir des backlinks de qualit\u00e9.<\/span><\/p>\n<p><span style=\"font-weight: 400;\">Que vous vendiez <\/span><b><a href=\"https:\/\/ladyloveseo.com\/sex-toy-seo\/\" target=\"_blank\" rel=\"noopener\">des jouets pour adultes<\/a>, <a href=\"https:\/\/ladyloveseo.com\/seo-for-lingerie-stores\/\" target=\"_blank\" rel=\"noopener\">de la lingerie<\/a>, ou <a href=\"https:\/\/ladyloveseo.com\/seo-for-sex-doll-stores\/\" target=\"_blank\" rel=\"noopener\">des poup\u00e9es sexuelles<\/a>,<\/b><span style=\"font-weight: 400;\">  le SEO s&rsquo;assure que les bonnes personnes vous trouvent au bon moment. \u00c9levez votre pr\u00e9sence en ligne et regardez les ventes augmenter avec des strat\u00e9gies SEO cibl\u00e9es con\u00e7ues pour le succ\u00e8s ! <\/span>[\/vc_column_text][\/vc_column][vc_column width=\u00a0\u00bb1\/2&Prime;][vc_empty_space][vc_single_image image=\u00a0\u00bb11014&Prime; img_size=\u00a0\u00bbfull\u00a0\u00bb css=\u00a0\u00bb\u00a0\u00bb][\/vc_column][\/vc_row][vc_row ct_row_stretch=\u00a0\u00bb\u00a0\u00bb][vc_column width=\u00a0\u00bb1\/2&Prime;][vc_empty_space][\/vc_column][vc_column width=\u00a0\u00bb1\/2&Prime;][vc_empty_space][\/vc_column][\/vc_row][vc_row ct_row_stretch=\u00a0\u00bb\u00a0\u00bb][vc_column css=\u00a0\u00bb.vc_custom_1736335095243{background-color: #DD3333 !important;}\u00a0\u00bb][vc_empty_space][vc_custom_heading text=\u00a0\u00bbAvantages de notre strat\u00e9gie SEO e-commerce\u00a0\u00bb font_container=\u00a0\u00bbtag:h3|text_align:center|color:%23ffffff\u00a0\u00bb use_theme_fonts=\u00a0\u00bbyes\u00a0\u00bb css=\u00a0\u00bb\u00a0\u00bb][vc_column_text css=\u00a0\u00bb\u00a0\u00bb]\n<p style=\"text-align: center;\"><span style=\"color: #ffffff;\">SEO expert pour e-commerce adulte pour une croissance durable <\/span><\/p>\n[\/vc_column_text][\/vc_column][\/vc_row][vc_row ct_row_stretch=\u00a0\u00bb\u00a0\u00bb][vc_column width=\u00a0\u00bb1\/3&Prime; css=\u00a0\u00bb.vc_custom_1736335118034{background-color: #DD3333 !important;}\u00a0\u00bb][vc_column_text css=\u00a0\u00bb.vc_custom_1736343880504{margin-top: 30px !important;padding-top: 20px !important;padding-right: 20px !important;padding-bottom: 20px !important;padding-left: 20px !important;background-color: #ffffff !important;}\u00a0\u00bb]\n<h4 style=\"text-align: center;\"><b>Augmentation du trafic du site web<\/b><\/h4>\n<ul>\n<li style=\"font-weight: 400;\" aria-level=\"1\"><strong>Classements plus \u00e9lev\u00e9s dans les moteurs de recherche<\/strong><\/li>\n<li style=\"font-weight: 400;\" aria-level=\"1\"><strong>Trafic mieux cibl\u00e9<\/strong><\/li>\n<li style=\"font-weight: 400;\" aria-level=\"1\"><strong>Am\u00e9lioration de la notori\u00e9t\u00e9 de la marque<\/strong><\/li>\n<li style=\"font-weight: 400;\" aria-level=\"1\"><strong>Plus de port\u00e9e organique<\/strong><\/li>\n<li style=\"font-weight: 400;\" aria-level=\"1\"><strong>Pr\u00e9sence renforc\u00e9e dans la recherche locale<\/strong><\/li>\n<li style=\"font-weight: 400;\" aria-level=\"1\"><strong>Pr\u00e9sence en ligne plus forte<\/strong><\/li>\n<\/ul>\n[\/vc_column_text][vc_empty_space][vc_empty_space][\/vc_column][vc_column width=\u00a0\u00bb1\/3&Prime; css=\u00a0\u00bb.vc_custom_1736335135754{background-color: #DD3333 !important;}\u00a0\u00bb][vc_column_text css=\u00a0\u00bb.vc_custom_1736343909369{margin-top: 30px !important;padding-top: 20px !important;padding-right: 20px !important;padding-bottom: 20px !important;padding-left: 20px !important;background-color: #ffffff !important;}\u00a0\u00bb]\n<h4 style=\"text-align: center;\"><strong>Taux de conversion plus \u00e9lev\u00e9s<\/strong><\/h4>\n<ul>\n<li style=\"font-weight: 400;\" aria-level=\"1\"><strong>Pages produits optimis\u00e9es<\/strong><\/li>\n<li style=\"font-weight: 400;\" aria-level=\"1\"><strong>Exp\u00e9rience utilisateur am\u00e9lior\u00e9e<\/strong><\/li>\n<li style=\"font-weight: 400;\" aria-level=\"1\"><strong>Temps de chargement plus rapides<\/strong><\/li>\n<li style=\"font-weight: 400;\" aria-level=\"1\"><strong>Appels \u00e0 l&rsquo;action plus clairs<\/strong><\/li>\n<li style=\"font-weight: 400;\" aria-level=\"1\"><strong>Processus de commande rationalis\u00e9<\/strong><\/li>\n<li style=\"font-weight: 400;\" aria-level=\"1\"><strong>Contenu cibl\u00e9 pour les audiences de niche<\/strong><\/li>\n<\/ul>\n[\/vc_column_text][vc_empty_space][vc_empty_space][\/vc_column][vc_column width=\u00a0\u00bb1\/3&Prime; css=\u00a0\u00bb.vc_custom_1736335147834{background-color: #DD3333 !important;}\u00a0\u00bb][vc_column_text css=\u00a0\u00bb.vc_custom_1736343980167{margin-top: 30px !important;padding-top: 20px !important;padding-right: 20px !important;padding-bottom: 20px !important;padding-left: 20px !important;background-color: #ffffff !important;}\u00a0\u00bb]\n<h4 style=\"text-align: center;\"><b>Succ\u00e8s \u00e0 long terme<\/b><\/h4>\n<ul>\n<li style=\"font-weight: 400;\" aria-level=\"1\"><strong>R\u00e9sultats SEO durables<\/strong><\/li>\n<li style=\"font-weight: 400;\" aria-level=\"1\"><strong>Strat\u00e9gie de contenu continue<\/strong><\/li>\n<li style=\"font-weight: 400;\" aria-level=\"1\"><strong>Suivi continu des performances<\/strong><\/li>\n<li style=\"font-weight: 400;\" aria-level=\"1\"><strong>Potentiel de croissance \u00e9volutif<\/strong><\/li>\n<li style=\"font-weight: 400;\" aria-level=\"1\"><strong>Mises \u00e0 jour r\u00e9guli\u00e8res des algorithmes<\/strong><\/li>\n<li style=\"font-weight: 400;\" aria-level=\"1\"><strong>Profil de backlinks solide<\/strong><\/li>\n<\/ul>\n[\/vc_column_text][vc_empty_space][vc_empty_space][\/vc_column][\/vc_row][vc_row ct_row_stretch=\u00a0\u00bb\u00a0\u00bb][vc_column][vc_empty_space height=\u00a0\u00bb45px\u00a0\u00bb][vc_custom_heading text=\u00a0\u00bbSEO pour e-commerce adulte : G\u00e9n\u00e9rez des ventes avec des cat\u00e9gories optimis\u00e9es\u00a0\u00bb font_container=\u00a0\u00bbtag:h2|text_align:center\u00a0\u00bb use_theme_fonts=\u00a0\u00bbyes\u00a0\u00bb css=\u00a0\u00bb\u00a0\u00bb][vc_empty_space height=\u00a0\u00bb30px\u00a0\u00bb][vc_row_inner][vc_column_inner width=\u00a0\u00bb1\/3&Prime;][vc_single_image image=\u00a0\u00bb9601&Prime; img_size=\u00a0\u00bbfull\u00a0\u00bb alignment=\u00a0\u00bbcenter\u00a0\u00bb onclick=\u00a0\u00bbcustom_link\u00a0\u00bb img_link_target=\u00a0\u00bb_blank\u00a0\u00bb css=\u00a0\u00bb\u00a0\u00bb link=\u00a0\u00bbhttps:\/\/ladyloveseo.com\/sex-toy-seo\/\u00a0\u00bb][vc_custom_heading text=\u00a0\u00bbSEO pour boutique de jouets sexuels\u00a0\u00bb font_container=\u00a0\u00bbtag:h2|text_align:center\u00a0\u00bb use_theme_fonts=\u00a0\u00bbyes\u00a0\u00bb css=\u00a0\u00bb\u00a0\u00bb link=\u00a0\u00bburl:https%3A%2F%2Fladyloveseo.com%2Fsex-toy-seo%2F|target:_blank|\u00a0\u00bb][\/vc_column_inner][vc_column_inner width=\u00a0\u00bb1\/3&Prime;][vc_single_image image=\u00a0\u00bb10983&Prime; img_size=\u00a0\u00bbfull\u00a0\u00bb alignment=\u00a0\u00bbcenter\u00a0\u00bb onclick=\u00a0\u00bbcustom_link\u00a0\u00bb img_link_target=\u00a0\u00bb_blank\u00a0\u00bb css=\u00a0\u00bb\u00a0\u00bb link=\u00a0\u00bbhttps:\/\/ladyloveseo.com\/seo-for-sex-doll-stores\/\u00a0\u00bb][vc_custom_heading text=\u00a0\u00bbSEO pour boutique de poup\u00e9es sexuelles\u00a0\u00bb font_container=\u00a0\u00bbtag:h2|text_align:center\u00a0\u00bb use_theme_fonts=\u00a0\u00bbyes\u00a0\u00bb css=\u00a0\u00bb\u00a0\u00bb link=\u00a0\u00bburl:https%3A%2F%2Fladyloveseo.com%2Fseo-for-sex-doll-stores%2F|target:_blank|\u00a0\u00bb][\/vc_column_inner][vc_column_inner width=\u00a0\u00bb1\/3&Prime;][vc_single_image image=\u00a0\u00bb10981&Prime; img_size=\u00a0\u00bbfull\u00a0\u00bb alignment=\u00a0\u00bbcenter\u00a0\u00bb onclick=\u00a0\u00bbcustom_link\u00a0\u00bb img_link_target=\u00a0\u00bb_blank\u00a0\u00bb css=\u00a0\u00bb\u00a0\u00bb link=\u00a0\u00bbhttps:\/\/ladyloveseo.com\/seo-for-lingerie-stores\/\u00a0\u00bb][vc_custom_heading text=\u00a0\u00bbSEO magasin de lingerie\u00a0\u00bb font_container=\u00a0\u00bbtag:h2|text_align:center\u00a0\u00bb use_theme_fonts=\u00a0\u00bbyes\u00a0\u00bb css=\u00a0\u00bb\u00a0\u00bb link=\u00a0\u00bburl:https%3A%2F%2Fladyloveseo.com%2Fseo-for-lingerie-stores%2F|target:_blank|\u00a0\u00bb][\/vc_column_inner][\/vc_row_inner][\/vc_column][\/vc_row][vc_row ct_row_stretch=\u00a0\u00bb\u00a0\u00bb][vc_column][vc_empty_space][vc_empty_space height=\u00a0\u00bb30px\u00a0\u00bb][\/vc_column][\/vc_row][vc_row ct_row_stretch=\u00a0\u00bb\u00a0\u00bb][vc_column][vc_row_inner][vc_column_inner width=\u00a0\u00bb1\/2&Prime;][vc_single_image image=\u00a0\u00bb11019&Prime; img_size=\u00a0\u00bbfull\u00a0\u00bb css=\u00a0\u00bb\u00a0\u00bb][\/vc_column_inner][vc_column_inner width=\u00a0\u00bb1\/2&Prime;][vc_empty_space][vc_custom_heading text=\u00a0\u00bbAugmentez le ROI avec des publicit\u00e9s payantes pour le e-commerce adulte\u00a0\u00bb font_container=\u00a0\u00bbtag:h3|text_align:center\u00a0\u00bb use_theme_fonts=\u00a0\u00bbyes\u00a0\u00bb css=\u00a0\u00bb\u00a0\u00bb][vc_empty_space height=\u00a0\u00bb15px\u00a0\u00bb][vc_toggle title=\u00a0\u00bbCiblage d&apos;audience de niche\u00a0\u00bb size=\u00a0\u00bbsm\u00a0\u00bb css=\u00a0\u00bb\u00a0\u00bb]<span style=\"font-weight: 400;\">Nous nous sp\u00e9cialisons dans l&rsquo;identification et le ciblage d&rsquo;audiences de niche pour nous assurer que la boutique de e-commerce adulte se classe bien et g\u00e9n\u00e8re un taux d&rsquo;int\u00e9r\u00eat plus \u00e9lev\u00e9. <\/span>[\/vc_toggle][vc_toggle title=\u00a0\u00bbOptimisation des textes publicitaires\u00a0\u00bb size=\u00a0\u00bbsm\u00a0\u00bb css=\u00a0\u00bb\u00a0\u00bb]<span style=\"font-weight: 400;\">Notre \u00e9quipe cr\u00e9e des textes publicitaires persuasifs et engageants adapt\u00e9s au e-commerce adulte, g\u00e9n\u00e9rant des clics et des conversions tout en maintenant la conformit\u00e9 avec les directives sp\u00e9cifiques \u00e0 la plateforme.<\/span>[\/vc_toggle][vc_toggle title=\u00a0\u00bbCampagnes ax\u00e9es sur la conversion\u00a0\u00bb size=\u00a0\u00bbsm\u00a0\u00bb css=\u00a0\u00bb\u00a0\u00bb]<span style=\"font-weight: 400;\">Nous concevons des campagnes centr\u00e9es sur l&rsquo;obtention de r\u00e9sultats mesurables, nous assurant que chaque publicit\u00e9 dans votre strat\u00e9gie de e-commerce adulte g\u00e9n\u00e8re des actions significatives et am\u00e9liore les conversions.<\/span>[\/vc_toggle][vc_toggle title=\u00a0\u00bbAllocation budg\u00e9taire ax\u00e9e sur le ROI\u00a0\u00bb css=\u00a0\u00bb\u00a0\u00bb]<span style=\"font-weight: 400;\">Nos experts allouent votre budget publicitaire de mani\u00e8re strat\u00e9gique, se concentrant sur les canaux les plus performants pour offrir des retours et profits maximum pour votre entreprise de e-commerce adulte. <\/span>[\/vc_toggle][vc_toggle title=\u00a0\u00bbStrat\u00e9gies sp\u00e9cifiques \u00e0 la plateforme\u00a0\u00bb size=\u00a0\u00bbsm\u00a0\u00bb css=\u00a0\u00bb\u00a0\u00bb]<b> <\/b><span style=\"font-weight: 400;\">Nous cr\u00e9ons du contenu unique et distinctif pour chaque plateforme publicitaire, nous assurant que le th\u00e8me s&rsquo;accorde bien avec les styles et pr\u00e9f\u00e9rences de votre audience. <\/span>[\/vc_toggle][\/vc_column_inner][\/vc_row_inner][\/vc_column][\/vc_row][vc_row ct_row_stretch=\u00a0\u00bb\u00a0\u00bb][vc_column][vc_empty_space height=\u00a0\u00bb30px\u00a0\u00bb][vc_custom_heading text=\u00a0\u00bbPourquoi nous choisir ?\u00a0\u00bb font_container=\u00a0\u00bbtag:h2|text_align:center\u00a0\u00bb use_theme_fonts=\u00a0\u00bbyes\u00a0\u00bb css=\u00a0\u00bb\u00a0\u00bb][\/vc_column][\/vc_row][vc_row ct_row_stretch=\u00a0\u00bb\u00a0\u00bb][vc_column width=\u00a0\u00bb1\/2&Prime;][vc_column_text css=\u00a0\u00bb\u00a0\u00bb]\n<div>\n<p><span style=\"font-weight: 400;\">Chez LadyLoveSEO, nous combinons expertement<\/span><b> le SEO pour e-commerce adulte <\/b><span style=\"font-weight: 400;\">avec des strat\u00e9gies qui font ressortir votre entreprise adulte ; nous comprenons ces d\u00e9fis uniques pr\u00e9sent\u00e9s dans l&rsquo;industrie adulte et cherchons du contenu cibl\u00e9 de niche plus des pages produits optimis\u00e9es. <\/span> <\/p>\n<p><span style=\"font-weight: 400;\">Nos solutions combinent une recherche efficace de mots-cl\u00e9s, des backlinks de haute qualit\u00e9 et un SEO technique fluide pour construire la visibilit\u00e9, attirer le trafic et booster les conversions. Nous pouvons livrer des campagnes bas\u00e9es sur les r\u00e9sultats pour obtenir un ROI maximum ainsi que pour le succ\u00e8s \u00e0 long terme des sites web de e-commerce adulte. Choisissez-nous et obtenez l&rsquo;avantage !  <\/span><\/p>\n<\/div>\n[\/vc_column_text][\/vc_column][vc_column width=\u00a0\u00bb1\/2&Prime;][vc_single_image image=\u00a0\u00bb10713&Prime; img_size=\u00a0\u00bbfull\u00a0\u00bb css=\u00a0\u00bb\u00a0\u00bb][\/vc_column][\/vc_row][vc_row ct_row_stretch=\u00a0\u00bb\u00a0\u00bb][vc_column][vc_empty_space height=\u00a0\u00bb40&Prime;]<div id=\"ultimate-heading-306669d0fbdee8db7\" class=\"uvc-heading ult-adjust-bottom-margin ultimate-heading-306669d0fbdee8db7 uvc-9767 \" data-hspacer=\"no_spacer\"  data-halign=\"center\" style=\"text-align:center\"><div class=\"uvc-heading-spacer no_spacer\" style=\"top\"><\/div><div class=\"uvc-main-heading ult-responsive\"  data-ultimate-target='.uvc-heading.ultimate-heading-306669d0fbdee8db7 h2'  data-responsive-json-new='{\"font-size\":\"\",\"line-height\":\"\"}' ><h2 style=\"font-weight:bold;color:#000000;\">FAQ sur le SEO pour e-commerce adulte<\/h2><\/div><\/div>[vc_empty_space height=\u00a0\u00bb30px\u00a0\u00bb][vc_toggle title=\u00a0\u00bbQu&apos;est-ce que le SEO pour e-commerce adulte ?\u00a0\u00bb open=\u00a0\u00bbtrue\u00a0\u00bb css=\u00a0\u00bb\u00a0\u00bb]<span style=\"font-weight: 400;\">Le SEO pour e-commerce adulte est le processus d&rsquo;optimisation des sites web de l&rsquo;industrie adulte pour les rendre plus visibles, attirer le bon type de trafic et booster les conversions tout en restant dans les limites des directives de contenu et de publicit\u00e9.<\/span>[\/vc_toggle][vc_toggle title=\u00a0\u00bbComment le SEO aide-t-il une entreprise adulte ?\u00a0\u00bb css=\u00a0\u00bb\u00a0\u00bb]<span style=\"font-weight: 400;\">Le SEO am\u00e9liore le classement dans les moteurs de recherche, ce qui conduit \u00e0 du trafic organique vers les boutiques adultes et, par cons\u00e9quent, augmente les ventes et la reconnaissance de la marque sur un march\u00e9 concurrentiel.<\/span>[\/vc_toggle][vc_toggle title=\u00a0\u00bbLe SEO pour e-commerce adulte diff\u00e8re-t-il du e-commerce r\u00e9gulier ?\u00a0\u00bb css=\u00a0\u00bb\u00a0\u00bb]<span style=\"font-weight: 400;\">Le SEO adulte est diff\u00e9rent ; il a des d\u00e9fis uniques et des restrictions publicitaires sp\u00e9cifiques \u00e0 l&rsquo;industrie. L&rsquo;exigence de conformit\u00e9 d\u00e9pend \u00e9galement de son focus de mots-cl\u00e9s sp\u00e9cialis\u00e9s. <\/span>[\/vc_toggle][vc_toggle title=\u00a0\u00bbCombien de temps faudra-t-il pour voir les r\u00e9sultats du SEO ?\u00a0\u00bb css=\u00a0\u00bb\u00a0\u00bb]<span style=\"font-weight: 400;\">Typiquement, les r\u00e9sultats SEO commencent dans les 3-6 mois de mise en \u0153uvre selon la concurrence, l&rsquo;optimisation du site et l&rsquo;existence num\u00e9rique globale de l&rsquo;industrie adulte.<\/span>[\/vc_toggle][vc_toggle title=\u00a0\u00bbLe SEO aidera-t-il une boutique adulte \u00e0 surpasser les concurrents ?\u00a0\u00bb css=\u00a0\u00bb\u00a0\u00bb]<span style=\"font-weight: 400;\">Les boutiques adultes, par l&rsquo;utilisation d&rsquo;un SEO efficace, peuvent am\u00e9liorer les classements, surpasser leurs concurrents dans un environnement commercial en ligne concurrentiel et atteindre des prospects qualifi\u00e9s.<\/span>[\/vc_toggle][vc_row_inner][vc_column_inner][vc_cta h2=\u00a0\u00bbContactez-nous pour obtenir la meilleure solution SEO pour les entreprises de e-commerce adulte\u00a0\u00bb txt_align=\u00a0\u00bbcenter\u00a0\u00bb style=\u00a0\u00bb3d\u00a0\u00bb color=\u00a0\u00bbmulled-wine\u00a0\u00bb css=\u00a0\u00bb\u00a0\u00bb]\n<h3 style=\"text-align: center;\"><span style=\"color: #ffffff;\"><strong>Email &#8211; <a style=\"color: #ffffff;\" href=\"mailto:contact@ladyloveseo.com\">contact@ladyloveseo.com<\/a><\/strong><\/span><\/h3>\n[\/vc_cta][vc_empty_space height=\u00a0\u00bb30px\u00a0\u00bb][\/vc_column_inner][\/vc_row_inner]<div class=\" ubtn-ctn-center \"><a class=\"ubtn-link ult-adjust-bottom-margin ubtn-center ubtn-large \" href=\"https:\/\/wa.me\/919878700524?text=\" target=\"_blank\" rel=\"noopener\"><button type=\"button\" id=\"ubtn-2623\"  class=\"ubtn ult-adjust-bottom-margin ult-responsive ubtn-large ubtn-fade-bg  none  ubtn-center   tooltip-69d0fbdee8dde\"  data-hover=\"\" data-border-color=\"\" data-bg=\"#00C409\" data-hover-bg=\"\" data-border-hover=\"\" data-shadow-hover=\"\" data-shadow-click=\"none\" data-shadow=\"\" data-shd-shadow=\"\"  data-ultimate-target='#ubtn-2623'  data-responsive-json-new='{\"font-size\":\"\",\"line-height\":\"\"}'  style=\"font-weight:normal;border:none;background: #00C409;color: #FFFFFF;\"><span class=\"ubtn-hover\" style=\"background-color:\"><\/span><span class=\"ubtn-data ubtn-text \" >Commencez le chat WhatsApp maintenant !<\/span><\/button><\/a><\/div>[vc_empty_space height=\u00a0\u00bb30px\u00a0\u00bb][\/vc_column][\/vc_row]\n<\/div>","protected":false},"excerpt":{"rendered":"<p>[vc_row ct_row_stretch=\u00a0\u00bb\u00a0\u00bb css=\u00a0\u00bb.vc_custom_1543906707815{margin-top: 40px !important;}\u00a0\u00bb][vc_column][vc_empty_space height=\u00a0\u00bb20px\u00a0\u00bb][vc_column_text css=\u00a0\u00bb\u00a0\u00bb]Comprendre et naviguer dans le complexe secteur des boutiques adultes n\u00e9cessite une strat\u00e9gie SEO strat\u00e9gique et compl\u00e8te. LadyLoveSEO se sp\u00e9cialise dans l&rsquo;autonomisation des entreprises adultes pour atteindre une visibilit\u00e9 sans pr\u00e9c\u00e9dent et des ventes plus \u00e9lev\u00e9es gr\u00e2ce \u00e0 des strat\u00e9gies d&rsquo;optimisation sp\u00e9cifiques \u00e0 la niche. SEO pour boutiques de &#8230;<\/p>\n","protected":false},"author":11,"featured_media":0,"parent":0,"menu_order":0,"comment_status":"closed","ping_status":"closed","template":"","meta":{"footnotes":""},"class_list":["post-11504","page","type-page","status-publish","hentry"],"jetpack_sharing_enabled":true,"_links":{"self":[{"href":"https:\/\/ladyloveseo.com\/fr\/wp-json\/wp\/v2\/pages\/11504","targetHints":{"allow":["GET"]}}],"collection":[{"href":"https:\/\/ladyloveseo.com\/fr\/wp-json\/wp\/v2\/pages"}],"about":[{"href":"https:\/\/ladyloveseo.com\/fr\/wp-json\/wp\/v2\/types\/page"}],"author":[{"embeddable":true,"href":"https:\/\/ladyloveseo.com\/fr\/wp-json\/wp\/v2\/users\/11"}],"replies":[{"embeddable":true,"href":"https:\/\/ladyloveseo.com\/fr\/wp-json\/wp\/v2\/comments?post=11504"}],"version-history":[{"count":2,"href":"https:\/\/ladyloveseo.com\/fr\/wp-json\/wp\/v2\/pages\/11504\/revisions"}],"predecessor-version":[{"id":11506,"href":"https:\/\/ladyloveseo.com\/fr\/wp-json\/wp\/v2\/pages\/11504\/revisions\/11506"}],"wp:attachment":[{"href":"https:\/\/ladyloveseo.com\/fr\/wp-json\/wp\/v2\/media?parent=11504"}],"curies":[{"name":"wp","href":"https:\/\/api.w.org\/{rel}","templated":true}]}}