{"id":11522,"date":"2022-06-01T16:27:46","date_gmt":"2022-06-01T21:27:46","guid":{"rendered":"https:\/\/ladyloveseo.com\/entreprise-de-marketing-dapplications-de-rencontres\/"},"modified":"2025-08-12T02:00:41","modified_gmt":"2025-08-12T07:00:41","slug":"entreprise-de-marketing-dapplications-de-rencontres","status":"publish","type":"page","link":"https:\/\/ladyloveseo.com\/fr\/entreprise-de-marketing-dapplications-de-rencontres\/","title":{"rendered":"Entreprise de marketing d&rsquo;applications de rencontres"},"content":{"rendered":"<div class=\"wpb-content-wrapper\">[vc_row ct_row_stretch=\u00a0\u00bb\u00a0\u00bb css=\u00a0\u00bb.vc_custom_1654003630998{margin-top: 40px !important;}\u00a0\u00bb][vc_column]<div id=\"ultimate-heading-354269e0183425b5b\" class=\"uvc-heading ult-adjust-bottom-margin ultimate-heading-354269e0183425b5b uvc-490 \" data-hspacer=\"line_only\"  data-halign=\"center\" style=\"text-align:center\"><div class=\"uvc-main-heading ult-responsive\"  data-ultimate-target='.uvc-heading.ultimate-heading-354269e0183425b5b h1'  data-responsive-json-new='{\"font-size\":\"desktop:30px;\",\"line-height\":\"desktop:50px;\"}' ><h1 style=\"font-weight:bold;color:#000000;\">\ud83d\udc91 Entreprise de marketing d&#039;applications de rencontres \ud83d\udc91<\/h1><\/div><div class=\"uvc-heading-spacer line_only\" style=\"margin-top:2px;margin-bottom:20px;height:6px;\"><span class=\"uvc-headings-line\" style=\"border-style:double;border-bottom-width:6px;border-color:#000000;width:535px;\"><\/span><\/div><div class=\"uvc-sub-heading ult-responsive\"  data-ultimate-target='.uvc-heading.ultimate-heading-354269e0183425b5b .uvc-sub-heading '  data-responsive-json-new='{\"font-size\":\"desktop:16px;\",\"line-height\":\"desktop:40px;\"}'  style=\"font-weight:bold;\">\n<h3>Optimisation Google Play et App Store<span class=\"emoji\"><br \/>\n<\/span><\/h3>\n<\/div><\/div>[vc_empty_space height=\u00a0\u00bb12px\u00a0\u00bb][vc_column_text]Quand il s&rsquo;agit d&rsquo;applications de rencontres en ligne, le premier nom qui nous vient \u00e0 l&rsquo;esprit est Tinder. Eh bien, ce n&rsquo;\u00e9tait pas la premi\u00e8re application \u00e0 \u00eatre lanc\u00e9e, mais elle a transform\u00e9 le paysage des rencontres de mani\u00e8re si spectaculaire. Atteindre ce niveau de reconnaissance de marque n&rsquo;est pas facile. Si vous voulez obtenir ce niveau de popularit\u00e9 pour votre application de rencontres \u00e0 Los Angeles, LadyLove peut vous aider. Nous sommes une organisation leader qui fournit des solutions marketing compl\u00e8tes pour les applications de rencontres Android et iOS.[\/vc_column_text][\/vc_column][\/vc_row][vc_row ct_row_stretch=\u00a0\u00bb\u00a0\u00bb parallax_content=\u00a0\u00bbparallax_content_value\u00a0\u00bb fadeout_row=\u00a0\u00bbfadeout_row_value\u00a0\u00bb css=\u00a0\u00bb.vc_custom_1654003652817{margin-top: 40px !important;}\u00a0\u00bb][vc_column width=\u00a0\u00bb1\/2&Prime;][vc_column_text]Notre \u00e9quipe d&rsquo;experts a une riche exp\u00e9rience dans les services de marketing d&rsquo;applications de rencontres sur Google Play ou App Store. Leurs vastes connaissances les aident \u00e0 comprendre les exigences uniques des clients et \u00e0 proposer la strat\u00e9gie marketing exacte dont ils ont besoin pour la promotion d&rsquo;applications. <\/p>\n<p>Notre objectif principal est d&rsquo;augmenter le classement des applications, la mon\u00e9tisation des applications et les t\u00e9l\u00e9chargements organiques.<\/p>\n<p>Apr\u00e8s avoir soigneusement \u00e9tudi\u00e9 votre activit\u00e9 principale et vos concurrents, nous \u00e9laborons un plan marketing puissant pour que votre application de rencontres puisse devenir un ph\u00e9nom\u00e8ne mondial.[\/vc_column_text][\/vc_column][vc_column width=\u00a0\u00bb1\/2&Prime;][vc_single_image image=\u00a0\u00bb9581&Prime; img_size=\u00a0\u00bblarge\u00a0\u00bb][vc_empty_space height=\u00a0\u00bb30px\u00a0\u00bb][\/vc_column][\/vc_row][vc_row ct_row_stretch=\u00a0\u00bb\u00a0\u00bb][vc_column css=\u00a0\u00bb.vc_custom_1652874141031{background-color: #000000 !important;}\u00a0\u00bb][vc_empty_space height=\u00a0\u00bb40px\u00a0\u00bb]<div id=\"ultimate-heading-212769e0183425b8e\" class=\"uvc-heading ult-adjust-bottom-margin ultimate-heading-212769e0183425b8e uvc-1550 \" data-hspacer=\"no_spacer\"  data-halign=\"center\" style=\"text-align:center\"><div class=\"uvc-heading-spacer no_spacer\" style=\"top\"><\/div><div class=\"uvc-main-heading ult-responsive\"  data-ultimate-target='.uvc-heading.ultimate-heading-212769e0183425b8e h2'  data-responsive-json-new='{\"font-size\":\"\",\"line-height\":\"\"}' ><h2 style=\"font-weight:normal;color:#ffffff;\">Services de marketing d&#039;applications de rencontres que nous offrons<\/h2><\/div><\/div>[vc_empty_space][vc_row_inner][vc_column_inner width=\u00a0\u00bb1\/3&Prime; css=\u00a0\u00bb.vc_custom_1554285772633{padding-bottom: 5px !important;}\u00a0\u00bb][vc_column_text css=\u00a0\u00bb.vc_custom_1654119927485{margin-top: 30px !important;padding-top: 20px !important;padding-right: 20px !important;padding-bottom: 20px !important;padding-left: 20px !important;background-color: #ffffff !important;}\u00a0\u00bb]\n<h3 style=\"text-align: center;\"><b>ASO pour applications de rencontres<\/b><\/h3>\n<p>Am\u00e9liorez vos classements App Store et Play Store et g\u00e9n\u00e9rez du trafic organique. Notre \u00e9quipe d&rsquo;experts ASO, de data scientists et d&rsquo;ing\u00e9nieurs fournit l&rsquo;optimisation de mots-cl\u00e9s et les tests A\/B, des insights de nos outils de scraping et de suivi de mots-cl\u00e9s, des exp\u00e9riences soigneusement formul\u00e9es et des rapports de m\u00e9triques mensuels. Nous aidons \u00e0 augmenter les installations, en appliquant tout ce que nous savons sur l&rsquo;ASO, et en transmettant notre sagesse \u00e0 votre \u00e9quipe.[\/vc_column_text][\/vc_column_inner][vc_column_inner width=\u00a0\u00bb1\/3&Prime;][vc_column_text css=\u00a0\u00bb.vc_custom_1654120028132{margin-top: 30px !important;padding-top: 20px !important;padding-right: 20px !important;padding-bottom: 20px !important;padding-left: 20px !important;background-color: #ffffff !important;}\u00a0\u00bb]\n<h3 style=\"text-align: center;\"><b>Services de marketing payant<\/b><\/h3>\n<p>Le marketing payant devient un buzz sur le march\u00e9. Nous apportons strat\u00e9gie, efficacit\u00e9 et un avantage cr\u00e9atif \u00e0 vos campagnes de m\u00e9dias sociaux payants et assurons une port\u00e9e et un engagement maximum. Nous g\u00e9rons des campagnes Google Ads pour les applications et vous aidons \u00e0 obtenir des r\u00e9sultats r\u00e9ussis sans effort. Nous d\u00e9veloppons des structures de campagne syst\u00e9matiques et offrons des ressources de design personnalis\u00e9es impressionnantes et un support complet pour vos campagnes d&rsquo;applications.[\/vc_column_text][vc_empty_space height=\u00a0\u00bb45px\u00a0\u00bb][\/vc_column_inner][vc_column_inner width=\u00a0\u00bb1\/3&Prime;][vc_column_text css=\u00a0\u00bb.vc_custom_1654120253870{margin-top: 30px !important;padding-top: 20px !important;padding-right: 20px !important;padding-bottom: 20px !important;padding-left: 20px !important;background-color: #ffffff !important;}\u00a0\u00bb]\n<h3 style=\"text-align: center;\"><b>Audit de pile marketing<\/b><\/h3>\n<p>Pour promouvoir votre application de rencontres, nous \u00e9laborons des strat\u00e9gies de croissance personnalis\u00e9es selon les exigences de votre application. Nous effectuons un examen complet de la configuration marketing technique et identifions les lacunes et priorisons les opportunit\u00e9s d&rsquo;am\u00e9liorer les performances de la pile technique. Nous fournissons un aper\u00e7u des exigences essentielles de la pile technologique marketing et nous concentrons sur la construction d&rsquo;une infrastructure solide et d&rsquo;une pr\u00e9sence en ligne.[\/vc_column_text][\/vc_column_inner][\/vc_row_inner][vc_row_inner][vc_column_inner width=\u00a0\u00bb1\/3&Prime; css=\u00a0\u00bb.vc_custom_1554285772633{padding-bottom: 5px !important;}\u00a0\u00bb][vc_column_text css=\u00a0\u00bb.vc_custom_1654120463752{margin-top: 30px !important;padding-top: 20px !important;padding-right: 20px !important;padding-bottom: 20px !important;padding-left: 20px !important;background-color: #ffffff !important;}\u00a0\u00bb]\n<h3 style=\"text-align: center;\"><b>Tests A\/B ASO, rapports et audit<\/b><\/h3>\n<p>Pour les rapports et audits ASO, nous effectuons une recherche approfondie de vos sites App et Play Store, en mettant l&rsquo;accent sur vos opportunit\u00e9s de croissance les plus fortes. Nous fournirons un rapport complet qui inclut des m\u00e9tadonn\u00e9es de mots-cl\u00e9s optimis\u00e9es pour toute application de rencontres et des recommandations pour \u00eatre mis en vedette, localiser, et bien plus encore. De plus, nous partageons des exp\u00e9riences A\/B \u00e0 tester et des insights sur des outils ASO critiques comme apptweak.com, appfollow.com[\/vc_column_text][\/vc_column_inner][vc_column_inner width=\u00a0\u00bb1\/3&Prime;][vc_column_text css=\u00a0\u00bb.vc_custom_1654120045273{margin-top: 30px !important;padding-top: 20px !important;padding-right: 20px !important;padding-bottom: 20px !important;padding-left: 20px !important;background-color: #ffffff !important;}\u00a0\u00bb]\n<h3 style=\"text-align: center;\"><b>Services de gestion de campagne<\/b><\/h3>\n<p>Nous fournissons des services complets de gestion de campagne. Nous surveillons et g\u00e9rons r\u00e9guli\u00e8rement les performances des applications et vous aidons \u00e0 cibler le bon public. Nous explorons plus profond\u00e9ment les donn\u00e9es de campagne pour d\u00e9tecter les opportunit\u00e9s et conduire les optimisations. Nous vous aidons \u00e0 \u00e9valuer l&rsquo;impact que la campagne Google Ads pour application g\u00e9n\u00e8re vers vos objectifs, collecter des donn\u00e9es et des apprentissages et discuter des objectifs strat\u00e9giques pour l&rsquo;avenir.[\/vc_column_text][vc_empty_space height=\u00a0\u00bb45px\u00a0\u00bb][\/vc_column_inner][vc_column_inner width=\u00a0\u00bb1\/3&Prime;][vc_column_text css=\u00a0\u00bb.vc_custom_1654120000132{margin-top: 30px !important;padding-top: 20px !important;padding-right: 20px !important;padding-bottom: 20px !important;padding-left: 20px !important;background-color: #ffffff !important;}\u00a0\u00bb]\n<h3 style=\"text-align: center;\"><b>Marketing de performance d&rsquo;applications<\/b><\/h3>\n<p>Guid\u00e9s par notre expertise pratique de l&rsquo;industrie, nos sp\u00e9cialistes du marketing de performance utilisent des insights de donn\u00e9es critiques pour d\u00e9terminer l&rsquo;efficacit\u00e9 d&rsquo;une campagne et d\u00e9velopper des approches holistiques pour optimiser le co\u00fbt par acquisition et augmenter votre ROI. Bas\u00e9 sur notre recherche, notre connaissance de l&rsquo;industrie et notre analyse des meilleures pratiques, nous livrons un plan complet pour ex\u00e9cuter les recommandations et vous aider \u00e0 conqu\u00e9rir vos objectifs.[\/vc_column_text][\/vc_column_inner][\/vc_row_inner][\/vc_column][\/vc_row][vc_row ct_row_stretch=\u00a0\u00bb\u00a0\u00bb][vc_column][vc_empty_space height=\u00a0\u00bb45px\u00a0\u00bb]<div id=\"ultimate-heading-383969e0183425bb3\" class=\"uvc-heading ult-adjust-bottom-margin ultimate-heading-383969e0183425bb3 uvc-9822 \" data-hspacer=\"no_spacer\"  data-halign=\"center\" style=\"text-align:center\"><div class=\"uvc-heading-spacer no_spacer\" style=\"top\"><\/div><div class=\"uvc-main-heading ult-responsive\"  data-ultimate-target='.uvc-heading.ultimate-heading-383969e0183425bb3 h2'  data-responsive-json-new='{\"font-size\":\"\",\"line-height\":\"\"}' ><h2 style=\"font-weight:bold;color:#000000;\">Am\u00e9liorez les t\u00e9l\u00e9chargements d&#039;applications de rencontres avec l&#039;\u00e9quipe LadyLove<\/h2><\/div><\/div>[vc_empty_space][vc_column_text]LadyLove est une entreprise de marketing d&rsquo;applications exp\u00e9riment\u00e9e qui aide les entreprises \u00e0 d\u00e9velopper la popularit\u00e9 de leurs applications de mani\u00e8re transparente \u00e0 Chicago, LA et New York. Nous sommes une entreprise de marketing d&rsquo;applications de rencontres compl\u00e8te qui offre des solutions marketing compl\u00e8tes. Peu importe le type de campagne marketing que vous voulez mener pour votre application de rencontres &#8211; campagne marketing SEO ou campagne marketing SMO ou campagne marketing Google Ads ou campagne marketing par e-mail, nous avons des solutions \u00e9prouv\u00e9es pour tout.[\/vc_column_text][vc_row_inner][vc_column_inner width=\u00a0\u00bb2\/3&Prime;][vc_column_text]Nous ne sommes pas seulement experts dans la fourniture de solutions \u00e9prouv\u00e9es, mais vous pouvez tirer parti des avantages de ces solutions sans exploser le budget. Qu&rsquo;est-ce qu&rsquo;il y a \u00e0 dire ? N&rsquo;est-ce pas une option cool ? Choisissez-nous et promouvez vos applications de rencontres \u00e0 bas co\u00fbt ![\/vc_column_text][\/vc_column_inner][vc_column_inner width=\u00a0\u00bb1\/3&Prime;]<div class=\" ubtn-ctn-left \"><a class=\"ubtn-link ult-adjust-bottom-margin ubtn-left ubtn-large \" href=\"https:\/\/wa.me\/919878700524?text=\" target=\"_blank\" rel=\"noopener\"><button type=\"button\" id=\"ubtn-1274\"  class=\"ubtn ult-adjust-bottom-margin ult-responsive ubtn-large ubtn-fade-bg  none  ubtn-sep-icon ubtn-sep-icon-left-push  ubtn-left   tooltip-69e0183425bd4\"  data-hover=\"\" data-border-color=\"\" data-bg=\"#00c409\" data-hover-bg=\"\" data-border-hover=\"\" data-shadow-hover=\"\" data-shadow-click=\"none\" data-shadow=\"\" data-shd-shadow=\"\"  data-ultimate-target='#ubtn-1274'  data-responsive-json-new='{\"font-size\":\"\",\"line-height\":\"\"}'  style=\"font-weight:normal;border:none;background: #00c409;color: #ffffff;\"><span class=\"ubtn-data ubtn-icon\"><i class=\"Defaults-whatsapp\" style=\"font-size:25px;color:#ffffff;\"><\/i><\/span><span class=\"ubtn-hover\" style=\"background-color:\"><\/span><span class=\"ubtn-data ubtn-text \" >Commencez le chat WhatsApp maintenant !<\/span><\/button><\/a><\/div>[\/vc_column_inner][\/vc_row_inner][vc_empty_space height=\u00a0\u00bb40px\u00a0\u00bb]<div id=\"ultimate-heading-950069e0183425c28\" class=\"uvc-heading ult-adjust-bottom-margin ultimate-heading-950069e0183425c28 uvc-3409 \" data-hspacer=\"no_spacer\"  data-halign=\"center\" style=\"text-align:center\"><div class=\"uvc-heading-spacer no_spacer\" style=\"top\"><\/div><div class=\"uvc-main-heading ult-responsive\"  data-ultimate-target='.uvc-heading.ultimate-heading-950069e0183425c28 h2'  data-responsive-json-new='{\"font-size\":\"\",\"line-height\":\"\"}' ><h2 style=\"font-weight:bold;color:#000000;\">Pourquoi nous choisir pour les services de marketing d&#039;applications de rencontres ?<\/h2><\/div><\/div>[vc_empty_space][vc_column_text]Il y a de nombreuses options que vous pouvez trouver sur le march\u00e9 pour promouvoir vos applications de rencontres. Mais si vous voulez des strat\u00e9gies marketing comme Tinder, vous devez certainement sortir des sentiers battus. Pour vous faciliter la t\u00e2che, nous sommes l\u00e0 avec nos meilleurs services marketing. Voici les raisons qui font de nous le meilleur choix \u00e0 Houston :[\/vc_column_text][vc_row_inner][vc_column_inner width=\u00a0\u00bb1\/3&Prime; css=\u00a0\u00bb.vc_custom_1652874051071{padding-bottom: 30px !important;background-color: #000000 !important;}\u00a0\u00bb][vc_column_text css=\u00a0\u00bb.vc_custom_1654120533531{margin-top: 30px !important;padding-top: 20px !important;padding-right: 20px !important;padding-bottom: 20px !important;padding-left: 20px !important;background-color: #ffffff !important;}\u00a0\u00bb]\n<h3 style=\"text-align: center;\"><b>Lancement d&rsquo;application r\u00e9ussi<\/b><\/h3>\n<p>Nous vous aidons \u00e0 propulser la croissance de votre application de rencontres gr\u00e2ce \u00e0 une combinaison unique de nos strat\u00e9gies marketing \u00e9prouv\u00e9es. En impliquant une vaste exp\u00e9rience et des outils avanc\u00e9s, nous mettons en \u0153uvre des strat\u00e9gies marketing et faisons promouvoir l&rsquo;application \u00e0 des millions d&rsquo;utilisateurs cibl\u00e9s.[\/vc_column_text][\/vc_column_inner][vc_column_inner width=\u00a0\u00bb1\/3&Prime; css=\u00a0\u00bb.vc_custom_1652874077477{padding-bottom: 30px !important;background-color: #000000 !important;}\u00a0\u00bb][vc_column_text css=\u00a0\u00bb.vc_custom_1654119714677{margin-top: 30px !important;padding-top: 20px !important;padding-right: 20px !important;padding-bottom: 20px !important;padding-left: 20px !important;background-color: #ffffff !important;}\u00a0\u00bb]\n<h3 style=\"text-align: center;\"><b>Reconnaissance mondiale<\/b><\/h3>\n<p>En mettant en \u0153uvre les meilleures strat\u00e9gies, nous vous aidons \u00e0 faire reconna\u00eetre votre application de rencontres comme l&rsquo;application n\u00b01 sur le march\u00e9. Nous cr\u00e9ons des vid\u00e9os engageantes et promotionnelles pour \u00e9duquer, exciter et inspirer le public cible \u00e0 partager et t\u00e9l\u00e9charger votre application instantan\u00e9ment.[\/vc_column_text][\/vc_column_inner][vc_column_inner width=\u00a0\u00bb1\/3&Prime; css=\u00a0\u00bb.vc_custom_1652874093801{padding-bottom: 30px !important;background-color: #000000 !important;}\u00a0\u00bb][vc_column_text css=\u00a0\u00bb.vc_custom_1654119734905{margin-top: 30px !important;padding-top: 20px !important;padding-right: 20px !important;padding-bottom: 20px !important;padding-left: 20px !important;background-color: #ffffff !important;}\u00a0\u00bb]\n<h3 style=\"text-align: center;\"><b>Produire du contenu engageant<\/b><\/h3>\n<p>Le marketing ne consiste pas \u00e0 vendre mais il s&rsquo;agit enti\u00e8rement d&rsquo;engagement. Si vous voulez promouvoir votre application, arr\u00eatez d&rsquo;agir comme un vendeur et concentrez-vous sur l&rsquo;engagement des clients. Si vous pouvez engager votre public cible, vous pouvez les conqu\u00e9rir.[\/vc_column_text][\/vc_column_inner][\/vc_row_inner][vc_empty_space height=\u00a0\u00bb45px\u00a0\u00bb]<div id=\"ultimate-heading-496669e0183425c3e\" class=\"uvc-heading ult-adjust-bottom-margin ultimate-heading-496669e0183425c3e uvc-5867 \" data-hspacer=\"no_spacer\"  data-halign=\"center\" style=\"text-align:center\"><div class=\"uvc-heading-spacer no_spacer\" style=\"top\"><\/div><div class=\"uvc-main-heading ult-responsive\"  data-ultimate-target='.uvc-heading.ultimate-heading-496669e0183425c3e h2'  data-responsive-json-new='{\"font-size\":\"\",\"line-height\":\"\"}' ><h2 style=\"font-weight:bold;color:#000000;\">FAQ<\/h2><\/div><\/div>[vc_toggle title=\u00a0\u00bbQu&apos;est-ce que le service de marketing d&apos;applications de rencontres ?\u00a0\u00bb open=\u00a0\u00bbtrue\u00a0\u00bb]Les services de marketing d&rsquo;applications de rencontres sont la m\u00e9thode la plus fiable et efficace pour promouvoir votre application de rencontres \u00e0 des millions d&rsquo;utilisateurs et \u00eatre reconnu comme l&rsquo;application n\u00b01 dans le store.[\/vc_toggle][vc_toggle title=\u00a0\u00bbLe marketing d&apos;applications de rencontres est-il difficile ?\u00a0\u00bb]Oui, c&rsquo;est difficile mais travailler avec une entreprise de marketing d&rsquo;applications de rencontres professionnelle qui a une bonne compr\u00e9hension de comment obtenir des r\u00e9sultats rapidement, peut le rendre facile. Le bon expert saura quelles tactiques fonctionneront le mieux pour votre site.[\/vc_toggle][vc_toggle title=\u00a0\u00bbComment puis-je choisir la bonne entreprise de marketing d&apos;applications de rencontres ?\u00a0\u00bb]Consid\u00e9rez ces facteurs avant de choisir l&rsquo;entreprise de marketing d&rsquo;applications de rencontres et votre recherche se terminera avec la meilleure option.<\/p>\n<ol>\n<li aria-level=\"1\">Depuis combien de temps travaillent-ils dans ce secteur.<\/li>\n<li aria-level=\"1\">Est-ce que certains de leurs derniers projets sont li\u00e9s au SEO pour applications de rencontres ?<\/li>\n<li aria-level=\"1\">Ont-ils l&rsquo;exp\u00e9rience de travail dans le m\u00eame pays ou r\u00e9gion o\u00f9 vous vivez ou pour quelle r\u00e9gion vous engagez.<\/li>\n<li aria-level=\"1\">Ont-ils des r\u00e9sultats de travaux pr\u00e9c\u00e9dents \u00e0 vous montrer ?<\/li>\n<\/ol>\n[\/vc_toggle][vc_toggle title=\u00a0\u00bbQuels sont les avantages de choisir les services de marketing d&apos;applications de rencontres ?\u00a0\u00bb]\n<ul>\n<li aria-level=\"1\">Vous pouvez construire la fiabilit\u00e9 de l&rsquo;application<\/li>\n<li aria-level=\"1\">Vous pouvez am\u00e9liorer le classement dans les moteurs de recherche de votre application de rencontres<\/li>\n<li aria-level=\"1\">Vous pouvez g\u00e9n\u00e9rer du trafic organique vers le site web de votre application<\/li>\n<li aria-level=\"1\">Vous pouvez attirer une large gamme de clients<\/li>\n<li aria-level=\"1\">Vous pouvez g\u00e9n\u00e9rer des revenus plus importants<\/li>\n<\/ul>\n[\/vc_toggle][vc_empty_space][vc_message message_box_style=\u00a0\u00bbsolid\u00a0\u00bb message_box_color=\u00a0\u00bbblack\u00a0\u00bb icon_type=\u00a0\u00bbpixelicons\u00a0\u00bb icon_pixelicons=\u00a0\u00bbvc_pixel_icon vc_pixel_icon-balloon\u00a0\u00bb]<b>Discutez de vos besoins en marketing d&rsquo;applications de rencontres avec nous !<\/b>[\/vc_message][vc_row_inner][vc_column_inner width=\u00a0\u00bb1\/2&Prime;][vc_column_text css=\u00a0\u00bb.vc_custom_1654380688134{padding-top: 0px !important;padding-right: 20px !important;padding-bottom: 20px !important;padding-left: 20px !important;background-color: #ffffff !important;}\u00a0\u00bb]\n<h3><strong>Nous avons une exp\u00e9rience ASO pour des applications allant de :<\/strong><\/h3>\n<p><span style=\"color: #ff0000;\">\u2665<\/span> ASO pour sites web de rencontres pour l&rsquo;amiti\u00e9<br \/>\n<span style=\"color: #ff0000;\">\u2665<\/span> ASO pour applications de rencontres sur Google Play\/App Store<br \/>\n<span style=\"color: #ff0000;\">\u2665 <\/span>ASO pour applications de rencontres rapides et faciles<br \/>\n<span style=\"color: #ff0000;\">\u2665 <\/span>ASO pour applications de sugar dating<br \/>\n<span style=\"color: #ff0000;\">\u2665 <\/span>ASO pour applications de rencontres en ligne<br \/>\n<span style=\"color: #ff0000;\">\u2665<\/span> ASO pour sites web\/applications de rencontres LGBTQA+ pour femmes<br \/>\n<span style=\"color: #ff0000;\">\u2665 <\/span>ASO pour applications de rencontres VIP\/luxe<br \/>\n<span style=\"color: #ff0000;\">\u2665 <\/span>ASO pour applications de rencontres seniors\/matures<br \/>\n<span style=\"color: #ff0000;\">\u2665<\/span> ASO pour applications adultes<br \/>\n<span style=\"color: #ff0000;\">\u2665<\/span> ASO pour applications de boutiques de jouets sexuels<br \/>\n<span style=\"color: #ff0000;\">\u2665<\/span> ASO pour applications d&rsquo;escort<br \/>\n<span style=\"color: #ff0000;\">\u2665 <\/span>ASO pour applications de rencontres pour matures<br \/>\n<span style=\"color: #ff0000;\">\u2665<\/span> ASO pour applications de rencontres pour gays[\/vc_column_text][\/vc_column_inner][vc_column_inner width=\u00a0\u00bb1\/2&Prime;][vc_column_text css=\u00a0\u00bb.vc_custom_1654381340383{padding-top: 0px !important;padding-right: 20px !important;padding-bottom: 20px !important;padding-left: 20px !important;background-color: #ffffff !important;}\u00a0\u00bb]\n<h3 style=\"text-align: center;\"><strong>Classement Google Play d&rsquo;application de rencontres de la 80e \u00e0 la 8e position<\/strong><\/h3>\n[\/vc_column_text][vc_single_image image=\u00a0\u00bb9582&Prime; img_size=\u00a0\u00bbfull\u00a0\u00bb add_caption=\u00a0\u00bbyes\u00a0\u00bb alignment=\u00a0\u00bbcenter\u00a0\u00bb style=\u00a0\u00bbvc_box_shadow_3d\u00a0\u00bb][vc_single_image image=\u00a0\u00bb9583&Prime; img_size=\u00a0\u00bbfull\u00a0\u00bb][\/vc_column_inner][\/vc_row_inner][vc_row_inner][vc_column_inner][vc_empty_space][vc_cta h2=\u00a0\u00bbContactez-nous pour les services ASO d&apos;applications de rencontres Google Play et App Store \u00a0\u00bb txt_align=\u00a0\u00bbcenter\u00a0\u00bb style=\u00a0\u00bb3d\u00a0\u00bb color=\u00a0\u00bbblack\u00a0\u00bb]\n<h3 style=\"text-align: center;\"><span style=\"color: #ffffff;\"><strong>Email &#8211; <a style=\"color: #ffffff;\" href=\"mailto:contact@ladyloveseo.com\">contact@ladyloveseo.com<\/a><\/strong><\/span><\/h3>\n[\/vc_cta]<div class=\" ubtn-ctn-center \"><a class=\"ubtn-link ult-adjust-bottom-margin ubtn-center ubtn-large \" href=\"https:\/\/wa.me\/919878700524?text=\" target=\"_blank\" rel=\"noopener\"><button type=\"button\" id=\"ubtn-5330\"  class=\"ubtn ult-adjust-bottom-margin ult-responsive ubtn-large ubtn-fade-bg  none  ubtn-sep-icon ubtn-sep-icon-left-push  ubtn-center   tooltip-69e0183425c53\"  data-hover=\"\" data-border-color=\"\" data-bg=\"#00c409\" data-hover-bg=\"\" data-border-hover=\"\" data-shadow-hover=\"\" data-shadow-click=\"none\" data-shadow=\"\" data-shd-shadow=\"\"  data-ultimate-target='#ubtn-5330'  data-responsive-json-new='{\"font-size\":\"\",\"line-height\":\"\"}'  style=\"font-weight:normal;border:none;background: #00c409;color: #ffffff;\"><span class=\"ubtn-data ubtn-icon\"><i class=\"Defaults-whatsapp\" style=\"font-size:25px;color:#ffffff;\"><\/i><\/span><span class=\"ubtn-hover\" style=\"background-color:\"><\/span><span class=\"ubtn-data ubtn-text \" >Commencez le chat WhatsApp maintenant !<\/span><\/button><\/a><\/div>[vc_empty_space][\/vc_column_inner][\/vc_row_inner][\/vc_column][\/vc_row]\n<\/div>","protected":false},"excerpt":{"rendered":"<p>[vc_row ct_row_stretch=\u00a0\u00bb\u00a0\u00bb css=\u00a0\u00bb.vc_custom_1654003630998{margin-top: 40px !important;}\u00a0\u00bb][vc_column][vc_empty_space height=\u00a0\u00bb12px\u00a0\u00bb][vc_column_text]Quand il s&rsquo;agit d&rsquo;applications de rencontres en ligne, le premier nom qui nous vient \u00e0 l&rsquo;esprit est Tinder. Eh bien, ce n&rsquo;\u00e9tait pas la premi\u00e8re application \u00e0 \u00eatre lanc\u00e9e, mais elle a transform\u00e9 le paysage des rencontres de mani\u00e8re si spectaculaire. Atteindre ce niveau de reconnaissance de marque n&rsquo;est pas &#8230;<\/p>\n","protected":false},"author":1,"featured_media":0,"parent":0,"menu_order":0,"comment_status":"closed","ping_status":"closed","template":"","meta":{"footnotes":""},"class_list":["post-11522","page","type-page","status-publish","hentry"],"jetpack_sharing_enabled":true,"_links":{"self":[{"href":"https:\/\/ladyloveseo.com\/fr\/wp-json\/wp\/v2\/pages\/11522","targetHints":{"allow":["GET"]}}],"collection":[{"href":"https:\/\/ladyloveseo.com\/fr\/wp-json\/wp\/v2\/pages"}],"about":[{"href":"https:\/\/ladyloveseo.com\/fr\/wp-json\/wp\/v2\/types\/page"}],"author":[{"embeddable":true,"href":"https:\/\/ladyloveseo.com\/fr\/wp-json\/wp\/v2\/users\/1"}],"replies":[{"embeddable":true,"href":"https:\/\/ladyloveseo.com\/fr\/wp-json\/wp\/v2\/comments?post=11522"}],"version-history":[{"count":2,"href":"https:\/\/ladyloveseo.com\/fr\/wp-json\/wp\/v2\/pages\/11522\/revisions"}],"predecessor-version":[{"id":11524,"href":"https:\/\/ladyloveseo.com\/fr\/wp-json\/wp\/v2\/pages\/11522\/revisions\/11524"}],"wp:attachment":[{"href":"https:\/\/ladyloveseo.com\/fr\/wp-json\/wp\/v2\/media?parent=11522"}],"curies":[{"name":"wp","href":"https:\/\/api.w.org\/{rel}","templated":true}]}}