{"id":11525,"date":"2022-05-18T03:26:46","date_gmt":"2022-05-18T08:26:46","guid":{"rendered":"https:\/\/ladyloveseo.com\/services-seo-pour-boites-de-nuit\/"},"modified":"2025-08-12T02:02:21","modified_gmt":"2025-08-12T07:02:21","slug":"services-seo-pour-boites-de-nuit","status":"publish","type":"page","link":"https:\/\/ladyloveseo.com\/fr\/services-seo-pour-boites-de-nuit\/","title":{"rendered":"Services SEO pour bo\u00eetes de nuit"},"content":{"rendered":"<div class=\"wpb-content-wrapper\">[vc_row ct_row_stretch=\u00a0\u00bb\u00a0\u00bb css=\u00a0\u00bb.vc_custom_1543906707815{margin-top: 40px !important;}\u00a0\u00bb][vc_column]<div id=\"ultimate-heading-229469e0187798535\" class=\"uvc-heading ult-adjust-bottom-margin ultimate-heading-229469e0187798535 uvc-4427 \" data-hspacer=\"line_only\"  data-halign=\"center\" style=\"text-align:center\"><div class=\"uvc-main-heading ult-responsive\"  data-ultimate-target='.uvc-heading.ultimate-heading-229469e0187798535 h1'  data-responsive-json-new='{\"font-size\":\"desktop:30px;\",\"line-height\":\"\"}' ><h1 style=\"font-weight:bold;color:#000000;\">Services SEO pour bo\u00eetes de nuit<\/h1><\/div><div class=\"uvc-heading-spacer line_only\" style=\"margin-top:2px;margin-bottom:20px;height:6px;\"><span class=\"uvc-headings-line\" style=\"border-style:double;border-bottom-width:6px;border-color:#000000;width:385px;\"><\/span><\/div><div class=\"uvc-sub-heading ult-responsive\"  data-ultimate-target='.uvc-heading.ultimate-heading-229469e0187798535 .uvc-sub-heading '  data-responsive-json-new='{\"font-size\":\"desktop:16px;\",\"line-height\":\"desktop:30px;\"}'  style=\"font-weight:bold;\">\n<h3><span class=\"emoji\">\ud83c\udf78 <\/span><span style=\"color: #000000;\"><b>Entreprise de marketing pour bars et bo\u00eetes de nuit<\/b><\/span><span class=\"emoji\">\ud83c\udf78<\/span><b><\/b><\/h3>\n<\/div><\/div>[vc_empty_space height=\u00a0\u00bb12px\u00a0\u00bb][vc_column_text]Vous avez probablement trouv\u00e9 l&#8217;emplacement parfait pour votre bo\u00eete de nuit. Vous avez une d\u00e9coration de bon go\u00fbt et un DJ branch\u00e9, et vous offrez une exp\u00e9rience que les autres bo\u00eetes de nuit n&rsquo;offrent pas ! Ou peut-\u00eatre que votre bo\u00eete de nuit prosp\u00e8re d\u00e9j\u00e0 ! Mais voulez-vous passer au niveau sup\u00e9rieur ? Voulez-vous devenir l&rsquo;endroit favori de vos clients pour les week-ends ou m\u00eame les jours de semaine ? Si votre r\u00e9ponse est oui, nos services SEO pour bo\u00eetes de nuit sont certainement la meilleure option.[\/vc_column_text][\/vc_column][\/vc_row][vc_row ct_row_stretch=\u00a0\u00bb\u00a0\u00bb css=\u00a0\u00bb.vc_custom_1543906707815{margin-top: 40px !important;}\u00a0\u00bb][vc_column width=\u00a0\u00bb1\/2&Prime;][vc_column_text]Rappelez-vous, votre entreprise ne pourra pas rivaliser avec la concurrence si vous n&rsquo;utilisez pas les pratiques SEO pour les entreprises de bo\u00eetes de nuit. Nous sommes ravis d&rsquo;annoncer que LadyLove est une agence SEO renomm\u00e9e pour bo\u00eetes de nuit qui a toujours eu une longueur d&rsquo;avance pour r\u00e9pondre aux attentes des clients de mani\u00e8re efficace et honn\u00eate. <\/p>\n<p>Nous avons une \u00e9quipe SEO experte qui s&rsquo;efforce de faire appara\u00eetre votre site web de bo\u00eete de nuit et<strong> <a href=\"https:\/\/ladyloveseo.com\/fr\/services\/services-seo-et-marketing-pour-strip-teaseuses\/\">les services SEO pour strip-teaseuses<\/a><\/strong> sur les premi\u00e8res pages des moteurs de recherche.<\/p>\n<p>En ce qui concerne les strat\u00e9gies de marketing pour bars et bo\u00eetes de nuit, nous nous assurons que vous en avez pour votre argent. Le co\u00fbt varie selon les strat\u00e9gies impliqu\u00e9es. Cependant, le facteur le plus crucial est de s&rsquo;assurer que la valeur d\u00e9passe largement le co\u00fbt.[\/vc_column_text][\/vc_column][vc_column width=\u00a0\u00bb1\/2&Prime;][vc_single_image image=\u00a0\u00bb9554&Prime; img_size=\u00a0\u00bblarge\u00a0\u00bb][vc_empty_space height=\u00a0\u00bb30px\u00a0\u00bb][\/vc_column][\/vc_row][vc_row ct_row_stretch=\u00a0\u00bb\u00a0\u00bb][vc_column css=\u00a0\u00bb.vc_custom_1652874141031{background-color: #000000 !important;}\u00a0\u00bb][vc_empty_space height=\u00a0\u00bb40px\u00a0\u00bb]<div id=\"ultimate-heading-23969e018779858e\" class=\"uvc-heading ult-adjust-bottom-margin ultimate-heading-23969e018779858e uvc-8273 \" data-hspacer=\"no_spacer\"  data-halign=\"center\" style=\"text-align:center\"><div class=\"uvc-heading-spacer no_spacer\" style=\"top\"><\/div><div class=\"uvc-main-heading ult-responsive\"  data-ultimate-target='.uvc-heading.ultimate-heading-23969e018779858e h2'  data-responsive-json-new='{\"font-size\":\"\",\"line-height\":\"\"}' ><h2 style=\"font-weight:normal;color:#ffffff;\">Comment les services SEO pour bo\u00eetes de nuit de ladylove aident-ils les entreprises \u00e0 cro\u00eetre ?<\/h2><\/div><\/div>[vc_empty_space][vc_column_text]<span style=\"color: #ffffff;\">Vous savez que votre bo\u00eete de nuit est un endroit fabuleux pour que quiconque passe du bon temps avec ses proches. Bien s\u00fbr, vos membres actuels le savent ! Mais quand il s&rsquo;agit d&rsquo;engager de nouveaux membres, vous \u00eates confront\u00e9 \u00e0 la t\u00e2che de les en convaincre aussi. N&rsquo;est-ce pas ? Et c&rsquo;est l\u00e0 qu&rsquo;intervient l&rsquo;importance des services SEO pour bo\u00eetes de nuit.<\/span><\/p>\n<p><span style=\"color: #ffffff;\">Selon une enqu\u00eate &#8211; 93 % des exp\u00e9riences en ligne commencent par un moteur de recherche. Avant de choisir ou d&#8217;embaucher un service, les gens pr\u00e9f\u00e8rent d&rsquo;abord aller sur internet pour v\u00e9rifier les meilleures options. Ainsi, l&rsquo;optimisation pour les moteurs de recherche est le moyen parfait d&rsquo;atteindre de nouvelles personnes et de leur montrer \u00e0 quel point votre bo\u00eete de nuit est formidable. En plus de cela, les services SEO aident \u00e9galement \u00e0 :   <\/span>[\/vc_column_text][vc_row_inner][vc_column_inner width=\u00a0\u00bb1\/3&Prime; css=\u00a0\u00bb.vc_custom_1554285772633{padding-bottom: 5px !important;}\u00a0\u00bb][vc_column_text css=\u00a0\u00bb.vc_custom_1652862721139{margin-top: 30px !important;padding-top: 20px !important;padding-right: 20px !important;padding-bottom: 20px !important;padding-left: 20px !important;background-color: #ffffff !important;}\u00a0\u00bb]\n<h3 style=\"text-align: center;\"><b>G\u00e9n\u00e9rer plus de trafic organique <\/b><\/h3>\n<p>Cela aide \u00e0 g\u00e9n\u00e9rer plus de trafic pertinent vers votre site web. Votre site web sera class\u00e9 en haut des r\u00e9sultats des principaux moteurs de recherche (Google, Yahoo, Bing). Vous pouvez obtenir plus d&rsquo;avis positifs sur votre site web.[\/vc_column_text][\/vc_column_inner][vc_column_inner width=\u00a0\u00bb1\/3&Prime;][vc_column_text css=\u00a0\u00bb.vc_custom_1652862742108{margin-top: 30px !important;padding-top: 20px !important;padding-right: 20px !important;padding-bottom: 20px !important;padding-left: 20px !important;background-color: #ffffff !important;}\u00a0\u00bb]\n<h3 style=\"text-align: center;\"><b>Cr\u00e9er une solide r\u00e9putation en ligne<\/b><\/h3>\n<p>En augmentant la visibilit\u00e9 de votre site web, les services SEO cr\u00e9eront efficacement une solide r\u00e9putation en ligne pour votre marque. Cela constitue un avantage majeur sur vos concurrents en \u00e9tant visible en ligne[\/vc_column_text][vc_empty_space height=\u00a0\u00bb45px\u00a0\u00bb][\/vc_column_inner][vc_column_inner width=\u00a0\u00bb1\/3&Prime;][vc_column_text css=\u00a0\u00bb.vc_custom_1652862767041{margin-top: 30px !important;padding-top: 20px !important;padding-right: 20px !important;padding-bottom: 20px !important;padding-left: 20px !important;background-color: #ffffff !important;}\u00a0\u00bb]\n<h3 style=\"text-align: center;\"><b>D\u00e9velopper votre r\u00e9seau social<\/b><\/h3>\n<p>Les meilleurs services SEO pour bo\u00eetes de nuit vous aident \u00e0 d\u00e9velopper votre r\u00e9seau social pour attirer de nouveaux clients. Cela sensibilise des millions de personnes \u00e0 votre bo\u00eete de nuit en optimisant la visibilit\u00e9 en ligne de votre site web.[\/vc_column_text][\/vc_column_inner][\/vc_row_inner][\/vc_column][\/vc_row][vc_row ct_row_stretch=\u00a0\u00bb\u00a0\u00bb][vc_column][vc_empty_space height=\u00a0\u00bb45px\u00a0\u00bb]<div id=\"ultimate-heading-286469e01877985ba\" class=\"uvc-heading ult-adjust-bottom-margin ultimate-heading-286469e01877985ba uvc-5057 \" data-hspacer=\"no_spacer\"  data-halign=\"center\" style=\"text-align:center\"><div class=\"uvc-heading-spacer no_spacer\" style=\"top\"><\/div><div class=\"uvc-main-heading ult-responsive\"  data-ultimate-target='.uvc-heading.ultimate-heading-286469e01877985ba h1'  data-responsive-json-new='{\"font-size\":\"\",\"line-height\":\"\"}' ><h1 style=\"font-weight:bold;color:#000000;\">Pourquoi choisir l&#039;entreprise SEO pour bo\u00eetes de nuit LadyLove ?<\/h1><\/div><\/div>[vc_empty_space][vc_column_text]Nous commen\u00e7ons toujours par le SEO local. Il s&rsquo;agit d&rsquo;une optimisation pour les moteurs de recherche qui cible les personnes recherchant le m\u00eame service que vous offrez pr\u00e8s d&rsquo;elles. Ce sont des personnes qui vivent pr\u00e8s de votre \u00e9tablissement, il y a donc une forte possibilit\u00e9 qu&rsquo;elles deviennent vos clients.  <\/p>\n<p>Dans cette strat\u00e9gie, nous incorporons tous les mots-cl\u00e9s et techniques pertinents qui vous placeront devant une entreprise locale. Une fois que vous avez une forte visibilit\u00e9 locale en ligne, nous passons au SEO national. Ce sont des efforts mis en \u0153uvre pour s&rsquo;assurer que les personnes int\u00e9ress\u00e9es par une bo\u00eete de nuit dans votre \u00e9tat ou votre pays vous verront en premier.[\/vc_column_text][vc_row_inner][vc_column_inner width=\u00a0\u00bb2\/3&Prime;][vc_column_text]\n<ul>\n<li aria-level=\"1\">Nous n&rsquo;essayons pas de vous lier avec des contrats, vous restez avec nous parce que nous livrons des r\u00e9sultats<\/li>\n<li aria-level=\"1\">Nous n&rsquo;utilisons pas de pratiques SEO qui vous feront classer demain et vous feront exclure le jour d&rsquo;apr\u00e8s<\/li>\n<li aria-level=\"1\">Nous ne sommes pas une configuration \u00ab \u00ab Ici aujourd&rsquo;hui, parti demain \u00bb \u00bb mais une entreprise avec 15 ans d&rsquo;exp\u00e9rience<\/li>\n<li aria-level=\"1\">Nous vous dirons ce que nous faisons et pourquoi nous le faisons, afin que nous restions tous les deux sur la m\u00eame longueur d&rsquo;onde<\/li>\n<li aria-level=\"1\">Notre \u00e9quipe livre des solutions SEO et de marketing en ligne \u00e0 l&rsquo;\u00e9chelle mondiale depuis longtemps<\/li>\n<li aria-level=\"1\">Nous am\u00e8nerons votre entreprise de bo\u00eete de nuit au niveau sup\u00e9rieur de succ\u00e8s rapidement et efficacement<\/li>\n<\/ul>\n[\/vc_column_text][vc_empty_space][\/vc_column_inner][vc_column_inner width=\u00a0\u00bb1\/3&Prime;][vc_empty_space height=\u00a0\u00bb65px\u00a0\u00bb]<div class=\" ubtn-ctn-left \"><a class=\"ubtn-link ult-adjust-bottom-margin ubtn-left ubtn-large \" href=\"https:\/\/wa.me\/919878700524?text=\" target=\"_blank\" rel=\"noopener\"><button type=\"button\" id=\"ubtn-7141\"  class=\"ubtn ult-adjust-bottom-margin ult-responsive ubtn-large ubtn-fade-bg  none  ubtn-sep-icon ubtn-sep-icon-left-push  ubtn-left   tooltip-69e01877985ea\"  data-hover=\"\" data-border-color=\"\" data-bg=\"#00c409\" data-hover-bg=\"\" data-border-hover=\"\" data-shadow-hover=\"\" data-shadow-click=\"none\" data-shadow=\"\" data-shd-shadow=\"\"  data-ultimate-target='#ubtn-7141'  data-responsive-json-new='{\"font-size\":\"\",\"line-height\":\"\"}'  style=\"font-weight:normal;border:none;background: #00c409;color: #ffffff;\"><span class=\"ubtn-data ubtn-icon\"><i class=\"Defaults-whatsapp\" style=\"font-size:25px;color:#ffffff;\"><\/i><\/span><span class=\"ubtn-hover\" style=\"background-color:\"><\/span><span class=\"ubtn-data ubtn-text \" >Commencez le chat WhatsApp maintenant !<\/span><\/button><\/a><\/div>[\/vc_column_inner][\/vc_row_inner][vc_empty_space]<div id=\"ultimate-heading-326069e0187798664\" class=\"uvc-heading ult-adjust-bottom-margin ultimate-heading-326069e0187798664 uvc-5989 \" data-hspacer=\"no_spacer\"  data-halign=\"center\" style=\"text-align:center\"><div class=\"uvc-heading-spacer no_spacer\" style=\"top\"><\/div><div class=\"uvc-main-heading ult-responsive\"  data-ultimate-target='.uvc-heading.ultimate-heading-326069e0187798664 h2'  data-responsive-json-new='{\"font-size\":\"\",\"line-height\":\"\"}' ><h2 style=\"font-weight:bold;color:#000000;\">Notre strat\u00e9gie de marketing pour bars et bo\u00eetes de nuit<\/h2><\/div><\/div>[vc_empty_space][vc_column_text]Notre <b>agence SEO pour bo\u00eetes de nuit<\/b> comprend parfaitement ce qu&rsquo;il faut pour construire un site web compatible SEO et g\u00e9n\u00e9rer du trafic pertinent et organique. Pour y parvenir, nous suivons l&rsquo;approche mentionn\u00e9e ci-dessous et donnons forme \u00e0 vos r\u00eaves :[\/vc_column_text][vc_empty_space][vc_row_inner][vc_column_inner width=\u00a0\u00bb1\/3&Prime; css=\u00a0\u00bb.vc_custom_1652874051071{padding-bottom: 30px !important;background-color: #000000 !important;}\u00a0\u00bb][vc_column_text css=\u00a0\u00bb.vc_custom_1652871010445{margin-top: 30px !important;padding-top: 20px !important;padding-right: 20px !important;padding-bottom: 20px !important;padding-left: 20px !important;background-color: #ffffff !important;}\u00a0\u00bb]\n<h3 style=\"text-align: center;\"><strong><b>1.<\/b><\/strong><b>Optimisation technique on-page<\/b><\/h3>\n<p>Dans cette \u00e9tape, nous nous assurons que votre site web est compatible avec les directives des moteurs de recherche afin qu&rsquo;il puisse \u00eatre explor\u00e9 et index\u00e9 sans probl\u00e8me. Nous effectuons des audits SEO techniques on-page et d\u00e9terminons quels aspects doivent \u00eatre am\u00e9lior\u00e9s pour une exp\u00e9rience en ligne fluide.[\/vc_column_text][\/vc_column_inner][vc_column_inner width=\u00a0\u00bb1\/3&Prime; css=\u00a0\u00bb.vc_custom_1652874077477{padding-bottom: 30px !important;background-color: #000000 !important;}\u00a0\u00bb][vc_column_text css=\u00a0\u00bb.vc_custom_1652870959877{margin-top: 30px !important;padding-top: 20px !important;padding-right: 20px !important;padding-bottom: 20px !important;padding-left: 20px !important;background-color: #ffffff !important;}\u00a0\u00bb]\n<h3 style=\"text-align: center;\"><b>2. <\/b><b>Optimisation du profil d&rsquo;entreprise Google<\/b><\/h3>\n<p>De la cr\u00e9ation de votre profil d&rsquo;entreprise \u00e0 la v\u00e9rification, publication et surveillance, notre \u00e9quipe professionnelle d&rsquo;experts SEO garde un \u0153il attentif sur chaque activit\u00e9 et optimise avec succ\u00e8s votre profil d&rsquo;entreprise sur la plateforme Google et Google Map.[\/vc_column_text][\/vc_column_inner][vc_column_inner width=\u00a0\u00bb1\/3&Prime; css=\u00a0\u00bb.vc_custom_1652874093801{padding-bottom: 30px !important;background-color: #000000 !important;}\u00a0\u00bb][vc_column_text css=\u00a0\u00bb.vc_custom_1652870991576{margin-top: 30px !important;padding-top: 20px !important;padding-right: 20px !important;padding-bottom: 20px !important;padding-left: 20px !important;background-color: #ffffff !important;}\u00a0\u00bb]\n<h3 style=\"text-align: center;\"><b>3. <\/b><b>Campagne de sensibilisation pour articles invit\u00e9s<\/b><\/h3>\n<p>Nous mettons en \u0153uvre une m\u00e9thode strat\u00e9gique pour nous connecter avec votre public cible sur d&rsquo;autres sites web qu&rsquo;ils utilisent. Cela \u00e9largit votre port\u00e9e et promeut votre marque. Nous recherchons les plateformes les plus pertinentes pour publier les articles invit\u00e9s pour des r\u00e9sultats efficaces.[\/vc_column_text][\/vc_column_inner][\/vc_row_inner][vc_row_inner][vc_column_inner width=\u00a0\u00bb1\/3&Prime; css=\u00a0\u00bb.vc_custom_1652874004039{padding-bottom: 30px !important;background-color: #000000 !important;}\u00a0\u00bb][vc_column_text css=\u00a0\u00bb.vc_custom_1652871127774{margin-top: 30px !important;padding-top: 20px !important;padding-right: 20px !important;padding-bottom: 20px !important;padding-left: 20px !important;background-color: #ffffff !important;}\u00a0\u00bb]\n<h3 style=\"text-align: center;\"><strong><b>4. Services SEO local<br \/>\n<\/b><\/strong><\/h3>\n<p>Nous boostons efficacement la pr\u00e9sence en ligne de votre entreprise et promouvons sa visibilit\u00e9 sur les recherches bas\u00e9es sur la localisation qui contiennent une r\u00e9gion particuli\u00e8re. Nos services SEO local travaillent pour promouvoir tous vos emplacements d&rsquo;entreprise. M\u00eame si vous op\u00e9rez dans moins d&#8217;emplacements, nous nous assurons qu&rsquo;ils comptent.[\/vc_column_text][\/vc_column_inner][vc_column_inner width=\u00a0\u00bb1\/3&Prime; css=\u00a0\u00bb.vc_custom_1652874019122{padding-bottom: 30px !important;background-color: #000000 !important;}\u00a0\u00bb][vc_column_text css=\u00a0\u00bb.vc_custom_1652871054244{margin-top: 30px !important;padding-top: 20px !important;padding-right: 20px !important;padding-bottom: 20px !important;padding-left: 20px !important;background-color: #ffffff !important;}\u00a0\u00bb]\n<h3 style=\"text-align: center;\"><b>5. Analyse de la liste des concurrents<br \/>\n<\/b><\/h3>\n<p>Nous menons une analyse approfondie des concurrents de l&rsquo;entreprise de votre client pour d\u00e9couvrir leur strat\u00e9gie marketing, leurs insights, leurs faiblesses et les opportunit\u00e9s avant de mettre en \u0153uvre des solutions SEO. Nous vous fournissons un rapport d&rsquo;audit et de recommandations d\u00e9taill\u00e9.[\/vc_column_text][\/vc_column_inner][vc_column_inner width=\u00a0\u00bb1\/3&Prime; css=\u00a0\u00bb.vc_custom_1652874033048{padding-bottom: 30px !important;background-color: #000000 !important;}\u00a0\u00bb][vc_column_text css=\u00a0\u00bb.vc_custom_1652871094383{margin-top: 30px !important;padding-top: 20px !important;padding-right: 20px !important;padding-bottom: 20px !important;padding-left: 20px !important;background-color: #ffffff !important;}\u00a0\u00bb]\n<h3 style=\"text-align: center;\"><b>6. Cr\u00e9ation et optimisation de contenu<br \/>\n<\/b><\/h3>\n<p>Pour attirer le public cible, le contenu doit contenir un langage doux et \u00e9motionnel qui touche les utilisateurs exactement l\u00e0 o\u00f9 il faut. Notre \u00e9quipe sait comment \u00e9crire du contenu compatible SEO et engageant pour les sites web.[\/vc_column_text][\/vc_column_inner][\/vc_row_inner][vc_empty_space height=\u00a0\u00bb45px\u00a0\u00bb]<div id=\"ultimate-heading-623669e0187798687\" class=\"uvc-heading ult-adjust-bottom-margin ultimate-heading-623669e0187798687 uvc-3072 \" data-hspacer=\"no_spacer\"  data-halign=\"center\" style=\"text-align:center\"><div class=\"uvc-heading-spacer no_spacer\" style=\"top\"><\/div><div class=\"uvc-main-heading ult-responsive\"  data-ultimate-target='.uvc-heading.ultimate-heading-623669e0187798687 h2'  data-responsive-json-new='{\"font-size\":\"\",\"line-height\":\"\"}' ><h2 style=\"font-weight:bold;color:#000000;\">FAQ<\/h2><\/div><\/div>[vc_toggle title=\u00a0\u00bbQu&apos;est-ce que le SEO pour bo\u00eetes de nuit ?\u00a0\u00bb open=\u00a0\u00bbtrue\u00a0\u00bb]Le SEO pour bo\u00eetes de nuit est l&rsquo;approche marketing la plus fiable et rentable pour les sites web de clubs. Il identifie les lacunes de votre site web, les traite et met en \u0153uvre des techniques pour classer votre site web de club afin qu&rsquo;il apparaisse dans le premier SERP.[\/vc_toggle][vc_toggle title=\u00a0\u00bbLe SEO pour bo\u00eetes de nuit est-il difficile ?\u00a0\u00bb]Oui, le SEO pour bo\u00eetes de nuit est difficile mais travailler avec une entreprise professionnelle qui a une bonne compr\u00e9hension de comment obtenir des r\u00e9sultats rapidement, peut le rendre facile. Le bon expert saura quelles tactiques fonctionneront le mieux pour votre site web de club.[\/vc_toggle][vc_toggle title=\u00a0\u00bbComment puis-je choisir la bonne entreprise SEO pour bo\u00eetes de nuit ?\u00a0\u00bb]\n<ol>\n<li aria-level=\"1\">Depuis combien de temps ils travaillent dans ce domaine.<\/li>\n<li aria-level=\"1\">Est-ce que certains de leurs projets r\u00e9cents sont li\u00e9s au SEO pour sites web de bo\u00eetes de nuit ?<\/li>\n<li aria-level=\"1\">Ont-ils l&rsquo;exp\u00e9rience de travail dans le m\u00eame pays ou r\u00e9gion o\u00f9 vous vivez ou pour laquelle vous embauchez ?<\/li>\n<li aria-level=\"1\">Ont-ils des r\u00e9sultats de travaux pr\u00e9c\u00e9dents \u00e0 vous montrer ?<\/li>\n<\/ol>\n[\/vc_toggle][vc_toggle title=\u00a0\u00bbQuels sont les avantages de choisir les services SEO pour bo\u00eetes de nuit ?\u00a0\u00bb]\n<ul>\n<li aria-level=\"1\">Ont-ils des r\u00e9sultats de travaux pr\u00e9c\u00e9dents \u00e0 vous montrer ?<\/li>\n<li aria-level=\"1\">Peut construire la fiabilit\u00e9 du site web<\/li>\n<li aria-level=\"1\">Peut am\u00e9liorer le classement de votre site web dans les moteurs de recherche<\/li>\n<li aria-level=\"1\">Peut g\u00e9n\u00e9rer du trafic organique vers votre site web<\/li>\n<li aria-level=\"1\">Peut attirer une large gamme de clients<\/li>\n<li aria-level=\"1\">Peut g\u00e9n\u00e9rer des revenus plus importants<\/li>\n<\/ul>\n[\/vc_toggle][vc_empty_space][vc_message message_box_style=\u00a0\u00bbsolid\u00a0\u00bb message_box_color=\u00a0\u00bbblack\u00a0\u00bb icon_type=\u00a0\u00bbpixelicons\u00a0\u00bb icon_pixelicons=\u00a0\u00bbvc_pixel_icon vc_pixel_icon-balloon\u00a0\u00bb]<b>Discutez de vos besoins marketing pour club\/bar\/restaurant avec nous !<\/b>[\/vc_message][vc_row_inner][vc_column_inner width=\u00a0\u00bb1\/2&Prime;][vc_column_text css=\u00a0\u00bb.vc_custom_1652874895600{padding-top: 0px !important;padding-right: 20px !important;padding-bottom: 20px !important;padding-left: 20px !important;background-color: #ffffff !important;}\u00a0\u00bb]\n<h3><strong>Nous avons une exp\u00e9rience marketing pour des entreprises allant de :<\/strong><\/h3>\n<p><span class=\"emoji\">\ud83c\udf78<\/span>SEO pour propri\u00e9taires de bo\u00eetes de nuit<br \/>\n<span class=\"emoji\">\ud83c\udf78<\/span>SEO pour discoth\u00e8ques<br \/>\n<span class=\"emoji\">\ud83c\udf78<\/span>SEO pour clubs pour adultes<br \/>\n<span class=\"emoji\">\ud83c\udf78<\/span>SEO pour clubs de danse<br \/>\n<span class=\"emoji\">\ud83c\udf78<\/span> SEO pour salles de musique live<br \/>\n<span class=\"emoji\">\ud83c\udf78<\/span>SEO pour restaurants<br \/>\n<span class=\"emoji\">\ud83c\udf78<\/span>SEO pour clubs de campagne<br \/>\n<span class=\"emoji\">\ud83c\udf78<\/span>SEO pour bars<\/p>\n<p><strong>Optimisation locale :<\/strong><br \/>\n<span class=\"emoji\">\ud83c\udf78<\/span>SEO pour bo\u00eetes de nuit en Floride<br \/>\n<span class=\"emoji\">\ud83c\udf78<\/span>SEO pour bo\u00eetes de nuit en Californie<br \/>\n<span class=\"emoji\">\ud83c\udf78<\/span>SEO pour bo\u00eetes de nuit \u00e0 Las Vegas<br \/>\n<span class=\"emoji\">\ud83c\udf78<\/span>SEO pour bo\u00eetes de nuit \u00e0 Miami Beach<br \/>\n<span class=\"emoji\">\ud83c\udf78<\/span>SEO pour bo\u00eetes de nuit \u00e0 La Nouvelle-Orl\u00e9ans<br \/>\n<span class=\"emoji\">\ud83c\udf78<\/span>SEO pour bo\u00eetes de nuit \u00e0 Los Angeles<br \/>\n<span class=\"emoji\">\ud83c\udf78<\/span>SEO pour bo\u00eetes de nuit \u00e0 San Francisco<br \/>\n<span class=\"emoji\">\ud83c\udf78<\/span>SEO pour bo\u00eetes de nuit \u00e0 Chicago[\/vc_column_text][\/vc_column_inner][vc_column_inner width=\u00a0\u00bb1\/2&Prime;][vc_column_text css=\u00a0\u00bb.vc_custom_1652872623827{padding-top: 0px !important;padding-right: 20px !important;padding-bottom: 20px !important;padding-left: 20px !important;background-color: #ffffff !important;}\u00a0\u00bb]\n<h3 style=\"text-align: center;\"><strong>Classement Google places 3 pack<\/strong><\/h3>\n[\/vc_column_text][vc_single_image image=\u00a0\u00bb9551&Prime; img_size=\u00a0\u00bbfull\u00a0\u00bb alignment=\u00a0\u00bbcenter\u00a0\u00bb style=\u00a0\u00bbvc_box_shadow_3d\u00a0\u00bb][\/vc_column_inner][\/vc_row_inner][vc_row_inner][vc_column_inner][vc_empty_space][vc_cta h2=\u00a0\u00bbObtenez la meilleure solution marketing de l&apos;agence marketing pour bo\u00eetes de nuit\u00a0\u00bb txt_align=\u00a0\u00bbcenter\u00a0\u00bb style=\u00a0\u00bb3d\u00a0\u00bb color=\u00a0\u00bbblack\u00a0\u00bb]\n<h3 style=\"text-align: center;\"><span style=\"color: #ffffff;\"><strong>Email &#8211; <a style=\"color: #ffffff;\" href=\"mailto:contact@ladyloveseo.com\">contact@ladyloveseo.com<\/a><\/strong><\/span><\/h3>\n[\/vc_cta]<div class=\" ubtn-ctn-center \"><a class=\"ubtn-link ult-adjust-bottom-margin ubtn-center ubtn-large \" href=\"https:\/\/wa.me\/919878700524?text=\" target=\"_blank\" rel=\"noopener\"><button type=\"button\" id=\"ubtn-3121\"  class=\"ubtn ult-adjust-bottom-margin ult-responsive ubtn-large ubtn-fade-bg  none  ubtn-sep-icon ubtn-sep-icon-left-push  ubtn-center   tooltip-69e01877986a8\"  data-hover=\"\" data-border-color=\"\" data-bg=\"#00c409\" data-hover-bg=\"\" data-border-hover=\"\" data-shadow-hover=\"\" data-shadow-click=\"none\" data-shadow=\"\" data-shd-shadow=\"\"  data-ultimate-target='#ubtn-3121'  data-responsive-json-new='{\"font-size\":\"\",\"line-height\":\"\"}'  style=\"font-weight:normal;border:none;background: #00c409;color: #ffffff;\"><span class=\"ubtn-data ubtn-icon\"><i class=\"Defaults-whatsapp\" style=\"font-size:25px;color:#ffffff;\"><\/i><\/span><span class=\"ubtn-hover\" style=\"background-color:\"><\/span><span class=\"ubtn-data ubtn-text \" >Commencez le chat WhatsApp maintenant !<\/span><\/button><\/a><\/div>[vc_empty_space][\/vc_column_inner][\/vc_row_inner][\/vc_column][\/vc_row]\n<\/div>","protected":false},"excerpt":{"rendered":"<p>[vc_row ct_row_stretch=\u00a0\u00bb\u00a0\u00bb css=\u00a0\u00bb.vc_custom_1543906707815{margin-top: 40px !important;}\u00a0\u00bb][vc_column][vc_empty_space height=\u00a0\u00bb12px\u00a0\u00bb][vc_column_text]Vous avez probablement trouv\u00e9 l&#8217;emplacement parfait pour votre bo\u00eete de nuit. Vous avez une d\u00e9coration de bon go\u00fbt et un DJ branch\u00e9, et vous offrez une exp\u00e9rience que les autres bo\u00eetes de nuit n&rsquo;offrent pas ! Ou peut-\u00eatre que votre bo\u00eete de nuit prosp\u00e8re d\u00e9j\u00e0 ! Mais voulez-vous passer au &#8230;<\/p>\n","protected":false},"author":1,"featured_media":0,"parent":0,"menu_order":0,"comment_status":"closed","ping_status":"closed","template":"","meta":{"footnotes":""},"class_list":["post-11525","page","type-page","status-publish","hentry"],"jetpack_sharing_enabled":true,"_links":{"self":[{"href":"https:\/\/ladyloveseo.com\/fr\/wp-json\/wp\/v2\/pages\/11525","targetHints":{"allow":["GET"]}}],"collection":[{"href":"https:\/\/ladyloveseo.com\/fr\/wp-json\/wp\/v2\/pages"}],"about":[{"href":"https:\/\/ladyloveseo.com\/fr\/wp-json\/wp\/v2\/types\/page"}],"author":[{"embeddable":true,"href":"https:\/\/ladyloveseo.com\/fr\/wp-json\/wp\/v2\/users\/1"}],"replies":[{"embeddable":true,"href":"https:\/\/ladyloveseo.com\/fr\/wp-json\/wp\/v2\/comments?post=11525"}],"version-history":[{"count":2,"href":"https:\/\/ladyloveseo.com\/fr\/wp-json\/wp\/v2\/pages\/11525\/revisions"}],"predecessor-version":[{"id":11527,"href":"https:\/\/ladyloveseo.com\/fr\/wp-json\/wp\/v2\/pages\/11525\/revisions\/11527"}],"wp:attachment":[{"href":"https:\/\/ladyloveseo.com\/fr\/wp-json\/wp\/v2\/media?parent=11525"}],"curies":[{"name":"wp","href":"https:\/\/api.w.org\/{rel}","templated":true}]}}