{"id":11528,"date":"2022-05-13T03:37:38","date_gmt":"2022-05-13T08:37:38","guid":{"rendered":"https:\/\/ladyloveseo.com\/services-seo-de-rencontres\/"},"modified":"2025-08-12T02:03:52","modified_gmt":"2025-08-12T07:03:52","slug":"services-seo-de-rencontres","status":"publish","type":"page","link":"https:\/\/ladyloveseo.com\/fr\/services-seo-de-rencontres\/","title":{"rendered":"Services SEO de rencontres"},"content":{"rendered":"<div class=\"wpb-content-wrapper\">[vc_row ct_row_stretch=\u00a0\u00bb\u00a0\u00bb css=\u00a0\u00bb.vc_custom_1543906707815{margin-top: 40px !important;}\u00a0\u00bb][vc_column]<div id=\"ultimate-heading-697169e018333614e\" class=\"uvc-heading ult-adjust-bottom-margin ultimate-heading-697169e018333614e uvc-6372 \" data-hspacer=\"line_only\"  data-halign=\"left\" style=\"text-align:left\"><div class=\"uvc-main-heading ult-responsive\"  data-ultimate-target='.uvc-heading.ultimate-heading-697169e018333614e h1'  data-responsive-json-new='{\"font-size\":\"desktop:30px;\",\"line-height\":\"\"}' ><h1 style=\"font-weight:bold;color:#f79468;\">Services SEO de rencontres<\/h1><\/div><div class=\"uvc-heading-spacer line_only\" style=\"margin-top:2px;margin-bottom:20px;height:6px;\"><span class=\"uvc-headings-line\" style=\"border-style:double;border-bottom-width:6px;border-color:#f79468;width:100px;\"><\/span><\/div><div class=\"uvc-sub-heading ult-responsive\"  data-ultimate-target='.uvc-heading.ultimate-heading-697169e018333614e .uvc-sub-heading '  data-responsive-json-new='{\"font-size\":\"desktop:16px;\",\"line-height\":\"desktop:30px;\"}'  style=\"font-weight:bold;\"><b>Notre passion est de faire cro\u00eetre votre entreprise<\/b><\/div><\/div>[vc_empty_space height=\u00a0\u00bb12px\u00a0\u00bb][vc_column_text]Nous vivons dans un monde num\u00e9rique o\u00f9 tout le monde est en ligne, et votre entreprise aussi. Dans un monde o\u00f9 chacun utilise des services num\u00e9ris\u00e9s, pourquoi ne pas vous \u00e9tablir comme la marque de r\u00e9f\u00e9rence dans votre secteur en ayant une pr\u00e9sence en ligne stable. Et si vous exploitez une entreprise de rencontres en ligne, vous avez de merveilleuses opportunit\u00e9s de d\u00e9velopper votre activit\u00e9 comme vous le souhaitez. Comment ? C&rsquo;est possible gr\u00e2ce \u00e0 nos <strong>services SEO pour sites de rencontres<\/strong> les plus fiables et \u00e9prouv\u00e9s.[\/vc_column_text][\/vc_column][\/vc_row][vc_row ct_row_stretch=\u00a0\u00bb\u00a0\u00bb css=\u00a0\u00bb.vc_custom_1543906707815{margin-top: 40px !important;}\u00a0\u00bb][vc_column width=\u00a0\u00bb1\/2&Prime;][vc_column_text]LadyLove SEO est une agence de marketing num\u00e9rique qui s&rsquo;efforce continuellement de faire ressortir votre entreprise des autres. Avec nos strat\u00e9gies efficaces et notre connaissance approfondie du marketing, nous menons des campagnes marketing r\u00e9ussies qui aident certainement votre site web \u00e0 se classer dans les premi\u00e8res pages des moteurs de recherche. <\/p>\n<p>Ind\u00e9niablement, pour tirer le maximum de profit de votre site web, vous devez vous assurer d&rsquo;utiliser les meilleurs services SEO pour sites de rencontres. Il existe plusieurs m\u00e9thodes pour commercialiser votre site de rencontres telles que le SEO technique on-site, l&rsquo;optimisation des mots-cl\u00e9s, la mise \u00e0 jour des balises m\u00e9ta, le mapping des pages de destination, particuli\u00e8rement la premi\u00e8re ann\u00e9e. Mais rappelez-vous, un \u00e9l\u00e9ment cl\u00e9 de votre strat\u00e9gie marketing doit \u00eatre le SEO.[\/vc_column_text][\/vc_column][vc_column width=\u00a0\u00bb1\/2&Prime;][vc_single_image image=\u00a0\u00bb9537&Prime; img_size=\u00a0\u00bblarge\u00a0\u00bb][\/vc_column][\/vc_row][vc_row ct_row_stretch=\u00a0\u00bb\u00a0\u00bb css=\u00a0\u00bb.vc_custom_1543906707815{margin-top: 40px !important;}\u00a0\u00bb][vc_column][vc_column_text]Selon une enqu\u00eate r\u00e9cente, plus de 97 % des interactions en ligne commencent encore par un moteur de recherche. Sans SEO, votre site web ne sera jamais trouv\u00e9 et vous n&rsquo;aurez pas l&rsquo;int\u00e9r\u00eat essentiel pour maintenir la rentabilit\u00e9 de votre entreprise. C&rsquo;est pourquoi vous avez besoin des meilleurs services SEO de rencontres de LadyLove.[\/vc_column_text][vc_empty_space][\/vc_column][\/vc_row][vc_row ct_row_stretch=\u00a0\u00bb\u00a0\u00bb][vc_column css=\u00a0\u00bb.vc_custom_1652433464681{background-color: #f79468 !important;}\u00a0\u00bb][vc_empty_space]<div id=\"ultimate-heading-347469e018333618e\" class=\"uvc-heading ult-adjust-bottom-margin ultimate-heading-347469e018333618e uvc-1726 \" data-hspacer=\"no_spacer\"  data-halign=\"center\" style=\"text-align:center\"><div class=\"uvc-heading-spacer no_spacer\" style=\"top\"><\/div><div class=\"uvc-main-heading ult-responsive\"  data-ultimate-target='.uvc-heading.ultimate-heading-347469e018333618e h2'  data-responsive-json-new='{\"font-size\":\"\",\"line-height\":\"\"}' ><h2 style=\"font-weight:normal;color:#ffffff;\">Comment les services SEO de rencontres LadyLove aident \u00e0 obtenir des r\u00e9sultats maximaux<\/h2><\/div><\/div>[vc_empty_space][vc_column_text]<span style=\"color: #ffffff;\">Le SEO est l&rsquo;\u00e9pine dorsale des sites de rencontres. Il optimise habilement le contenu et la configuration de votre site de rencontres avec les mots-cl\u00e9s cibl\u00e9s et les inclusions qui assurent l&rsquo;am\u00e9lioration du classement de votre site web dans les r\u00e9sultats des moteurs de recherche en ligne. Nous avons une \u00e9quipe d&rsquo;experts en SEO qui plongent profond\u00e9ment pour mieux comprendre votre entreprise, la concurrence et les objectifs. Cette compr\u00e9hension nous aide \u00e0 construire une strat\u00e9gie SEO personnalis\u00e9e pour obtenir des classements de recherche \u00e9lev\u00e9s pour votre entreprise.   <\/span><\/p>\n<p><span style=\"color: #ffffff;\">Notre agence SEO de rencontres met en \u0153uvre les meilleures strat\u00e9gies qui vous aideront certainement \u00e0 augmenter le trafic organique et \u00e0 rendre votre entreprise rentable avec un contenu influent et b\u00e9n\u00e9fique, une composition et des d\u00e9tails de votre site web. En plus de cela, LadyLove vous aidera \u00e9galement \u00e0 :<\/span>[\/vc_column_text][vc_row_inner][vc_column_inner width=\u00a0\u00bb1\/3&Prime; css=\u00a0\u00bb.vc_custom_1554285772633{padding-bottom: 5px !important;}\u00a0\u00bb][vc_column_text css=\u00a0\u00bb.vc_custom_1652431434890{margin-top: 30px !important;padding-top: 20px !important;padding-right: 20px !important;padding-bottom: 20px !important;padding-left: 20px !important;background-color: #ffffff !important;}\u00a0\u00bb]\n<h3 style=\"text-align: center;\"><b>\u00c9tablir la confiance des utilisateurs <\/b><\/h3>\n<p>Quand les gens recherchent des sites de rencontres, ils souhaitent trouver beaucoup de personnes int\u00e9ress\u00e9es par les rencontres avec un service qui offre une valeur fantastique. Et croyez-nous, les utilisateurs croient souvent que les sites web qui apparaissent en haut des SERP sont l&rsquo;option la plus populaire et la meilleure \u00e0 choisir. Ainsi, si votre site de rencontres appara\u00eet en haut dans les moteurs de recherche, les gens feront confiance \u00e0 vos services et voudront l&rsquo;utiliser.[\/vc_column_text][\/vc_column_inner][vc_column_inner width=\u00a0\u00bb1\/3&Prime;][vc_column_text css=\u00a0\u00bb.vc_custom_1652431467018{margin-top: 30px !important;padding-top: 20px !important;padding-right: 20px !important;padding-bottom: 20px !important;padding-left: 20px !important;background-color: #ffffff !important;}\u00a0\u00bb]\n<h3 style=\"text-align: center;\"><b>R\u00e9pondre aux derni\u00e8res tendances<\/b><\/h3>\n<p>Vous pourriez penser qu&rsquo;il est facile de mettre en place une campagne marketing efficace pour votre site de rencontres ? Non ! Vous devez \u00eatre au courant des derni\u00e8res tendances pour observer le succ\u00e8s, des diff\u00e9rentes astuces et technologies qui sont utilis\u00e9es pour optimiser une campagne marketing pour attirer votre public cible et le convertir en clients. Nous avons la connaissance pr\u00e9cise des astuces et strat\u00e9gies qui peuvent vous aider \u00e0 apporter beaucoup de trafic organique \u00e0 votre site web.[\/vc_column_text][vc_empty_space height=\u00a0\u00bb45px\u00a0\u00bb][\/vc_column_inner][vc_column_inner width=\u00a0\u00bb1\/3&Prime;][vc_column_text css=\u00a0\u00bb.vc_custom_1652431511721{margin-top: 30px !important;padding-top: 20px !important;padding-right: 20px !important;padding-bottom: 20px !important;padding-left: 20px !important;background-color: #ffffff !important;}\u00a0\u00bb]\n<h3 style=\"text-align: center;\"><b>R\u00e9putation en ligne solide<\/b><\/h3>\n<p>Les services SEO aident \u00e0 comprendre comment les utilisateurs per\u00e7oivent, recherchent et s&rsquo;engagent avec les entreprises. Sans la mise en place du bon service SEO, vous serez toujours perdu dans la foule d&rsquo;autres options que les utilisateurs peuvent explorer. Le SEO pour sites de rencontres vous aidera \u00e0 construire une r\u00e9putation en ligne solide et \u00e0 avoir un impact \u00e9norme sur votre public cible. Ils vous feront confiance et aimeront se connecter avec votre site web.[\/vc_column_text][\/vc_column_inner][\/vc_row_inner][\/vc_column][\/vc_row][vc_row ct_row_stretch=\u00a0\u00bb\u00a0\u00bb][vc_column][vc_empty_space height=\u00a0\u00bb45px\u00a0\u00bb]<div id=\"ultimate-heading-818169e01833361aa\" class=\"uvc-heading ult-adjust-bottom-margin ultimate-heading-818169e01833361aa uvc-3947 \" data-hspacer=\"no_spacer\"  data-halign=\"center\" style=\"text-align:center\"><div class=\"uvc-heading-spacer no_spacer\" style=\"top\"><\/div><div class=\"uvc-main-heading ult-responsive\"  data-ultimate-target='.uvc-heading.ultimate-heading-818169e01833361aa h2'  data-responsive-json-new='{\"font-size\":\"\",\"line-height\":\"\"}' ><h2 style=\"font-weight:bold;color:#f79468;\">Comment les services SEO de rencontres LadyLove aident \u00e0 obtenir des r\u00e9sultats exceptionnels ?<\/h2><\/div><\/div>[vc_empty_space][vc_column_text]Nous vous aidons \u00e0 d\u00e9velopper votre audience en ligne et votre port\u00e9e de clients potentiels, avec une strat\u00e9gie SEO \u00e9prouv\u00e9e qui attire l&rsquo;attention des audiences cibl\u00e9es vers votre entreprise. Nous nous concentrons sur le jeu \u00e0 moyen et long terme avec une strat\u00e9gie SEO bien con\u00e7ue. Cela apportera des classements de recherche plus \u00e9lev\u00e9s, des clients organiques et qualifi\u00e9s \u00e0 votre entreprise, et des opportunit\u00e9s d&rsquo;augmenter les revenus des ventes.  <\/p>\n<p>Nous sommes une agence de marketing de rencontres compl\u00e8te qui offre des services SEO complets pour nos clients. Confier vos activit\u00e9s SEO pour un tarif mensuel fixe et peu co\u00fbteux vous fait non seulement \u00e9conomiser du temps et de l&rsquo;argent, mais vous permet \u00e9galement de vous concentrer sur ce que vous faites de mieux &#8211; servir votre entreprise et vos clients. En bref,[\/vc_column_text][vc_empty_space]<div id=\"ultimate-heading-82969e01833361c0\" class=\"uvc-heading ult-adjust-bottom-margin ultimate-heading-82969e01833361c0 uvc-4834 \" data-hspacer=\"no_spacer\"  data-halign=\"center\" style=\"text-align:center\"><div class=\"uvc-heading-spacer no_spacer\" style=\"top\"><\/div><div class=\"uvc-main-heading ult-responsive\"  data-ultimate-target='.uvc-heading.ultimate-heading-82969e01833361c0 h2'  data-responsive-json-new='{\"font-size\":\"\",\"line-height\":\"\"}' ><h2 style=\"font-weight:bold;color:#f79468;\">\u00c0 propos de nos services SEO de rencontres<\/h2><\/div><\/div>[vc_empty_space][vc_column_text]Pour peindre les r\u00e9sultats color\u00e9s d&rsquo;une campagne SEO de rencontres, nos proc\u00e9dures incorporent des services et un support impeccables dans le cr\u00e9neau du marketing num\u00e9rique. Voici un aper\u00e7u de tous les services que nous mettons en \u0153uvre pour les campagnes SEO de rencontres. <\/p>\n<p>1. Nous augmenterons vos clients<br \/>\n2. Vous aider \u00e0 augmenter les revenus<br \/>\n3. Mieux se classer que vos concurrents<br \/>\n4. R\u00e9duire vos co\u00fbts de d\u00e9penses marketing[\/vc_column_text][vc_empty_space]<div id=\"ultimate-heading-461169e01833361d3\" class=\"uvc-heading ult-adjust-bottom-margin ultimate-heading-461169e01833361d3 uvc-4692 \" data-hspacer=\"no_spacer\"  data-halign=\"center\" style=\"text-align:center\"><div class=\"uvc-heading-spacer no_spacer\" style=\"top\"><\/div><div class=\"uvc-main-heading ult-responsive\"  data-ultimate-target='.uvc-heading.ultimate-heading-461169e01833361d3 h2'  data-responsive-json-new='{\"font-size\":\"\",\"line-height\":\"\"}' ><h2 style=\"font-weight:bold;color:#f79468;\">Approche des meilleurs services SEO de sites de rencontres :<\/h2><\/div><\/div>[vc_empty_space][vc_row_inner][vc_column_inner width=\u00a0\u00bb1\/3&Prime; css=\u00a0\u00bb.vc_custom_1652433396093{padding-bottom: 30px !important;background-color: #f79468 !important;}\u00a0\u00bb][vc_column_text css=\u00a0\u00bb.vc_custom_1652431700479{margin-top: 30px !important;padding-top: 20px !important;padding-right: 20px !important;padding-bottom: 20px !important;padding-left: 20px !important;background-color: #ffffff !important;}\u00a0\u00bb]\n<h3 style=\"text-align: center;\"><strong><b>1.<\/b><\/strong><b>Audit du site de rencontres<\/b><b><\/b><\/h3>\n<p>On ne peut pas avancer dans les tentatives SEO si on reste dans l&rsquo;ignorance de ce qui doit \u00eatre am\u00e9lior\u00e9 sur votre site web. Donc, nous auditons votre site web pour r\u00e9v\u00e9ler tous les d\u00e9fauts. Bas\u00e9 sur notre analyse, nous \u00e9liminons et lissons toutes les asp\u00e9rit\u00e9s de votre site web pour le rationaliser dans les aspects techniques.[\/vc_column_text][\/vc_column_inner][vc_column_inner width=\u00a0\u00bb1\/3&Prime; css=\u00a0\u00bb.vc_custom_1652433525415{padding-bottom: 30px !important;background-color: #f79468 !important;}\u00a0\u00bb][vc_column_text css=\u00a0\u00bb.vc_custom_1652431726561{margin-top: 30px !important;padding-top: 20px !important;padding-right: 20px !important;padding-bottom: 20px !important;padding-left: 20px !important;background-color: #ffffff !important;}\u00a0\u00bb]\n<h3 style=\"text-align: center;\"><b>2. <\/b><b>Analyse de la concurrence<\/b><b><\/b><\/h3>\n<p>Nous recherchons vos concurrents et les leaders de votre cr\u00e9neau pour d\u00e9terminer les domaines qui donnent l&rsquo;avantage \u00e0 leurs sites de rencontres. Aussi, nous examinons leurs parties faibles afin que notre \u00e9quipe puisse intensifier votre site web dans ces domaines pour faire \u00e9voluer les efforts SEO.[\/vc_column_text][\/vc_column_inner][vc_column_inner width=\u00a0\u00bb1\/3&Prime; css=\u00a0\u00bb.vc_custom_1652433534357{padding-bottom: 30px !important;background-color: #f79468 !important;}\u00a0\u00bb][vc_column_text css=\u00a0\u00bb.vc_custom_1652431749763{margin-top: 30px !important;padding-top: 20px !important;padding-right: 20px !important;padding-bottom: 20px !important;padding-left: 20px !important;background-color: #ffffff !important;}\u00a0\u00bb]\n<h3 style=\"text-align: center;\"><b>3. <\/b><b>Optimisation des mots-cl\u00e9s<\/b><\/h3>\n<p>Nous utilisons les mots-cl\u00e9s de rencontres \u00e0 fort ciblage pour optimiser votre contenu et vos m\u00e9dias afin que le moteur de recherche (SE) comprenne mieux votre site web. Une fois que le SE obtient une meilleure image de votre site web, il affiche le site \u00e0 tous les utilisateurs dont les requ\u00eates correspondent aux mots-cl\u00e9s de votre site web.[\/vc_column_text][\/vc_column_inner][\/vc_row_inner][vc_row_inner][vc_column_inner width=\u00a0\u00bb1\/3&Prime; css=\u00a0\u00bb.vc_custom_1652433550356{padding-bottom: 30px !important;background-color: #f79468 !important;}\u00a0\u00bb][vc_column_text css=\u00a0\u00bb.vc_custom_1652431772171{margin-top: 30px !important;padding-top: 20px !important;padding-right: 20px !important;padding-bottom: 20px !important;padding-left: 20px !important;background-color: #ffffff !important;}\u00a0\u00bb]\n<h3 style=\"text-align: center;\"><strong><b>4. Cr\u00e9ation de contenu et blogging<br \/>\n<\/b><\/strong><\/h3>\n<p>Pour attirer le public cible, le contenu doit contenir un langage doux et \u00e9motionnel qui touche les utilisateurs exactement l\u00e0 o\u00f9 il faut. Ainsi, tout le contenu doit inclure tous les mots-cl\u00e9s de rencontres \u00e0 fort ciblage. Notre \u00e9quipe sait comment \u00e9crire du contenu SEO-friendly et engageant pour les sites web.[\/vc_column_text][\/vc_column_inner][vc_column_inner width=\u00a0\u00bb1\/3&Prime; css=\u00a0\u00bb.vc_custom_1652433563365{padding-bottom: 30px !important;background-color: #f79468 !important;}\u00a0\u00bb][vc_column_text css=\u00a0\u00bb.vc_custom_1652771610238{margin-top: 30px !important;padding-top: 20px !important;padding-right: 20px !important;padding-bottom: 20px !important;padding-left: 20px !important;background-color: #ffffff !important;}\u00a0\u00bb]\n<h3 style=\"text-align: center;\"><b>5. Optimisation mobile rapide<br \/>\n<\/b><\/h3>\n<p>Rappelez-vous que la plupart de vos utilisateurs acc\u00e8dent \u00e0 votre site de rencontres sur des plateformes mobiles. Environ 60 % des recherches Google sont effectu\u00e9es sur mobiles. Ainsi, attirer tous les utilisateurs mobiles vers votre site de rencontres est important. Notre \u00e9quipe le sait parfaitement et am\u00e9liore la r\u00e9activit\u00e9 mobile de votre site de rencontres.[\/vc_column_text][\/vc_column_inner][vc_column_inner width=\u00a0\u00bb1\/3&Prime; css=\u00a0\u00bb.vc_custom_1652433574933{padding-bottom: 30px !important;background-color: #f79468 !important;}\u00a0\u00bb][vc_column_text css=\u00a0\u00bb.vc_custom_1652771618563{margin-top: 30px !important;padding-top: 20px !important;padding-right: 20px !important;padding-bottom: 20px !important;padding-left: 20px !important;background-color: #ffffff !important;}\u00a0\u00bb]\n<h3 style=\"text-align: center;\"><b>6. Optimisation de la vitesse de chargement<br \/>\n<\/b><\/h3>\n<p>Les jeunes ne veulent pas attendre. Si votre site de rencontres prend trop de temps \u00e0 charger, alors la plupart de vos utilisateurs sauteront vers d&rsquo;autres concurrents. Nous incluons un service d&rsquo;am\u00e9lioration de la vitesse du site web qui am\u00e9liore la vitesse de chargement des pages de votre site de rencontres et retient tous vos utilisateurs.[\/vc_column_text][\/vc_column_inner][\/vc_row_inner][vc_empty_space height=\u00a0\u00bb45px\u00a0\u00bb]<div id=\"ultimate-heading-506069e01833361e6\" class=\"uvc-heading ult-adjust-bottom-margin ultimate-heading-506069e01833361e6 uvc-3541 \" data-hspacer=\"no_spacer\"  data-halign=\"center\" style=\"text-align:center\"><div class=\"uvc-heading-spacer no_spacer\" style=\"top\"><\/div><div class=\"uvc-main-heading ult-responsive\"  data-ultimate-target='.uvc-heading.ultimate-heading-506069e01833361e6 h2'  data-responsive-json-new='{\"font-size\":\"\",\"line-height\":\"\"}' ><h2 style=\"font-weight:bold;color:#f79468;\">FAQ<\/h2><\/div><\/div>[vc_toggle title=\u00a0\u00bbQu&apos;est-ce que le SEO de rencontres ?\u00a0\u00bb open=\u00a0\u00bbtrue\u00a0\u00bb]Le SEO de rencontres est l&rsquo;approche marketing la plus fiable et rentable pour les sites de rencontres. Il identifie les lacunes de votre site web, les traite et met en \u0153uvre des techniques pour classer votre site web afin qu&rsquo;il apparaisse dans le premier SERP.[\/vc_toggle][vc_toggle title=\u00a0\u00bbLe SEO de rencontres est-il difficile ?\u00a0\u00bb]Oui, le SEO de rencontres est difficile mais travailler avec une entreprise professionnelle qui a une bonne compr\u00e9hension de comment obtenir les r\u00e9sultats rapidement, peut le rendre facile. Le bon expert saura quelles tactiques fonctionneront le mieux pour votre site.[\/vc_toggle][vc_toggle title=\u00a0\u00bbComment puis-je choisir la bonne agence SEO de rencontres ?\u00a0\u00bb]Consid\u00e9rez ces facteurs avant de choisir l&rsquo;agence SEO de rencontres et votre recherche se terminera avec la meilleure option.<\/p>\n<ol>\n<li aria-level=\"1\">Depuis combien de temps travaillent-ils dans ce secteur.<\/li>\n<li aria-level=\"1\">Est-ce que certains de leurs projets r\u00e9cents sont li\u00e9s au SEO pour sites de rencontres ?<\/li>\n<li aria-level=\"1\">Ont-ils l&rsquo;exp\u00e9rience de travail dans le m\u00eame pays ou r\u00e9gion o\u00f9 vous vivez ou pour quelle r\u00e9gion vous engagez.<\/li>\n<li aria-level=\"1\">Ont-ils des r\u00e9sultats de travaux pr\u00e9c\u00e9dents \u00e0 vous montrer ?<\/li>\n<\/ol>\n[\/vc_toggle][vc_toggle title=\u00a0\u00bbQuels sont les avantages de choisir les services SEO de rencontres ?\u00a0\u00bb]\n<ul>\n<li aria-level=\"1\">Vous pouvez construire la fiabilit\u00e9 du site web<\/li>\n<li aria-level=\"1\">Vous pouvez am\u00e9liorer le classement de votre site web dans les moteurs de recherche<\/li>\n<li aria-level=\"1\">Vous pouvez diriger le trafic organique vers votre site web<\/li>\n<li aria-level=\"1\">Vous pouvez attirer une large gamme de clients<\/li>\n<li aria-level=\"1\">Vous pouvez g\u00e9n\u00e9rer des revenus plus importants<\/li>\n<\/ul>\n[\/vc_toggle][vc_empty_space][vc_message message_box_style=\u00a0\u00bbsolid\u00a0\u00bb message_box_color=\u00a0\u00bbsandy_brown\u00a0\u00bb icon_type=\u00a0\u00bbpixelicons\u00a0\u00bb icon_pixelicons=\u00a0\u00bbvc_pixel_icon vc_pixel_icon-balloon\u00a0\u00bb]<b>Discutez de vos besoins marketing de site\/app de rencontres avec nous !<\/b>[\/vc_message][vc_row_inner][vc_column_inner width=\u00a0\u00bb1\/2&Prime;][vc_column_text css=\u00a0\u00bb.vc_custom_1652433210480{padding-top: 0px !important;padding-right: 20px !important;padding-bottom: 20px !important;padding-left: 20px !important;background-color: #ffffff !important;}\u00a0\u00bb]\n<h3><strong>Nous avons une exp\u00e9rience marketing pour des entreprises allant de :<\/strong><\/h3>\n<p><span style=\"color: #ff6600;\">\u2665<\/span> Sites de rencontres pour l&rsquo;amiti\u00e9<br \/>\n<span style=\"color: #ff6600;\">\u2665<\/span> Sites de rencontres pour chercheurs de relations<br \/>\n<span style=\"color: #ff6600;\">\u2665<\/span> Sites de rencontres pour le mariage<br \/>\n<span style=\"color: #ff6600;\">\u2665<\/span> SEO pour applications de rencontres sur Google Play\/App Store<br \/>\n<span style=\"color: #ff6600;\">\u2665<\/span> SEO pour sites de rencontres rapides et faciles<br \/>\n<span style=\"color: #ff6600;\">\u2665<\/span> SEO pour site de sugar dating<br \/>\n<span style=\"color: #ff6600;\">\u2665<\/span> SEO pour sites de rencontres en ligne<br \/>\n<span style=\"color: #ff6600;\">\u2665<\/span> SEO pour sites\/apps de rencontres femmes LGBTQA+<br \/>\n<span style=\"color: #ff6600;\">\u2665<\/span> SEO pour services de rencontres VIP\/luxe<br \/>\n<span style=\"color: #ff6600;\">\u2665<\/span> SEO pour sites de rencontres seniors\/matures[\/vc_column_text][\/vc_column_inner][vc_column_inner width=\u00a0\u00bb1\/2&Prime;][vc_single_image image=\u00a0\u00bb9536&Prime; img_size=\u00a0\u00bbfull\u00a0\u00bb alignment=\u00a0\u00bbcenter\u00a0\u00bb style=\u00a0\u00bbvc_box_shadow_3d\u00a0\u00bb][\/vc_column_inner][\/vc_row_inner][vc_row_inner][vc_column_inner][vc_empty_space][vc_cta h2=\u00a0\u00bbContactez-nous pour obtenir la meilleure solution de notre agence de marketing de rencontres\u00a0\u00bb txt_align=\u00a0\u00bbcenter\u00a0\u00bb style=\u00a0\u00bb3d\u00a0\u00bb color=\u00a0\u00bbsandy-brown\u00a0\u00bb css=\u00a0\u00bb\u00a0\u00bb]\n<h3 style=\"text-align: center;\"><span style=\"color: #ffffff;\"><strong>Email &#8211; <a style=\"color: #ffffff;\" href=\"mailto:contact@ladyloveseo.com\">contact@ladyloveseo.com<\/a><\/strong><\/span><br \/>\n<a href=\"https:\/\/wa.me\/+919878700524?text=Hello!%20I%20need%20your%20service\" target=\"_blank\" rel=\"noopener\"><span style=\"color: #ffffff;\">d\u00e9marrer chat whatsapp<\/span><\/a><\/h3>\n[\/vc_cta][\/vc_column_inner][\/vc_row_inner][\/vc_column][\/vc_row]\n<\/div>","protected":false},"excerpt":{"rendered":"<p>[vc_row ct_row_stretch=\u00a0\u00bb\u00a0\u00bb css=\u00a0\u00bb.vc_custom_1543906707815{margin-top: 40px !important;}\u00a0\u00bb][vc_column][vc_empty_space height=\u00a0\u00bb12px\u00a0\u00bb][vc_column_text]Nous vivons dans un monde num\u00e9rique o\u00f9 tout le monde est en ligne, et votre entreprise aussi. Dans un monde o\u00f9 chacun utilise des services num\u00e9ris\u00e9s, pourquoi ne pas vous \u00e9tablir comme la marque de r\u00e9f\u00e9rence dans votre secteur en ayant une pr\u00e9sence en ligne stable. Et si vous exploitez &#8230;<\/p>\n","protected":false},"author":1,"featured_media":0,"parent":0,"menu_order":0,"comment_status":"closed","ping_status":"closed","template":"","meta":{"footnotes":""},"class_list":["post-11528","page","type-page","status-publish","hentry"],"jetpack_sharing_enabled":true,"_links":{"self":[{"href":"https:\/\/ladyloveseo.com\/fr\/wp-json\/wp\/v2\/pages\/11528","targetHints":{"allow":["GET"]}}],"collection":[{"href":"https:\/\/ladyloveseo.com\/fr\/wp-json\/wp\/v2\/pages"}],"about":[{"href":"https:\/\/ladyloveseo.com\/fr\/wp-json\/wp\/v2\/types\/page"}],"author":[{"embeddable":true,"href":"https:\/\/ladyloveseo.com\/fr\/wp-json\/wp\/v2\/users\/1"}],"replies":[{"embeddable":true,"href":"https:\/\/ladyloveseo.com\/fr\/wp-json\/wp\/v2\/comments?post=11528"}],"version-history":[{"count":2,"href":"https:\/\/ladyloveseo.com\/fr\/wp-json\/wp\/v2\/pages\/11528\/revisions"}],"predecessor-version":[{"id":11530,"href":"https:\/\/ladyloveseo.com\/fr\/wp-json\/wp\/v2\/pages\/11528\/revisions\/11530"}],"wp:attachment":[{"href":"https:\/\/ladyloveseo.com\/fr\/wp-json\/wp\/v2\/media?parent=11528"}],"curies":[{"name":"wp","href":"https:\/\/api.w.org\/{rel}","templated":true}]}}