{"id":11531,"date":"2019-11-11T23:17:15","date_gmt":"2019-11-12T05:17:15","guid":{"rendered":"https:\/\/ladyloveseo.com\/services-de-marketing-seo-local-pour-maisons-closes\/"},"modified":"2025-08-12T02:06:55","modified_gmt":"2025-08-12T07:06:55","slug":"services-de-marketing-seo-local-pour-maisons-closes","status":"publish","type":"page","link":"https:\/\/ladyloveseo.com\/fr\/services-de-marketing-seo-local-pour-maisons-closes\/","title":{"rendered":"Services de marketing SEO local pour maisons closes"},"content":{"rendered":"<div class=\"wpb-content-wrapper\">[vc_row ct_row_stretch=\u00a0\u00bb\u00a0\u00bb css=\u00a0\u00bb.vc_custom_1543906707815{margin-top: 40px !important;}\u00a0\u00bb][vc_column][vc_empty_space height=\u00a0\u00bb60&Prime;]<div id=\"ultimate-heading-836169e0181800d29\" class=\"uvc-heading ult-adjust-bottom-margin ultimate-heading-836169e0181800d29 uvc-6463 \" data-hspacer=\"line_only\"  data-halign=\"left\" style=\"text-align:left\"><div class=\"uvc-main-heading ult-responsive\"  data-ultimate-target='.uvc-heading.ultimate-heading-836169e0181800d29 h1'  data-responsive-json-new='{\"font-size\":\"desktop:36px;\",\"line-height\":\"\"}' ><h1 style=\"font-weight:bold;\">SEO local pour maisons closes : augmentez la visibilit\u00e9, attirez plus de clients<\/h1><\/div><div class=\"uvc-heading-spacer line_only\" style=\"margin-top:2px;margin-bottom:20px;height:6px;\"><span class=\"uvc-headings-line\" style=\"border-style:double;border-bottom-width:6px;border-color:#ff0000;width:100px;\"><\/span><\/div><\/div>[vc_empty_space height=\u00a0\u00bb12px\u00a0\u00bb][vc_column_text]G\u00e9rer une entreprise de services pour adultes a ses hauts et ses bas, comme toute autre industrie. En tant que propri\u00e9taire d&rsquo;entreprise pour adultes, vous aurez de bons jours o\u00f9 votre maison close sera enti\u00e8rement r\u00e9serv\u00e9e pendant les heures d&rsquo;ouverture et de mauvais jours o\u00f9 il n&rsquo;y a pas une seule r\u00e9servation de toute la journ\u00e9e. La seule raison est la concurrence, et pour battre cette concurrence, vous avez besoin de l&rsquo;aide d&rsquo;une agence <strong>SEO pour maisons closes<\/strong> exp\u00e9riment\u00e9e qui fournit un <strong>SEO local pour maisons closes<\/strong> personnalis\u00e9 afin que vous puissiez attirer l&rsquo;attention des habitants locaux int\u00e9ress\u00e9s par vos services. Il est donc vital de comprendre imm\u00e9diatement comment vous devriez commercialiser votre maison close.[\/vc_column_text][vc_empty_space]<div id=\"ultimate-heading-98169e0181800d65\" class=\"uvc-heading ult-adjust-bottom-margin ultimate-heading-98169e0181800d65 uvc-1306 \" data-hspacer=\"line_only\"  data-halign=\"left\" style=\"text-align:left\"><div class=\"uvc-main-heading ult-responsive\"  data-ultimate-target='.uvc-heading.ultimate-heading-98169e0181800d65 h2'  data-responsive-json-new='{\"font-size\":\"desktop:30px;\",\"line-height\":\"\"}' ><h2 style=\"font-weight:bold;\">Pourquoi le SEO pour maisons closes est-il important pour d\u00e9velopper votre entreprise ?<\/h2><\/div><div class=\"uvc-heading-spacer line_only\" style=\"margin-top:2px;height:6px;\"><span class=\"uvc-headings-line\" style=\"border-style:double;border-bottom-width:6px;border-color:#ff0000;width:100px;\"><\/span><\/div><\/div>[\/vc_column][\/vc_row][vc_row ct_row_stretch=\u00a0\u00bb\u00a0\u00bb css=\u00a0\u00bb.vc_custom_1718974458719{margin-top: 30px !important;}\u00a0\u00bb][vc_column width=\u00a0\u00bb1\/2&Prime;][vc_column_text]Le service SEO pour maisons closes est une industrie de plusieurs milliards de dollars aujourd&rsquo;hui. La num\u00e9risation de ces services a encore contribu\u00e9 \u00e0 faire exploser sa popularit\u00e9. Le marketing Internet, en particulier le SEO pour maisons closes, a \u00e9largi sa port\u00e9e et ses opportunit\u00e9s. \u00ab \u00ab \u00catre vu \u00bb \u00bb par votre public cible est devenu une t\u00e2che difficile. Cependant, un marketing en ligne d\u00e9di\u00e9 aux maisons closes garantit une meilleure notori\u00e9t\u00e9 de marque et des conversions rentables au fil du temps.    <\/p>\n<p>Les maisons closes, agences d&rsquo;escorte et autres branches d&rsquo;entreprises pour adultes adoptent des techniques de marketing personnalis\u00e9es pour l&rsquo;exposition de marque sur les m\u00e9dias web. Une strat\u00e9gie marketing bien planifi\u00e9e d\u00e9ploy\u00e9e par une <a href=\"https:\/\/ladyloveseo.com\/adult-seo-services\/\">agence SEO pour adultes<\/a> exp\u00e9riment\u00e9e peut donner un \u00e9norme coup de pouce \u00e0 votre entreprise de maison close. Elle aidera votre site web de maison close \u00e0 rester dans les premi\u00e8res positions des classements des moteurs de recherche et \u00e0 construire une pr\u00e9sence impactante sur les r\u00e9seaux sociaux pour attirer le maximum de clients organiques. Parce que le SEO, c&rsquo;est quand vous \u00eates vu, vous \u00eates trouv\u00e9.[\/vc_column_text][\/vc_column][vc_column width=\u00a0\u00bb1\/2&Prime; css=\u00a0\u00bb.vc_custom_1543907843111{margin-top: 20px !important;}\u00a0\u00bb][vc_single_image image=\u00a0\u00bb9361&Prime; img_size=\u00a0\u00bblarge\u00a0\u00bb add_caption=\u00a0\u00bbyes\u00a0\u00bb][\/vc_column][\/vc_row][vc_row ct_row_stretch=\u00a0\u00bb\u00a0\u00bb][vc_column][vc_empty_space]<div id=\"ultimate-heading-33469e0181800d82\" class=\"uvc-heading ult-adjust-bottom-margin ultimate-heading-33469e0181800d82 uvc-8156 \" data-hspacer=\"no_spacer\"  data-halign=\"center\" style=\"text-align:center\"><div class=\"uvc-heading-spacer no_spacer\" style=\"top\"><\/div><div class=\"uvc-main-heading ult-responsive\"  data-ultimate-target='.uvc-heading.ultimate-heading-33469e0181800d82 h2'  data-responsive-json-new='{\"font-size\":\"\",\"line-height\":\"\"}' ><h2 style=\"font-weight:bold;color:#000000;\">Conseils SEO pour maisons closes pour une meilleure port\u00e9e en ligne<\/h2><\/div><\/div>[vc_empty_space][vc_column_text]Les lois et r\u00e9glementations entourant la publicit\u00e9 des maisons closes et des services sexuels varient d&rsquo;une r\u00e9gion \u00e0 l&rsquo;autre \u00e0 travers le monde. Ainsi, un <a href=\"http:\/\/www.aliencathouse.com\" target=\"_blank\" rel=\"noopener\">propri\u00e9taire de maison close<\/a> doit toujours \u00eatre prudent sur la fa\u00e7on de se commercialiser et d&rsquo;attirer des clients tout en respectant ces directives. <\/p>\n<ol>\n<li> <span style=\"color: #000000;\"><b> Analyse de la concurrence :<\/b><\/span> Il est toujours pr\u00e9f\u00e9rable de savoir ce que font vos concurrents si vous voulez les battre dans la r\u00e9gion locale ainsi qu&rsquo;en ligne. N&rsquo;h\u00e9sitez jamais \u00e0 mener une analyse de la concurrence pour d\u00e9couvrir ce que font vos maisons closes concurrentes pour se commercialiser et atteindre les prospects. \u00c9valuez si leur strat\u00e9gie est efficace afin que vous puissiez adopter celles qui semblent \u00eatre b\u00e9n\u00e9fiques.  <\/li>\n<li> <span style=\"color: #000000;\"><b> Campagnes marketing :<\/b><\/span> Une campagne marketing pour une maison close ne signifie pas que vous devez montrer des femmes nues portant des v\u00eatements \u00e9rotiques et tenant des jouets sexuels. Au contraire, la campagne doit \u00eatre classe et l\u00e9gale. Vous pouvez cibler le public \u00e0 partir d&rsquo;endroits connexes tels que les <a href=\"https:\/\/ladyloveseo.com\/fr\/services\/services-seo-et-marketing-pour-strip-teaseuses\/\">clubs de strip-tease<\/a> et les bars DJ. Alors, cr\u00e9ez des campagnes innovantes et attrayantes pour attirer l&rsquo;attention et rediriger les prospects vers votre site web.   <\/li>\n<li><span style=\"color: #000000;\"> Contenu pour <b>adultes<\/b> <b>:<\/b><\/span> <span style=\"font-weight: 400;\">Le contenu a un pouvoir immense pour attirer le maximum de visiteurs sur votre site web de maison close et les convertir en prospects. Vous devez investir dans la cr\u00e9ation de blogs \u00e9ditoriaux et cr\u00e9atifs pour attirer les lecteurs. Assurez-vous que le contenu r\u00e9pond aux besoins des hommes et des femmes. Parlez leur langue et commercialisez votre maison close de la mani\u00e8re la plus efficace.   <\/span><\/li>\n<li> <span style=\"color: #000000;\"><b> Satisfaction client :<\/b><\/span> Il est tr\u00e8s essentiel de garder un \u0153il d&rsquo;aigle sur l&rsquo;exp\u00e9rience des clients dans votre maison close. Parfois, un client n&rsquo;est pas satisfait de vos services de maison close et son avis pourrait calomnier votre entreprise de maison close de toutes les mani\u00e8res possibles. Il est donc toujours formidable d&rsquo;\u00eatre pr\u00e9par\u00e9 \u00e0 l&rsquo;avance pour ce type de contr\u00f4le des d\u00e9g\u00e2ts. Offrir un service gratuit au client pour le satisfaire est l&rsquo;une des mesures de s\u00e9curit\u00e9.   <\/li>\n<li> <span style=\"color: #000000;\"><b> Applications mobiles :<\/b><\/span> Les annuaires d&rsquo;escortes, annuaires de maisons closes et autres fournisseurs de services sexuels deviennent num\u00e9riques comme jamais auparavant. Ils ciblent les clients potentiels m\u00eame avec des applications mobiles progressives. La plupart du public web vient maintenant du mobile. Il est vrai que cr\u00e9er une application mobile ne sera pas bon march\u00e9, mais une fois que votre maison close sera l\u00e0-bas avec une UX incroyable et des offres de services, vous commencerez \u00e0 obtenir un bon ROI.   <\/li>\n<\/ol>\n<p>Si vous vous concentrez sur le marketing de vos services de maison close en utilisant les conseils mentionn\u00e9s ci-dessus, les r\u00e9servations et les revenus monteront en fl\u00e8che. Avant de pratiquer toute strat\u00e9gie pour faire conna\u00eetre votre entreprise pour adultes sur le march\u00e9, il est le point le plus important de lire et comprendre les lois et r\u00e9glementations entourant la publicit\u00e9 des maisons closes et des services sexuels dans votre \u00e9tat.[\/vc_column_text][vc_empty_space]<div id=\"ultimate-heading-120869e0181800d98\" class=\"uvc-heading ult-adjust-bottom-margin ultimate-heading-120869e0181800d98 uvc-2552 \" data-hspacer=\"no_spacer\"  data-halign=\"center\" style=\"text-align:center\"><div class=\"uvc-heading-spacer no_spacer\" style=\"top\"><\/div><div class=\"uvc-main-heading ult-responsive\"  data-ultimate-target='.uvc-heading.ultimate-heading-120869e0181800d98 h2'  data-responsive-json-new='{\"font-size\":\"\",\"line-height\":\"\"}' ><h2 style=\"font-weight:bold;color:#000000;\">R\u00f4le des RP et parrainages pour le SEO de maisons closes<\/h2><\/div><\/div>[vc_empty_space][vc_column_text]<span style=\"font-weight: 400;\">Les relations publiques sont une pouss\u00e9e marketing subtile mais puissante. Consid\u00e9rez lancer une campagne de publipostage direct pour livrer des messages marketing de maison close sans restriction \u00e0 votre public cible. Embaucher un consultant en RP avec un budget solide peut \u00eatre tr\u00e8s efficace. Un consultant en RP fera conna\u00eetre vos services de maison close \u00e0 travers une narration artistique, en s&rsquo;assurant que les sc\u00e9narios sont cr\u00e9dibles et objectifs. \u00c9tablir des relations publiques profondes \u00e0 travers un expert est crucial.    <\/span><\/p>\n<p><span style=\"font-weight: 400;\">\u00c0 l&rsquo;\u00e8re actuelle, les parrainages d&rsquo;\u00e9v\u00e9nements et d&rsquo;\u00e9quipes sont des m\u00e9thodes \u00e9prouv\u00e9es pour \u00e9lever le profil public des <strong><a href=\"https:\/\/ladyloveseo.com\/fr\/services\/seo-pour-agences-descortes\/\" target=\"_blank\" rel=\"noopener\">services SEO d&rsquo;escorte<\/a><\/strong> personnels, en particulier pour les maisons closes. Les utilisateurs int\u00e9ress\u00e9s se sentent plus engag\u00e9s et connect\u00e9s quand ils ont la chance d&rsquo;interagir socialement avec des escortes lors d&rsquo;un \u00e9v\u00e9nement. Les parrainages les plus efficaces sont ceux qui se produisent sur une certaine p\u00e9riode plut\u00f4t que d&rsquo;\u00eatre limit\u00e9s \u00e0 un \u00e9v\u00e9nement ponctuel.  <\/span>[\/vc_column_text][vc_empty_space]<div id=\"ultimate-heading-621469e0181800dac\" class=\"uvc-heading ult-adjust-bottom-margin ultimate-heading-621469e0181800dac uvc-6912 \" data-hspacer=\"no_spacer\"  data-halign=\"center\" style=\"text-align:center\"><div class=\"uvc-heading-spacer no_spacer\" style=\"top\"><\/div><div class=\"uvc-main-heading ult-responsive\"  data-ultimate-target='.uvc-heading.ultimate-heading-621469e0181800dac h2'  data-responsive-json-new='{\"font-size\":\"\",\"line-height\":\"\"}' ><h2 style=\"font-weight:bold;color:#000000;\">Boostez votre maison close : marketing efficace pour battre la concurrence<\/h2><\/div><\/div>[vc_empty_space][vc_column_text]<span style=\"font-weight: 400;\">L&rsquo;entreprise de maison close ne peut \u00eatre rentable qu&rsquo;avec un afflux d&rsquo;appels illimit\u00e9s de clients int\u00e9ress\u00e9s r\u00e9servant vos escortes. Par cons\u00e9quent, vous devez mener une campagne marketing efficace pour augmenter massivement le nombre d&rsquo;appels chaque jour. La concurrence en ligne parmi les agences d&rsquo;escorte est intense, avec de nouveaux entrants apparaissant chaque semaine, essayant de nouvelles m\u00e9thodes et d\u00e9pensant de gros budgets marketing pour concourir pour les premi\u00e8res positions dans les r\u00e9sultats de recherche Google. Ceux qui ne s\u00e9curisent pas ces premi\u00e8res positions seront laiss\u00e9s pour compte, et leur entreprise de maison close pourrait \u00e9ventuellement faire face \u00e0 une chute.   <\/span>[\/vc_column_text][vc_empty_space height=\u00a0\u00bb20px\u00a0\u00bb]<div id=\"ultimate-heading-963469e0181800dbf\" class=\"uvc-heading ult-adjust-bottom-margin ultimate-heading-963469e0181800dbf uvc-9584 \" data-hspacer=\"no_spacer\"  data-halign=\"center\" style=\"text-align:center\"><div class=\"uvc-heading-spacer no_spacer\" style=\"top\"><\/div><div class=\"uvc-main-heading ult-responsive\"  data-ultimate-target='.uvc-heading.ultimate-heading-963469e0181800dbf h2'  data-responsive-json-new='{\"font-size\":\"\",\"line-height\":\"\"}' ><h2 style=\"font-weight:bold;color:#000000;\">Programmes d&#039;affiliation pour adultes<\/h2><\/div><\/div>[vc_empty_space][vc_column_text]Le trafic pour adultes est l&rsquo;un des aspects les plus remarquables du marketing d&rsquo;affiliation. Les agences d&rsquo;escorte, le SEO de maisons closes et tous les autres sites web de divertissement pour adultes obtiennent plus de visiteurs par mois que les sites de vente au d\u00e9tail typiques. L&rsquo;entreprise de maison close en ligne vaut des milliards de dollars, gr\u00e2ce \u00e0 la publicit\u00e9.  <\/p>\n<p>Cependant, vous devriez aussi comprendre que le trafic pour adultes ne vient pas uniquement des publicit\u00e9s plac\u00e9es sur les sites pornographiques, mais les sites de rencontres en ligne, applications et plateformes y contribuent aussi. Ce qui est le point le plus b\u00e9n\u00e9fique pour le marketing d&rsquo;affiliation dans la niche adulte est que les r\u00e8gles sont moins strictes et le trafic est tout simplement \u00e9norme. <\/p>\n<p>Par-dessus tout, vous devez r\u00e9aliser que la niche adulte est remplie de spam. Donc, pour trouver toute information qualitative, vous devrez passer \u00e0 travers beaucoup de d\u00e9sordre, qui inclut des liens d&rsquo;app\u00e2t \u00e0 clics. Il n&rsquo;y a pas d&rsquo;instructions claires. Toute l&rsquo;information requise par vous pour commercialiser votre maison close est enterr\u00e9e dans diff\u00e9rents forums sous des noms anonymes. Par cons\u00e9quent, vous devez \u00eatre tr\u00e8s sceptique.    <\/p>\n<p>Les meilleures publicit\u00e9s sur les sites de divertissement pour adultes sont con\u00e7ues de mani\u00e8re attrayante. Le fait est que les clients qui sont int\u00e9ress\u00e9s par les services de maison close sont g\u00e9n\u00e9ralement concentr\u00e9s sur le contenu textuel et graphique qu&rsquo;ils recherchent et seule quelque chose d&rsquo;\u00e9trange et d&rsquo;\u00e9rotique peut les distraire du point.[\/vc_column_text][vc_empty_space]<div id=\"ultimate-heading-420769e0181800dde\" class=\"uvc-heading ult-adjust-bottom-margin ultimate-heading-420769e0181800dde uvc-8889 \" data-hspacer=\"no_spacer\"  data-halign=\"center\" style=\"text-align:center\"><div class=\"uvc-heading-spacer no_spacer\" style=\"top\"><\/div><div class=\"uvc-main-heading ult-responsive\"  data-ultimate-target='.uvc-heading.ultimate-heading-420769e0181800dde h2'  data-responsive-json-new='{\"font-size\":\"\",\"line-height\":\"\"}' ><h2 style=\"font-weight:bold;color:#000000;\">La g\u00e9olocalisation est cruciale dans le SEO local de maisons closes<\/h2><\/div><\/div>[vc_empty_space][vc_column_text]Le marketing de maison close d\u00e9pend fortement de la g\u00e9olocalisation. Les \u00c9tats-Unis, le Royaume-Uni, l&rsquo;Australie, le Canada, l&rsquo;Allemagne et la France sont consid\u00e9r\u00e9s comme les emplacements les plus b\u00e9n\u00e9fiques pour les annonceurs adultes, mais ces pays ont une concurrence publicitaire tr\u00e8s \u00e9lev\u00e9e pour cette niche. <\/p>\n<p>Dans certains autres pays, comme la Turquie, la Russie, l&rsquo;Argentine, ainsi que l&rsquo;Afrique du Sud, le trafic pour adultes n&rsquo;est pas si significatif. Le trafic pour adultes est assez \u00e9quitable en Norv\u00e8ge, Su\u00e8de, Danemark, Br\u00e9sil et aux Pays-Bas. <\/p>\n<p>N\u00e9anmoins, d\u00e9terminez votre emplacement cible et d\u00e9ployez la campagne marketing de maison close locale en cons\u00e9quence. Quand vous \u00eates s\u00fbr de la r\u00e9gion prospect, listez la maison close dans Google Maps avec un NAP pr\u00e9cis (Nom, Adresse et Num\u00e9ro de t\u00e9l\u00e9phone). Lors de la mise \u00e0 jour de la fiche Google My Business, mettez \u00e0 jour les d\u00e9tails de cat\u00e9gorie demand\u00e9s et la description d&rsquo;entreprise de mani\u00e8re concise en incluant les mots-cl\u00e9s cibles. Toute cette information permettra au crawler de consid\u00e9rer votre maison close correctement afin qu&rsquo;elle puisse \u00eatre affich\u00e9e sur les \u00e9crans d&rsquo;ordinateur et mobile du public cible quand ils recherchent des entreprises connexes.   <\/p>\n<p>Une fonctionnalit\u00e9 incroyable offerte par Google My Business est les \u00ab \u00ab publications \u00bb. \u00bb Vous devez publier de petits posts textuels avec des hashtags appropri\u00e9s et des photos HD de maison close ou d&rsquo;escorte pour informer le crawler que vous \u00eates curieux de garder les d\u00e9tails de votre fiche \u00e0 jour. De plus, une fois que vos utilisateurs prospects commenceront \u00e0 les voir, ils se sentiront engag\u00e9s et il y a une tr\u00e8s haute probabilit\u00e9 qu&rsquo;ils cliquent sur votre fiche pour obtenir des directions pour visiter votre maison close. Un point important \u00e0 consid\u00e9rer ici est d&rsquo;utiliser toujours des mots-cl\u00e9s bas\u00e9s sur l&#8217;emplacement pour mettre \u00e0 jour la fiche et les publications.[\/vc_column_text][vc_empty_space][vc_message message_box_style=\u00a0\u00bbsolid\u00a0\u00bb message_box_color=\u00a0\u00bbalert-info\u00a0\u00bb icon_type=\u00a0\u00bbpixelicons\u00a0\u00bb icon_pixelicons=\u00a0\u00bbvc_pixel_icon vc_pixel_icon-balloon\u00a0\u00bb]<b>Discutez de vos besoins SEO de maison close avec nous !<\/b>[\/vc_message][vc_column_text css=\u00a0\u00bb.vc_custom_1573536708048{padding-top: 0px !important;padding-right: 20px !important;padding-bottom: 20px !important;padding-left: 20px !important;background-color: #ffffff !important;}\u00a0\u00bb]Au final, tout est question de pratiquer des processus marketing \u00e9thiques lors de la publicit\u00e9 de votre maison close en ligne. Assurez-vous que votre campagne marketing ne d\u00e9passe pas les limites fix\u00e9es par la l\u00e9gislation de l&rsquo;\u00e9tat, sinon vous ferez face \u00e0 des r\u00e9sultats n\u00e9gatifs.[\/vc_column_text][vc_cta h2=\u00a0\u00bbEn tant qu&apos;entreprise SEO pour maisons closes leader, nous comblons le foss\u00e9 entre votre site web d&apos;escorte et son public cible.\u00a0\u00bb txt_align=\u00a0\u00bbcenter\u00a0\u00bb style=\u00a0\u00bb3d\u00a0\u00bb color=\u00a0\u00bbpink\u00a0\u00bb css=\u00a0\u00bb\u00a0\u00bb]\n<h3 style=\"text-align: center;\"><span style=\"color: #ffffff;\"><strong>E-mail &#8211; <a style=\"color: #ffffff;\" href=\"mailto:contact@ladyloveseo.com\">contact@ladyloveseo.com<\/a><\/strong><\/span><br \/>\n<a href=\"https:\/\/wa.me\/+919878700524?text=Hello!%20I%20need%20your%20service\" target=\"_blank\" rel=\"noopener\"><span style=\"color: #ffffff;\"><strong>d\u00e9marrer chat whatsapp<\/strong><\/span><\/a><\/h3>\n[\/vc_cta][vc_empty_space][vc_column_text]\n<h1><b>Questions fr\u00e9quemment pos\u00e9es sur le SEO pour maisons closes<\/b><\/h1>\n[\/vc_column_text][vc_empty_space][vc_toggle title=\u00a0\u00bbQu&apos;est-ce que le SEO pour maisons closes ?\u00a0\u00bb]<span style=\"font-weight: 400;\">Le SEO pour maisons closes optimise votre site web pour am\u00e9liorer sa visibilit\u00e9 dans les r\u00e9sultats des moteurs de recherche, attirant plus de clients potentiels gr\u00e2ce \u00e0 l&rsquo;optimisation des mots-cl\u00e9s et du contenu.<\/span>[\/vc_toggle][vc_toggle title=\u00a0\u00bbPourquoi le SEO est-il important pour une entreprise de maison close ?\u00a0\u00bb]<span style=\"font-weight: 400;\">Le SEO booste votre visibilit\u00e9 en ligne, facilitant la recherche de vos services par les clients et menant \u00e0 une augmentation des r\u00e9servations et de la croissance de l&rsquo;entreprise.<\/span>[\/vc_toggle][vc_toggle title=\u00a0\u00bbQuelles sont les strat\u00e9gies SEO cl\u00e9s pour les maisons closes ?\u00a0\u00bb]<span style=\"font-weight: 400;\">Les strat\u00e9gies cl\u00e9s incluent l&rsquo;optimisation des mots-cl\u00e9s, le SEO local, des backlinks de haute qualit\u00e9, et s&rsquo;assurer d&rsquo;un site web adapt\u00e9 aux mobiles et \u00e0 chargement rapide.<\/span>[\/vc_toggle][vc_toggle title=\u00a0\u00bbCombien de temps faut-il pour voir les r\u00e9sultats des efforts SEO ?\u00a0\u00bb]<span style=\"font-weight: 400;\">Le SEO prend g\u00e9n\u00e9ralement quelques mois pour montrer des r\u00e9sultats, selon des facteurs comme la concurrence et l&rsquo;efficacit\u00e9 de vos strat\u00e9gies.<\/span>[\/vc_toggle][vc_toggle title=\u00a0\u00bbQuel r\u00f4le jouent les backlinks dans le SEO pour maisons closes ?\u00a0\u00bb]<span style=\"font-weight: 400;\">Les backlinks de sites r\u00e9put\u00e9s am\u00e9liorent l&rsquo;autorit\u00e9 de votre site et peuvent am\u00e9liorer les classements des moteurs de recherche, g\u00e9n\u00e9rant plus de trafic vers le site web de votre maison close.<\/span>[\/vc_toggle][\/vc_column][\/vc_row]\n<\/div>","protected":false},"excerpt":{"rendered":"<p>[vc_row ct_row_stretch=\u00a0\u00bb\u00a0\u00bb css=\u00a0\u00bb.vc_custom_1543906707815{margin-top: 40px !important;}\u00a0\u00bb][vc_column][vc_empty_space height=\u00a0\u00bb60&Prime;][vc_empty_space height=\u00a0\u00bb12px\u00a0\u00bb][vc_column_text]G\u00e9rer une entreprise de services pour adultes a ses hauts et ses bas, comme toute autre industrie. En tant que propri\u00e9taire d&rsquo;entreprise pour adultes, vous aurez de bons jours o\u00f9 votre maison close sera enti\u00e8rement r\u00e9serv\u00e9e pendant les heures d&rsquo;ouverture et de mauvais jours o\u00f9 il n&rsquo;y a pas &#8230;<\/p>\n","protected":false},"author":1,"featured_media":0,"parent":0,"menu_order":0,"comment_status":"closed","ping_status":"closed","template":"","meta":{"footnotes":""},"class_list":["post-11531","page","type-page","status-publish","hentry"],"jetpack_sharing_enabled":true,"_links":{"self":[{"href":"https:\/\/ladyloveseo.com\/fr\/wp-json\/wp\/v2\/pages\/11531","targetHints":{"allow":["GET"]}}],"collection":[{"href":"https:\/\/ladyloveseo.com\/fr\/wp-json\/wp\/v2\/pages"}],"about":[{"href":"https:\/\/ladyloveseo.com\/fr\/wp-json\/wp\/v2\/types\/page"}],"author":[{"embeddable":true,"href":"https:\/\/ladyloveseo.com\/fr\/wp-json\/wp\/v2\/users\/1"}],"replies":[{"embeddable":true,"href":"https:\/\/ladyloveseo.com\/fr\/wp-json\/wp\/v2\/comments?post=11531"}],"version-history":[{"count":2,"href":"https:\/\/ladyloveseo.com\/fr\/wp-json\/wp\/v2\/pages\/11531\/revisions"}],"predecessor-version":[{"id":11533,"href":"https:\/\/ladyloveseo.com\/fr\/wp-json\/wp\/v2\/pages\/11531\/revisions\/11533"}],"wp:attachment":[{"href":"https:\/\/ladyloveseo.com\/fr\/wp-json\/wp\/v2\/media?parent=11531"}],"curies":[{"name":"wp","href":"https:\/\/api.w.org\/{rel}","templated":true}]}}